{"id":69,"date":"2025-12-30T06:49:03","date_gmt":"2025-12-30T06:49:03","guid":{"rendered":"https:\/\/lanternboutiquehoian.ms2.decms.asia\/lantern-wellness-spa\/"},"modified":"2026-04-17T03:35:28","modified_gmt":"2026-04-17T03:35:28","slug":"lantern-wellness-spa","status":"publish","type":"page","link":"https:\/\/www.lanternboutiquehoian.com\/vi\/lantern-wellness-spa\/","title":{"rendered":"Lantern Wellness Spa"},"content":{"rendered":"<p style=\"text-align: center\">T\u0129nh l\u1eb7ng trong t\u00e2m tr\u00ed v\u00e0 g\u1ea1t b\u1ecf \u00e2u lo t\u1ea1i \u0111\u00e2y.<\/p>\n<p style=\"text-align: center\">D\u1ecbu nh\u1eb9 s\u1eafc h\u01b0\u01a1ng th\u1ea3o m\u1ed9c truy\u1ec1n th\u1ed1ng s\u1ebd gi\u00fap b\u1ea1n khai m\u1edf s\u1ef1 s\u00e1ng t\u1ea1o v\u00e0 c\u00e1c gi\u00e1c quan. K\u1ebft th\u00fac m\u1ed9t ng\u00e0y ho\u00e0n h\u1ea3o.<\/p>\n<p style=\"text-align: center\"><strong>V\u1ecb tr\u00ed:<\/strong> T\u1ea7ng 2<br \/>\n<strong>Th\u1eddi gian ho\u1ea1t \u0111\u1ed9ng:<\/strong> 09:00 &#8211; 21:00<\/p>\n","protected":false},"excerpt":{"rendered":"<p>T\u0129nh l\u1eb7ng trong t\u00e2m tr\u00ed v\u00e0 g\u1ea1t b\u1ecf \u00e2u lo t\u1ea1i \u0111\u00e2y. D\u1ecbu nh\u1eb9 s\u1eafc h\u01b0\u01a1ng th\u1ea3o m\u1ed9c truy\u1ec1n th\u1ed1ng s\u1ebd gi\u00fap b\u1ea1n khai m\u1edf s\u1ef1 s\u00e1ng t\u1ea1o v\u00e0 c\u00e1c gi\u00e1c quan. K\u1ebft th\u00fac m\u1ed9t ng\u00e0y ho\u00e0n h\u1ea3o. V\u1ecb tr\u00ed: T\u1ea7ng 2 Th\u1eddi gian ho\u1ea1t \u0111\u1ed9ng: 09:00 &#8211; 21:00<\/p>\n","protected":false},"author":8,"featured_media":0,"parent":0,"menu_order":0,"comment_status":"closed","ping_status":"closed","template":"template-spa.php","meta":{"footnotes":""},"yoast_head":"<!-- This site is optimized with the Yoast SEO plugin v22.3 - https:\/\/yoast.com\/wordpress\/plugins\/seo\/ -->\n<title>Lantern Wellness Spa - Lantern Boutique Hoi An<\/title>\n<meta name=\"robots\" content=\"index, follow, max-snippet:-1, max-image-preview:large, max-video-preview:-1\" \/>\n<link rel=\"canonical\" href=\"https:\/\/www.lanternboutiquehoian.com\/vi\/lantern-wellness-spa\/\" \/>\n<meta property=\"og:locale\" content=\"vi_VN\" \/>\n<meta property=\"og:type\" content=\"article\" \/>\n<meta property=\"og:title\" content=\"Lantern Wellness Spa - Lantern Boutique Hoi An\" \/>\n<meta property=\"og:description\" content=\"T\u0129nh l\u1eb7ng trong t\u00e2m tr\u00ed v\u00e0 g\u1ea1t b\u1ecf \u00e2u lo t\u1ea1i \u0111\u00e2y. D\u1ecbu nh\u1eb9 s\u1eafc h\u01b0\u01a1ng th\u1ea3o m\u1ed9c truy\u1ec1n th\u1ed1ng s\u1ebd gi\u00fap b\u1ea1n khai m\u1edf s\u1ef1 s\u00e1ng t\u1ea1o v\u00e0 c\u00e1c gi\u00e1c quan. K\u1ebft th\u00fac m\u1ed9t ng\u00e0y ho\u00e0n h\u1ea3o. V\u1ecb tr\u00ed: T\u1ea7ng 2 Th\u1eddi gian ho\u1ea1t \u0111\u1ed9ng: 09:00 &#8211; 21:00\" \/>\n<meta property=\"og:url\" content=\"https:\/\/www.lanternboutiquehoian.com\/vi\/lantern-wellness-spa\/\" \/>\n<meta property=\"og:site_name\" content=\"Lantern Boutique Hoi An\" \/>\n<meta property=\"article:modified_time\" content=\"2026-04-17T03:35:28+00:00\" \/>\n<meta name=\"twitter:card\" content=\"summary_large_image\" \/>\n<meta name=\"twitter:label1\" content=\"Est. reading time\" \/>\n\t<meta name=\"twitter:data1\" content=\"1 minute\" \/>\n<script type=\"application\/ld+json\" class=\"yoast-schema-graph\">{\"@context\":\"https:\/\/schema.org\",\"@graph\":[{\"@type\":\"WebPage\",\"@id\":\"https:\/\/www.lanternboutiquehoian.com\/vi\/lantern-wellness-spa\/\",\"url\":\"https:\/\/www.lanternboutiquehoian.com\/vi\/lantern-wellness-spa\/\",\"name\":\"Lantern Wellness Spa - Lantern Boutique Hoi An\",\"isPartOf\":{\"@id\":\"https:\/\/www.lanternboutiquehoian.com\/vi\/#website\"},\"datePublished\":\"2025-12-30T06:49:03+00:00\",\"dateModified\":\"2026-04-17T03:35:28+00:00\",\"breadcrumb\":{\"@id\":\"https:\/\/www.lanternboutiquehoian.com\/vi\/lantern-wellness-spa\/#breadcrumb\"},\"inLanguage\":\"vi-VN\",\"potentialAction\":[{\"@type\":\"ReadAction\",\"target\":[\"https:\/\/www.lanternboutiquehoian.com\/vi\/lantern-wellness-spa\/\"]}]},{\"@type\":\"BreadcrumbList\",\"@id\":\"https:\/\/www.lanternboutiquehoian.com\/vi\/lantern-wellness-spa\/#breadcrumb\",\"itemListElement\":[{\"@type\":\"ListItem\",\"position\":1,\"name\":\"Home\",\"item\":\"https:\/\/www.lanternboutiquehoian.com\/vi\/\"},{\"@type\":\"ListItem\",\"position\":2,\"name\":\"Lantern Wellness Spa\"}]},{\"@type\":\"WebSite\",\"@id\":\"https:\/\/www.lanternboutiquehoian.com\/vi\/#website\",\"url\":\"https:\/\/www.lanternboutiquehoian.com\/vi\/\",\"name\":\"Lantern Boutique Hoi An\",\"description\":\"\",\"potentialAction\":[{\"@type\":\"SearchAction\",\"target\":{\"@type\":\"EntryPoint\",\"urlTemplate\":\"https:\/\/www.lanternboutiquehoian.com\/vi\/?s={search_term_string}\"},\"query-input\":\"required name=search_term_string\"}],\"inLanguage\":\"vi-VN\"}]}<\/script>\n<!-- \/ Yoast SEO plugin. -->","yoast_head_json":{"title":"Lantern Wellness Spa - Lantern Boutique Hoi An","robots":{"index":"index","follow":"follow","max-snippet":"max-snippet:-1","max-image-preview":"max-image-preview:large","max-video-preview":"max-video-preview:-1"},"canonical":"https:\/\/www.lanternboutiquehoian.com\/vi\/lantern-wellness-spa\/","og_locale":"vi_VN","og_type":"article","og_title":"Lantern Wellness Spa - Lantern Boutique Hoi An","og_description":"T\u0129nh l\u1eb7ng trong t\u00e2m tr\u00ed v\u00e0 g\u1ea1t b\u1ecf \u00e2u lo t\u1ea1i \u0111\u00e2y. D\u1ecbu nh\u1eb9 s\u1eafc h\u01b0\u01a1ng th\u1ea3o m\u1ed9c truy\u1ec1n th\u1ed1ng s\u1ebd gi\u00fap b\u1ea1n khai m\u1edf s\u1ef1 s\u00e1ng t\u1ea1o v\u00e0 c\u00e1c gi\u00e1c quan. K\u1ebft th\u00fac m\u1ed9t ng\u00e0y ho\u00e0n h\u1ea3o. V\u1ecb tr\u00ed: T\u1ea7ng 2 Th\u1eddi gian ho\u1ea1t \u0111\u1ed9ng: 09:00 &#8211; 21:00","og_url":"https:\/\/www.lanternboutiquehoian.com\/vi\/lantern-wellness-spa\/","og_site_name":"Lantern Boutique Hoi An","article_modified_time":"2026-04-17T03:35:28+00:00","twitter_card":"summary_large_image","twitter_misc":{"Est. reading time":"1 minute"},"schema":{"@context":"https:\/\/schema.org","@graph":[{"@type":"WebPage","@id":"https:\/\/www.lanternboutiquehoian.com\/vi\/lantern-wellness-spa\/","url":"https:\/\/www.lanternboutiquehoian.com\/vi\/lantern-wellness-spa\/","name":"Lantern Wellness Spa - Lantern Boutique Hoi An","isPartOf":{"@id":"https:\/\/www.lanternboutiquehoian.com\/vi\/#website"},"datePublished":"2025-12-30T06:49:03+00:00","dateModified":"2026-04-17T03:35:28+00:00","breadcrumb":{"@id":"https:\/\/www.lanternboutiquehoian.com\/vi\/lantern-wellness-spa\/#breadcrumb"},"inLanguage":"vi-VN","potentialAction":[{"@type":"ReadAction","target":["https:\/\/www.lanternboutiquehoian.com\/vi\/lantern-wellness-spa\/"]}]},{"@type":"BreadcrumbList","@id":"https:\/\/www.lanternboutiquehoian.com\/vi\/lantern-wellness-spa\/#breadcrumb","itemListElement":[{"@type":"ListItem","position":1,"name":"Home","item":"https:\/\/www.lanternboutiquehoian.com\/vi\/"},{"@type":"ListItem","position":2,"name":"Lantern Wellness Spa"}]},{"@type":"WebSite","@id":"https:\/\/www.lanternboutiquehoian.com\/vi\/#website","url":"https:\/\/www.lanternboutiquehoian.com\/vi\/","name":"Lantern Boutique Hoi An","description":"","potentialAction":[{"@type":"SearchAction","target":{"@type":"EntryPoint","urlTemplate":"https:\/\/www.lanternboutiquehoian.com\/vi\/?s={search_term_string}"},"query-input":"required name=search_term_string"}],"inLanguage":"vi-VN"}]}},"acf":[],"_links":{"self":[{"href":"https:\/\/www.lanternboutiquehoian.com\/vi\/wp-json\/wp\/v2\/pages\/69"}],"collection":[{"href":"https:\/\/www.lanternboutiquehoian.com\/vi\/wp-json\/wp\/v2\/pages"}],"about":[{"href":"https:\/\/www.lanternboutiquehoian.com\/vi\/wp-json\/wp\/v2\/types\/page"}],"author":[{"embeddable":true,"href":"https:\/\/www.lanternboutiquehoian.com\/vi\/wp-json\/wp\/v2\/users\/8"}],"replies":[{"embeddable":true,"href":"https:\/\/www.lanternboutiquehoian.com\/vi\/wp-json\/wp\/v2\/comments?post=69"}],"version-history":[{"count":0,"href":"https:\/\/www.lanternboutiquehoian.com\/vi\/wp-json\/wp\/v2\/pages\/69\/revisions"}],"wp:attachment":[{"href":"https:\/\/www.lanternboutiquehoian.com\/vi\/wp-json\/wp\/v2\/media?parent=69"}],"curies":[{"name":"wp","href":"https:\/\/api.w.org\/{rel}","templated":true}]}}