{"id":65,"date":"2025-12-30T06:45:36","date_gmt":"2025-12-30T06:45:36","guid":{"rendered":"https:\/\/lanternboutiquehoian.ms2.decms.asia\/services-facilities\/laundry\/"},"modified":"2026-04-04T04:08:03","modified_gmt":"2026-04-04T04:08:03","slug":"laundry","status":"publish","type":"page","link":"https:\/\/www.lanternboutiquehoian.com\/vi\/services-facilities\/laundry\/","title":{"rendered":"Gi\u1eb7t \u1ee7i"},"content":{"rendered":"<p style=\"text-align: center\">\u0110\u1ea3m b\u1ea3o qu\u1ea7n \u00e1o lu\u00f4n \u0111\u01b0\u1ee3c gi\u1eb7t s\u1ea1ch v\u00e0 l\u00e0 th\u1eb3ng m\u01b0\u1ee3t m\u00e0 m\u1ed7i ng\u00e0y v\u1edbi d\u1ecbch v\u1ee5 gi\u1eb7t \u1ee7i t\u1ea1i Lantern Boutique Hoi An.<\/p>\n","protected":false},"excerpt":{"rendered":"<p>\u0110\u1ea3m b\u1ea3o qu\u1ea7n \u00e1o lu\u00f4n \u0111\u01b0\u1ee3c gi\u1eb7t s\u1ea1ch v\u00e0 l\u00e0 th\u1eb3ng m\u01b0\u1ee3t m\u00e0 m\u1ed7i ng\u00e0y v\u1edbi d\u1ecbch v\u1ee5 gi\u1eb7t \u1ee7i t\u1ea1i Lantern Boutique Hoi An.<\/p>\n","protected":false},"author":8,"featured_media":0,"parent":42,"menu_order":0,"comment_status":"closed","ping_status":"closed","template":"template-single-service.php","meta":{"footnotes":""},"yoast_head":"<!-- This site is optimized with the Yoast SEO plugin v22.3 - https:\/\/yoast.com\/wordpress\/plugins\/seo\/ -->\n<title>Gi\u1eb7t \u1ee7i - Lantern Boutique Hoi An<\/title>\n<meta name=\"robots\" content=\"index, follow, max-snippet:-1, max-image-preview:large, max-video-preview:-1\" \/>\n<link rel=\"canonical\" href=\"https:\/\/www.lanternboutiquehoian.com\/vi\/services-facilities\/laundry\/\" \/>\n<meta property=\"og:locale\" content=\"vi_VN\" \/>\n<meta property=\"og:type\" content=\"article\" \/>\n<meta property=\"og:title\" content=\"Gi\u1eb7t \u1ee7i - Lantern Boutique Hoi An\" \/>\n<meta property=\"og:description\" content=\"\u0110\u1ea3m b\u1ea3o qu\u1ea7n \u00e1o lu\u00f4n \u0111\u01b0\u1ee3c gi\u1eb7t s\u1ea1ch v\u00e0 l\u00e0 th\u1eb3ng m\u01b0\u1ee3t m\u00e0 m\u1ed7i ng\u00e0y v\u1edbi d\u1ecbch v\u1ee5 gi\u1eb7t \u1ee7i t\u1ea1i Lantern Boutique Hoi An.\" \/>\n<meta property=\"og:url\" content=\"https:\/\/www.lanternboutiquehoian.com\/vi\/services-facilities\/laundry\/\" \/>\n<meta property=\"og:site_name\" content=\"Lantern Boutique Hoi An\" \/>\n<meta property=\"article:modified_time\" content=\"2026-04-04T04:08:03+00:00\" \/>\n<meta name=\"twitter:card\" content=\"summary_large_image\" \/>\n<meta name=\"twitter:label1\" content=\"Est. reading time\" \/>\n\t<meta name=\"twitter:data1\" content=\"1 minute\" \/>\n<script type=\"application\/ld+json\" class=\"yoast-schema-graph\">{\"@context\":\"https:\/\/schema.org\",\"@graph\":[{\"@type\":\"WebPage\",\"@id\":\"https:\/\/www.lanternboutiquehoian.com\/vi\/services-facilities\/laundry\/\",\"url\":\"https:\/\/www.lanternboutiquehoian.com\/vi\/services-facilities\/laundry\/\",\"name\":\"Gi\u1eb7t \u1ee7i - Lantern Boutique Hoi An\",\"isPartOf\":{\"@id\":\"https:\/\/www.lanternboutiquehoian.com\/vi\/#website\"},\"datePublished\":\"2025-12-30T06:45:36+00:00\",\"dateModified\":\"2026-04-04T04:08:03+00:00\",\"breadcrumb\":{\"@id\":\"https:\/\/www.lanternboutiquehoian.com\/vi\/services-facilities\/laundry\/#breadcrumb\"},\"inLanguage\":\"vi-VN\",\"potentialAction\":[{\"@type\":\"ReadAction\",\"target\":[\"https:\/\/www.lanternboutiquehoian.com\/vi\/services-facilities\/laundry\/\"]}]},{\"@type\":\"BreadcrumbList\",\"@id\":\"https:\/\/www.lanternboutiquehoian.com\/vi\/services-facilities\/laundry\/#breadcrumb\",\"itemListElement\":[{\"@type\":\"ListItem\",\"position\":1,\"name\":\"Home\",\"item\":\"https:\/\/www.lanternboutiquehoian.com\/vi\/\"},{\"@type\":\"ListItem\",\"position\":2,\"name\":\"D\u1ecbch v\u1ee5 &#038; Ti\u1ec7n \u00edch\",\"item\":\"https:\/\/www.lanternboutiquehoian.com\/vi\/services-facilities\/\"},{\"@type\":\"ListItem\",\"position\":3,\"name\":\"Gi\u1eb7t \u1ee7i\"}]},{\"@type\":\"WebSite\",\"@id\":\"https:\/\/www.lanternboutiquehoian.com\/vi\/#website\",\"url\":\"https:\/\/www.lanternboutiquehoian.com\/vi\/\",\"name\":\"Lantern Boutique Hoi An\",\"description\":\"\",\"potentialAction\":[{\"@type\":\"SearchAction\",\"target\":{\"@type\":\"EntryPoint\",\"urlTemplate\":\"https:\/\/www.lanternboutiquehoian.com\/vi\/?s={search_term_string}\"},\"query-input\":\"required name=search_term_string\"}],\"inLanguage\":\"vi-VN\"}]}<\/script>\n<!-- \/ Yoast SEO plugin. -->","yoast_head_json":{"title":"Gi\u1eb7t \u1ee7i - Lantern Boutique Hoi An","robots":{"index":"index","follow":"follow","max-snippet":"max-snippet:-1","max-image-preview":"max-image-preview:large","max-video-preview":"max-video-preview:-1"},"canonical":"https:\/\/www.lanternboutiquehoian.com\/vi\/services-facilities\/laundry\/","og_locale":"vi_VN","og_type":"article","og_title":"Gi\u1eb7t \u1ee7i - Lantern Boutique Hoi An","og_description":"\u0110\u1ea3m b\u1ea3o qu\u1ea7n \u00e1o lu\u00f4n \u0111\u01b0\u1ee3c gi\u1eb7t s\u1ea1ch v\u00e0 l\u00e0 th\u1eb3ng m\u01b0\u1ee3t m\u00e0 m\u1ed7i ng\u00e0y v\u1edbi d\u1ecbch v\u1ee5 gi\u1eb7t \u1ee7i t\u1ea1i Lantern Boutique Hoi An.","og_url":"https:\/\/www.lanternboutiquehoian.com\/vi\/services-facilities\/laundry\/","og_site_name":"Lantern Boutique Hoi An","article_modified_time":"2026-04-04T04:08:03+00:00","twitter_card":"summary_large_image","twitter_misc":{"Est. reading time":"1 minute"},"schema":{"@context":"https:\/\/schema.org","@graph":[{"@type":"WebPage","@id":"https:\/\/www.lanternboutiquehoian.com\/vi\/services-facilities\/laundry\/","url":"https:\/\/www.lanternboutiquehoian.com\/vi\/services-facilities\/laundry\/","name":"Gi\u1eb7t \u1ee7i - Lantern Boutique Hoi An","isPartOf":{"@id":"https:\/\/www.lanternboutiquehoian.com\/vi\/#website"},"datePublished":"2025-12-30T06:45:36+00:00","dateModified":"2026-04-04T04:08:03+00:00","breadcrumb":{"@id":"https:\/\/www.lanternboutiquehoian.com\/vi\/services-facilities\/laundry\/#breadcrumb"},"inLanguage":"vi-VN","potentialAction":[{"@type":"ReadAction","target":["https:\/\/www.lanternboutiquehoian.com\/vi\/services-facilities\/laundry\/"]}]},{"@type":"BreadcrumbList","@id":"https:\/\/www.lanternboutiquehoian.com\/vi\/services-facilities\/laundry\/#breadcrumb","itemListElement":[{"@type":"ListItem","position":1,"name":"Home","item":"https:\/\/www.lanternboutiquehoian.com\/vi\/"},{"@type":"ListItem","position":2,"name":"D\u1ecbch v\u1ee5 &#038; Ti\u1ec7n \u00edch","item":"https:\/\/www.lanternboutiquehoian.com\/vi\/services-facilities\/"},{"@type":"ListItem","position":3,"name":"Gi\u1eb7t \u1ee7i"}]},{"@type":"WebSite","@id":"https:\/\/www.lanternboutiquehoian.com\/vi\/#website","url":"https:\/\/www.lanternboutiquehoian.com\/vi\/","name":"Lantern Boutique Hoi An","description":"","potentialAction":[{"@type":"SearchAction","target":{"@type":"EntryPoint","urlTemplate":"https:\/\/www.lanternboutiquehoian.com\/vi\/?s={search_term_string}"},"query-input":"required name=search_term_string"}],"inLanguage":"vi-VN"}]}},"acf":[],"_links":{"self":[{"href":"https:\/\/www.lanternboutiquehoian.com\/vi\/wp-json\/wp\/v2\/pages\/65"}],"collection":[{"href":"https:\/\/www.lanternboutiquehoian.com\/vi\/wp-json\/wp\/v2\/pages"}],"about":[{"href":"https:\/\/www.lanternboutiquehoian.com\/vi\/wp-json\/wp\/v2\/types\/page"}],"author":[{"embeddable":true,"href":"https:\/\/www.lanternboutiquehoian.com\/vi\/wp-json\/wp\/v2\/users\/8"}],"replies":[{"embeddable":true,"href":"https:\/\/www.lanternboutiquehoian.com\/vi\/wp-json\/wp\/v2\/comments?post=65"}],"version-history":[{"count":0,"href":"https:\/\/www.lanternboutiquehoian.com\/vi\/wp-json\/wp\/v2\/pages\/65\/revisions"}],"up":[{"embeddable":true,"href":"https:\/\/www.lanternboutiquehoian.com\/vi\/wp-json\/wp\/v2\/pages\/42"}],"wp:attachment":[{"href":"https:\/\/www.lanternboutiquehoian.com\/vi\/wp-json\/wp\/v2\/media?parent=65"}],"curies":[{"name":"wp","href":"https:\/\/api.w.org\/{rel}","templated":true}]}}