{"id":60,"date":"2025-12-30T06:41:27","date_gmt":"2025-12-30T06:41:27","guid":{"rendered":"https:\/\/lanternboutiquehoian.ms2.decms.asia\/services-facilities\/cooking-class\/"},"modified":"2026-03-19T07:52:15","modified_gmt":"2026-03-19T07:52:15","slug":"cooking-class","status":"publish","type":"page","link":"https:\/\/www.lanternboutiquehoian.com\/vi\/services-facilities\/cooking-class\/","title":{"rendered":"L\u1edbp n\u1ea5u \u0103n"},"content":{"rendered":"<p style=\"text-align: center\">T\u00ecm hi\u1ec3u \u0111\u00f4i ch\u00fat v\u1ec1 n\u00e9t \u0111\u1eb9p \u1ea9m th\u1ef1c \u0111\u1ecba ph\u01b0\u01a1ng v\u1edbi l\u1edbp h\u1ecdc n\u1ea5u \u0103n Vi\u1ec7t Nam v\u00e0 tour xe \u0111\u1ea1p tham quan ch\u1ee3 \u0111\u1ecba ph\u01b0\u01a1ng c\u00f9ng v\u1edbi tour tham quan r\u1eebng d\u1eeba C\u1ea9m Thanh.<\/p>\n<p style=\"text-align: center\">Li\u00ean h\u1ec7 v\u1edbi L\u1ec5 t\u00e2n \u0111\u1ec3 \u0111\u01b0\u1ee3c h\u1ed7 tr\u1ee3<\/p>\n","protected":false},"excerpt":{"rendered":"<p>T\u00ecm hi\u1ec3u \u0111\u00f4i ch\u00fat v\u1ec1 n\u00e9t \u0111\u1eb9p \u1ea9m th\u1ef1c \u0111\u1ecba ph\u01b0\u01a1ng v\u1edbi l\u1edbp h\u1ecdc n\u1ea5u \u0103n Vi\u1ec7t Nam v\u00e0 tour xe \u0111\u1ea1p tham quan ch\u1ee3 \u0111\u1ecba ph\u01b0\u01a1ng c\u00f9ng v\u1edbi tour tham quan r\u1eebng d\u1eeba C\u1ea9m Thanh. Li\u00ean h\u1ec7 v\u1edbi L\u1ec5 t\u00e2n \u0111\u1ec3 \u0111\u01b0\u1ee3c h\u1ed7 tr\u1ee3<\/p>\n","protected":false},"author":8,"featured_media":118,"parent":42,"menu_order":0,"comment_status":"closed","ping_status":"closed","template":"template-single-service.php","meta":{"footnotes":""},"yoast_head":"<!-- This site is optimized with the Yoast SEO plugin v22.3 - https:\/\/yoast.com\/wordpress\/plugins\/seo\/ -->\n<title>L\u1edbp n\u1ea5u \u0103n - Lantern Boutique Hoi An<\/title>\n<meta name=\"robots\" content=\"index, follow, max-snippet:-1, max-image-preview:large, max-video-preview:-1\" \/>\n<link rel=\"canonical\" href=\"https:\/\/www.lanternboutiquehoian.com\/vi\/services-facilities\/cooking-class\/\" \/>\n<meta property=\"og:locale\" content=\"vi_VN\" \/>\n<meta property=\"og:type\" content=\"article\" \/>\n<meta property=\"og:title\" content=\"L\u1edbp n\u1ea5u \u0103n - Lantern Boutique Hoi An\" \/>\n<meta property=\"og:description\" content=\"T\u00ecm hi\u1ec3u \u0111\u00f4i ch\u00fat v\u1ec1 n\u00e9t \u0111\u1eb9p \u1ea9m th\u1ef1c \u0111\u1ecba ph\u01b0\u01a1ng v\u1edbi l\u1edbp h\u1ecdc n\u1ea5u \u0103n Vi\u1ec7t Nam v\u00e0 tour xe \u0111\u1ea1p tham quan ch\u1ee3 \u0111\u1ecba ph\u01b0\u01a1ng c\u00f9ng v\u1edbi tour tham quan r\u1eebng d\u1eeba C\u1ea9m Thanh. Li\u00ean h\u1ec7 v\u1edbi L\u1ec5 t\u00e2n \u0111\u1ec3 \u0111\u01b0\u1ee3c h\u1ed7 tr\u1ee3\" \/>\n<meta property=\"og:url\" content=\"https:\/\/www.lanternboutiquehoian.com\/vi\/services-facilities\/cooking-class\/\" \/>\n<meta property=\"og:site_name\" content=\"Lantern Boutique Hoi An\" \/>\n<meta property=\"article:modified_time\" content=\"2026-03-19T07:52:15+00:00\" \/>\n<meta property=\"og:image\" content=\"https:\/\/www.lanternboutiquehoian.com\/wp-content\/uploads\/sites\/146\/2025\/12\/Faifo-Restaurant-13.jpg\" \/>\n\t<meta property=\"og:image:width\" content=\"2200\" \/>\n\t<meta property=\"og:image:height\" content=\"1467\" \/>\n\t<meta property=\"og:image:type\" content=\"image\/jpeg\" \/>\n<meta name=\"twitter:card\" content=\"summary_large_image\" \/>\n<meta name=\"twitter:label1\" content=\"Est. reading time\" \/>\n\t<meta name=\"twitter:data1\" content=\"1 minute\" \/>\n<script type=\"application\/ld+json\" class=\"yoast-schema-graph\">{\"@context\":\"https:\/\/schema.org\",\"@graph\":[{\"@type\":\"WebPage\",\"@id\":\"https:\/\/www.lanternboutiquehoian.com\/vi\/services-facilities\/cooking-class\/\",\"url\":\"https:\/\/www.lanternboutiquehoian.com\/vi\/services-facilities\/cooking-class\/\",\"name\":\"L\u1edbp n\u1ea5u \u0103n - Lantern Boutique Hoi An\",\"isPartOf\":{\"@id\":\"https:\/\/www.lanternboutiquehoian.com\/vi\/#website\"},\"primaryImageOfPage\":{\"@id\":\"https:\/\/www.lanternboutiquehoian.com\/vi\/services-facilities\/cooking-class\/#primaryimage\"},\"image\":{\"@id\":\"https:\/\/www.lanternboutiquehoian.com\/vi\/services-facilities\/cooking-class\/#primaryimage\"},\"thumbnailUrl\":\"https:\/\/www.lanternboutiquehoian.com\/wp-content\/uploads\/sites\/146\/2025\/12\/Faifo-Restaurant-13.jpg\",\"datePublished\":\"2025-12-30T06:41:27+00:00\",\"dateModified\":\"2026-03-19T07:52:15+00:00\",\"breadcrumb\":{\"@id\":\"https:\/\/www.lanternboutiquehoian.com\/vi\/services-facilities\/cooking-class\/#breadcrumb\"},\"inLanguage\":\"vi-VN\",\"potentialAction\":[{\"@type\":\"ReadAction\",\"target\":[\"https:\/\/www.lanternboutiquehoian.com\/vi\/services-facilities\/cooking-class\/\"]}]},{\"@type\":\"ImageObject\",\"inLanguage\":\"vi-VN\",\"@id\":\"https:\/\/www.lanternboutiquehoian.com\/vi\/services-facilities\/cooking-class\/#primaryimage\",\"url\":\"https:\/\/www.lanternboutiquehoian.com\/wp-content\/uploads\/sites\/146\/2025\/12\/Faifo-Restaurant-13.jpg\",\"contentUrl\":\"https:\/\/www.lanternboutiquehoian.com\/wp-content\/uploads\/sites\/146\/2025\/12\/Faifo-Restaurant-13.jpg\",\"width\":2200,\"height\":1467},{\"@type\":\"BreadcrumbList\",\"@id\":\"https:\/\/www.lanternboutiquehoian.com\/vi\/services-facilities\/cooking-class\/#breadcrumb\",\"itemListElement\":[{\"@type\":\"ListItem\",\"position\":1,\"name\":\"Home\",\"item\":\"https:\/\/www.lanternboutiquehoian.com\/vi\/\"},{\"@type\":\"ListItem\",\"position\":2,\"name\":\"D\u1ecbch v\u1ee5 &#038; Ti\u1ec7n \u00edch\",\"item\":\"https:\/\/www.lanternboutiquehoian.com\/vi\/services-facilities\/\"},{\"@type\":\"ListItem\",\"position\":3,\"name\":\"L\u1edbp n\u1ea5u \u0103n\"}]},{\"@type\":\"WebSite\",\"@id\":\"https:\/\/www.lanternboutiquehoian.com\/vi\/#website\",\"url\":\"https:\/\/www.lanternboutiquehoian.com\/vi\/\",\"name\":\"Lantern Boutique Hoi An\",\"description\":\"\",\"potentialAction\":[{\"@type\":\"SearchAction\",\"target\":{\"@type\":\"EntryPoint\",\"urlTemplate\":\"https:\/\/www.lanternboutiquehoian.com\/vi\/?s={search_term_string}\"},\"query-input\":\"required name=search_term_string\"}],\"inLanguage\":\"vi-VN\"}]}<\/script>\n<!-- \/ Yoast SEO plugin. -->","yoast_head_json":{"title":"L\u1edbp n\u1ea5u \u0103n - Lantern Boutique Hoi An","robots":{"index":"index","follow":"follow","max-snippet":"max-snippet:-1","max-image-preview":"max-image-preview:large","max-video-preview":"max-video-preview:-1"},"canonical":"https:\/\/www.lanternboutiquehoian.com\/vi\/services-facilities\/cooking-class\/","og_locale":"vi_VN","og_type":"article","og_title":"L\u1edbp n\u1ea5u \u0103n - Lantern Boutique Hoi An","og_description":"T\u00ecm hi\u1ec3u \u0111\u00f4i ch\u00fat v\u1ec1 n\u00e9t \u0111\u1eb9p \u1ea9m th\u1ef1c \u0111\u1ecba ph\u01b0\u01a1ng v\u1edbi l\u1edbp h\u1ecdc n\u1ea5u \u0103n Vi\u1ec7t Nam v\u00e0 tour xe \u0111\u1ea1p tham quan ch\u1ee3 \u0111\u1ecba ph\u01b0\u01a1ng c\u00f9ng v\u1edbi tour tham quan r\u1eebng d\u1eeba C\u1ea9m Thanh. Li\u00ean h\u1ec7 v\u1edbi L\u1ec5 t\u00e2n \u0111\u1ec3 \u0111\u01b0\u1ee3c h\u1ed7 tr\u1ee3","og_url":"https:\/\/www.lanternboutiquehoian.com\/vi\/services-facilities\/cooking-class\/","og_site_name":"Lantern Boutique Hoi An","article_modified_time":"2026-03-19T07:52:15+00:00","og_image":[{"width":2200,"height":1467,"url":"https:\/\/www.lanternboutiquehoian.com\/wp-content\/uploads\/sites\/146\/2025\/12\/Faifo-Restaurant-13.jpg","type":"image\/jpeg"}],"twitter_card":"summary_large_image","twitter_misc":{"Est. reading time":"1 minute"},"schema":{"@context":"https:\/\/schema.org","@graph":[{"@type":"WebPage","@id":"https:\/\/www.lanternboutiquehoian.com\/vi\/services-facilities\/cooking-class\/","url":"https:\/\/www.lanternboutiquehoian.com\/vi\/services-facilities\/cooking-class\/","name":"L\u1edbp n\u1ea5u \u0103n - Lantern Boutique Hoi An","isPartOf":{"@id":"https:\/\/www.lanternboutiquehoian.com\/vi\/#website"},"primaryImageOfPage":{"@id":"https:\/\/www.lanternboutiquehoian.com\/vi\/services-facilities\/cooking-class\/#primaryimage"},"image":{"@id":"https:\/\/www.lanternboutiquehoian.com\/vi\/services-facilities\/cooking-class\/#primaryimage"},"thumbnailUrl":"https:\/\/www.lanternboutiquehoian.com\/wp-content\/uploads\/sites\/146\/2025\/12\/Faifo-Restaurant-13.jpg","datePublished":"2025-12-30T06:41:27+00:00","dateModified":"2026-03-19T07:52:15+00:00","breadcrumb":{"@id":"https:\/\/www.lanternboutiquehoian.com\/vi\/services-facilities\/cooking-class\/#breadcrumb"},"inLanguage":"vi-VN","potentialAction":[{"@type":"ReadAction","target":["https:\/\/www.lanternboutiquehoian.com\/vi\/services-facilities\/cooking-class\/"]}]},{"@type":"ImageObject","inLanguage":"vi-VN","@id":"https:\/\/www.lanternboutiquehoian.com\/vi\/services-facilities\/cooking-class\/#primaryimage","url":"https:\/\/www.lanternboutiquehoian.com\/wp-content\/uploads\/sites\/146\/2025\/12\/Faifo-Restaurant-13.jpg","contentUrl":"https:\/\/www.lanternboutiquehoian.com\/wp-content\/uploads\/sites\/146\/2025\/12\/Faifo-Restaurant-13.jpg","width":2200,"height":1467},{"@type":"BreadcrumbList","@id":"https:\/\/www.lanternboutiquehoian.com\/vi\/services-facilities\/cooking-class\/#breadcrumb","itemListElement":[{"@type":"ListItem","position":1,"name":"Home","item":"https:\/\/www.lanternboutiquehoian.com\/vi\/"},{"@type":"ListItem","position":2,"name":"D\u1ecbch v\u1ee5 &#038; Ti\u1ec7n \u00edch","item":"https:\/\/www.lanternboutiquehoian.com\/vi\/services-facilities\/"},{"@type":"ListItem","position":3,"name":"L\u1edbp n\u1ea5u \u0103n"}]},{"@type":"WebSite","@id":"https:\/\/www.lanternboutiquehoian.com\/vi\/#website","url":"https:\/\/www.lanternboutiquehoian.com\/vi\/","name":"Lantern Boutique Hoi An","description":"","potentialAction":[{"@type":"SearchAction","target":{"@type":"EntryPoint","urlTemplate":"https:\/\/www.lanternboutiquehoian.com\/vi\/?s={search_term_string}"},"query-input":"required name=search_term_string"}],"inLanguage":"vi-VN"}]}},"acf":[],"_links":{"self":[{"href":"https:\/\/www.lanternboutiquehoian.com\/vi\/wp-json\/wp\/v2\/pages\/60"}],"collection":[{"href":"https:\/\/www.lanternboutiquehoian.com\/vi\/wp-json\/wp\/v2\/pages"}],"about":[{"href":"https:\/\/www.lanternboutiquehoian.com\/vi\/wp-json\/wp\/v2\/types\/page"}],"author":[{"embeddable":true,"href":"https:\/\/www.lanternboutiquehoian.com\/vi\/wp-json\/wp\/v2\/users\/8"}],"replies":[{"embeddable":true,"href":"https:\/\/www.lanternboutiquehoian.com\/vi\/wp-json\/wp\/v2\/comments?post=60"}],"version-history":[{"count":0,"href":"https:\/\/www.lanternboutiquehoian.com\/vi\/wp-json\/wp\/v2\/pages\/60\/revisions"}],"up":[{"embeddable":true,"href":"https:\/\/www.lanternboutiquehoian.com\/vi\/wp-json\/wp\/v2\/pages\/42"}],"wp:featuredmedia":[{"embeddable":true,"href":"https:\/\/www.lanternboutiquehoian.com\/vi\/wp-json\/wp\/v2\/media\/118"}],"wp:attachment":[{"href":"https:\/\/www.lanternboutiquehoian.com\/vi\/wp-json\/wp\/v2\/media?parent=60"}],"curies":[{"name":"wp","href":"https:\/\/api.w.org\/{rel}","templated":true}]}}