{"id":51,"date":"2025-12-30T06:21:50","date_gmt":"2025-12-30T06:21:50","guid":{"rendered":"https:\/\/lanternboutiquehoian.ms2.decms.asia\/services-facilities\/bicycles\/"},"modified":"2026-04-04T04:55:18","modified_gmt":"2026-04-04T04:55:18","slug":"bicycles","status":"publish","type":"page","link":"https:\/\/www.lanternboutiquehoian.com\/vi\/services-facilities\/bicycles\/","title":{"rendered":"Xe \u0111\u1ea1p"},"content":{"rendered":"<p style=\"text-align: center\">S\u1eed d\u1ee5ng xe \u0111\u1ea1p mi\u1ec5n ph\u00ed t\u1eeb Lantern Boutique Hoi An \u0111\u1ec3 kh\u00e1m ph\u00e1 m\u1ed9t v\u00f2ng quanh c\u00e1c \u0111i\u1ec3m du l\u1ecbch m\u1ed9t c\u00e1ch thu\u1eadn ti\u1ec7n v\u00e0 kh\u00e1m ph\u00e1 nh\u1eefng \u0111i\u1ec1u th\u00fa v\u1ecb t\u1ea1i m\u1ea3nh \u0111\u1ea5t xinh \u0111\u1eb9p.<\/p>\n<p style=\"text-align: center\">Li\u00ean h\u1ec7 L\u1ec5 T\u00e2n \u0111\u1ec3 \u0111\u01b0\u1ee3c h\u1ed7 tr\u1ee3<\/p>\n","protected":false},"excerpt":{"rendered":"<p>S\u1eed d\u1ee5ng xe \u0111\u1ea1p mi\u1ec5n ph\u00ed t\u1eeb Lantern Boutique Hoi An \u0111\u1ec3 kh\u00e1m ph\u00e1 m\u1ed9t v\u00f2ng quanh c\u00e1c \u0111i\u1ec3m du l\u1ecbch m\u1ed9t c\u00e1ch thu\u1eadn ti\u1ec7n v\u00e0 kh\u00e1m ph\u00e1 nh\u1eefng \u0111i\u1ec1u th\u00fa v\u1ecb t\u1ea1i m\u1ea3nh \u0111\u1ea5t xinh \u0111\u1eb9p. Li\u00ean h\u1ec7 L\u1ec5 T\u00e2n \u0111\u1ec3 \u0111\u01b0\u1ee3c h\u1ed7 tr\u1ee3<\/p>\n","protected":false},"author":8,"featured_media":414,"parent":42,"menu_order":0,"comment_status":"closed","ping_status":"closed","template":"template-single-service.php","meta":{"footnotes":""},"yoast_head":"<!-- This site is optimized with the Yoast SEO plugin v22.3 - https:\/\/yoast.com\/wordpress\/plugins\/seo\/ -->\n<title>Xe \u0111\u1ea1p - Lantern Boutique Hoi An<\/title>\n<meta name=\"robots\" content=\"index, follow, max-snippet:-1, max-image-preview:large, max-video-preview:-1\" \/>\n<link rel=\"canonical\" href=\"https:\/\/www.lanternboutiquehoian.com\/vi\/services-facilities\/bicycles\/\" \/>\n<meta property=\"og:locale\" content=\"vi_VN\" \/>\n<meta property=\"og:type\" content=\"article\" \/>\n<meta property=\"og:title\" content=\"Xe \u0111\u1ea1p - Lantern Boutique Hoi An\" \/>\n<meta property=\"og:description\" content=\"S\u1eed d\u1ee5ng xe \u0111\u1ea1p mi\u1ec5n ph\u00ed t\u1eeb Lantern Boutique Hoi An \u0111\u1ec3 kh\u00e1m ph\u00e1 m\u1ed9t v\u00f2ng quanh c\u00e1c \u0111i\u1ec3m du l\u1ecbch m\u1ed9t c\u00e1ch thu\u1eadn ti\u1ec7n v\u00e0 kh\u00e1m ph\u00e1 nh\u1eefng \u0111i\u1ec1u th\u00fa v\u1ecb t\u1ea1i m\u1ea3nh \u0111\u1ea5t xinh \u0111\u1eb9p. Li\u00ean h\u1ec7 L\u1ec5 T\u00e2n \u0111\u1ec3 \u0111\u01b0\u1ee3c h\u1ed7 tr\u1ee3\" \/>\n<meta property=\"og:url\" content=\"https:\/\/www.lanternboutiquehoian.com\/vi\/services-facilities\/bicycles\/\" \/>\n<meta property=\"og:site_name\" content=\"Lantern Boutique Hoi An\" \/>\n<meta property=\"article:modified_time\" content=\"2026-04-04T04:55:18+00:00\" \/>\n<meta property=\"og:image\" content=\"https:\/\/www.lanternboutiquehoian.com\/wp-content\/uploads\/sites\/146\/2026\/04\/PHO_2431.jpg\" \/>\n\t<meta property=\"og:image:width\" content=\"2200\" \/>\n\t<meta property=\"og:image:height\" content=\"1467\" \/>\n\t<meta property=\"og:image:type\" content=\"image\/jpeg\" \/>\n<meta name=\"twitter:card\" content=\"summary_large_image\" \/>\n<meta name=\"twitter:label1\" content=\"Est. reading time\" \/>\n\t<meta name=\"twitter:data1\" content=\"1 minute\" \/>\n<script type=\"application\/ld+json\" class=\"yoast-schema-graph\">{\"@context\":\"https:\/\/schema.org\",\"@graph\":[{\"@type\":\"WebPage\",\"@id\":\"https:\/\/www.lanternboutiquehoian.com\/vi\/services-facilities\/bicycles\/\",\"url\":\"https:\/\/www.lanternboutiquehoian.com\/vi\/services-facilities\/bicycles\/\",\"name\":\"Xe \u0111\u1ea1p - Lantern Boutique Hoi An\",\"isPartOf\":{\"@id\":\"https:\/\/www.lanternboutiquehoian.com\/vi\/#website\"},\"primaryImageOfPage\":{\"@id\":\"https:\/\/www.lanternboutiquehoian.com\/vi\/services-facilities\/bicycles\/#primaryimage\"},\"image\":{\"@id\":\"https:\/\/www.lanternboutiquehoian.com\/vi\/services-facilities\/bicycles\/#primaryimage\"},\"thumbnailUrl\":\"https:\/\/www.lanternboutiquehoian.com\/wp-content\/uploads\/sites\/146\/2026\/04\/PHO_2431.jpg\",\"datePublished\":\"2025-12-30T06:21:50+00:00\",\"dateModified\":\"2026-04-04T04:55:18+00:00\",\"breadcrumb\":{\"@id\":\"https:\/\/www.lanternboutiquehoian.com\/vi\/services-facilities\/bicycles\/#breadcrumb\"},\"inLanguage\":\"vi-VN\",\"potentialAction\":[{\"@type\":\"ReadAction\",\"target\":[\"https:\/\/www.lanternboutiquehoian.com\/vi\/services-facilities\/bicycles\/\"]}]},{\"@type\":\"ImageObject\",\"inLanguage\":\"vi-VN\",\"@id\":\"https:\/\/www.lanternboutiquehoian.com\/vi\/services-facilities\/bicycles\/#primaryimage\",\"url\":\"https:\/\/www.lanternboutiquehoian.com\/wp-content\/uploads\/sites\/146\/2026\/04\/PHO_2431.jpg\",\"contentUrl\":\"https:\/\/www.lanternboutiquehoian.com\/wp-content\/uploads\/sites\/146\/2026\/04\/PHO_2431.jpg\",\"width\":2200,\"height\":1467},{\"@type\":\"BreadcrumbList\",\"@id\":\"https:\/\/www.lanternboutiquehoian.com\/vi\/services-facilities\/bicycles\/#breadcrumb\",\"itemListElement\":[{\"@type\":\"ListItem\",\"position\":1,\"name\":\"Home\",\"item\":\"https:\/\/www.lanternboutiquehoian.com\/vi\/\"},{\"@type\":\"ListItem\",\"position\":2,\"name\":\"D\u1ecbch v\u1ee5 &#038; Ti\u1ec7n \u00edch\",\"item\":\"https:\/\/www.lanternboutiquehoian.com\/vi\/services-facilities\/\"},{\"@type\":\"ListItem\",\"position\":3,\"name\":\"Xe \u0111\u1ea1p\"}]},{\"@type\":\"WebSite\",\"@id\":\"https:\/\/www.lanternboutiquehoian.com\/vi\/#website\",\"url\":\"https:\/\/www.lanternboutiquehoian.com\/vi\/\",\"name\":\"Lantern Boutique Hoi An\",\"description\":\"\",\"potentialAction\":[{\"@type\":\"SearchAction\",\"target\":{\"@type\":\"EntryPoint\",\"urlTemplate\":\"https:\/\/www.lanternboutiquehoian.com\/vi\/?s={search_term_string}\"},\"query-input\":\"required name=search_term_string\"}],\"inLanguage\":\"vi-VN\"}]}<\/script>\n<!-- \/ Yoast SEO plugin. -->","yoast_head_json":{"title":"Xe \u0111\u1ea1p - Lantern Boutique Hoi An","robots":{"index":"index","follow":"follow","max-snippet":"max-snippet:-1","max-image-preview":"max-image-preview:large","max-video-preview":"max-video-preview:-1"},"canonical":"https:\/\/www.lanternboutiquehoian.com\/vi\/services-facilities\/bicycles\/","og_locale":"vi_VN","og_type":"article","og_title":"Xe \u0111\u1ea1p - Lantern Boutique Hoi An","og_description":"S\u1eed d\u1ee5ng xe \u0111\u1ea1p mi\u1ec5n ph\u00ed t\u1eeb Lantern Boutique Hoi An \u0111\u1ec3 kh\u00e1m ph\u00e1 m\u1ed9t v\u00f2ng quanh c\u00e1c \u0111i\u1ec3m du l\u1ecbch m\u1ed9t c\u00e1ch thu\u1eadn ti\u1ec7n v\u00e0 kh\u00e1m ph\u00e1 nh\u1eefng \u0111i\u1ec1u th\u00fa v\u1ecb t\u1ea1i m\u1ea3nh \u0111\u1ea5t xinh \u0111\u1eb9p. Li\u00ean h\u1ec7 L\u1ec5 T\u00e2n \u0111\u1ec3 \u0111\u01b0\u1ee3c h\u1ed7 tr\u1ee3","og_url":"https:\/\/www.lanternboutiquehoian.com\/vi\/services-facilities\/bicycles\/","og_site_name":"Lantern Boutique Hoi An","article_modified_time":"2026-04-04T04:55:18+00:00","og_image":[{"width":2200,"height":1467,"url":"https:\/\/www.lanternboutiquehoian.com\/wp-content\/uploads\/sites\/146\/2026\/04\/PHO_2431.jpg","type":"image\/jpeg"}],"twitter_card":"summary_large_image","twitter_misc":{"Est. reading time":"1 minute"},"schema":{"@context":"https:\/\/schema.org","@graph":[{"@type":"WebPage","@id":"https:\/\/www.lanternboutiquehoian.com\/vi\/services-facilities\/bicycles\/","url":"https:\/\/www.lanternboutiquehoian.com\/vi\/services-facilities\/bicycles\/","name":"Xe \u0111\u1ea1p - Lantern Boutique Hoi An","isPartOf":{"@id":"https:\/\/www.lanternboutiquehoian.com\/vi\/#website"},"primaryImageOfPage":{"@id":"https:\/\/www.lanternboutiquehoian.com\/vi\/services-facilities\/bicycles\/#primaryimage"},"image":{"@id":"https:\/\/www.lanternboutiquehoian.com\/vi\/services-facilities\/bicycles\/#primaryimage"},"thumbnailUrl":"https:\/\/www.lanternboutiquehoian.com\/wp-content\/uploads\/sites\/146\/2026\/04\/PHO_2431.jpg","datePublished":"2025-12-30T06:21:50+00:00","dateModified":"2026-04-04T04:55:18+00:00","breadcrumb":{"@id":"https:\/\/www.lanternboutiquehoian.com\/vi\/services-facilities\/bicycles\/#breadcrumb"},"inLanguage":"vi-VN","potentialAction":[{"@type":"ReadAction","target":["https:\/\/www.lanternboutiquehoian.com\/vi\/services-facilities\/bicycles\/"]}]},{"@type":"ImageObject","inLanguage":"vi-VN","@id":"https:\/\/www.lanternboutiquehoian.com\/vi\/services-facilities\/bicycles\/#primaryimage","url":"https:\/\/www.lanternboutiquehoian.com\/wp-content\/uploads\/sites\/146\/2026\/04\/PHO_2431.jpg","contentUrl":"https:\/\/www.lanternboutiquehoian.com\/wp-content\/uploads\/sites\/146\/2026\/04\/PHO_2431.jpg","width":2200,"height":1467},{"@type":"BreadcrumbList","@id":"https:\/\/www.lanternboutiquehoian.com\/vi\/services-facilities\/bicycles\/#breadcrumb","itemListElement":[{"@type":"ListItem","position":1,"name":"Home","item":"https:\/\/www.lanternboutiquehoian.com\/vi\/"},{"@type":"ListItem","position":2,"name":"D\u1ecbch v\u1ee5 &#038; Ti\u1ec7n \u00edch","item":"https:\/\/www.lanternboutiquehoian.com\/vi\/services-facilities\/"},{"@type":"ListItem","position":3,"name":"Xe \u0111\u1ea1p"}]},{"@type":"WebSite","@id":"https:\/\/www.lanternboutiquehoian.com\/vi\/#website","url":"https:\/\/www.lanternboutiquehoian.com\/vi\/","name":"Lantern Boutique Hoi An","description":"","potentialAction":[{"@type":"SearchAction","target":{"@type":"EntryPoint","urlTemplate":"https:\/\/www.lanternboutiquehoian.com\/vi\/?s={search_term_string}"},"query-input":"required name=search_term_string"}],"inLanguage":"vi-VN"}]}},"acf":[],"_links":{"self":[{"href":"https:\/\/www.lanternboutiquehoian.com\/vi\/wp-json\/wp\/v2\/pages\/51"}],"collection":[{"href":"https:\/\/www.lanternboutiquehoian.com\/vi\/wp-json\/wp\/v2\/pages"}],"about":[{"href":"https:\/\/www.lanternboutiquehoian.com\/vi\/wp-json\/wp\/v2\/types\/page"}],"author":[{"embeddable":true,"href":"https:\/\/www.lanternboutiquehoian.com\/vi\/wp-json\/wp\/v2\/users\/8"}],"replies":[{"embeddable":true,"href":"https:\/\/www.lanternboutiquehoian.com\/vi\/wp-json\/wp\/v2\/comments?post=51"}],"version-history":[{"count":0,"href":"https:\/\/www.lanternboutiquehoian.com\/vi\/wp-json\/wp\/v2\/pages\/51\/revisions"}],"up":[{"embeddable":true,"href":"https:\/\/www.lanternboutiquehoian.com\/vi\/wp-json\/wp\/v2\/pages\/42"}],"wp:featuredmedia":[{"embeddable":true,"href":"https:\/\/www.lanternboutiquehoian.com\/vi\/wp-json\/wp\/v2\/media\/414"}],"wp:attachment":[{"href":"https:\/\/www.lanternboutiquehoian.com\/vi\/wp-json\/wp\/v2\/media?parent=51"}],"curies":[{"name":"wp","href":"https:\/\/api.w.org\/{rel}","templated":true}]}}