{"id":5,"date":"2025-12-09T09:36:05","date_gmt":"2025-12-09T09:36:05","guid":{"rendered":"https:\/\/lanternboutiquehoian.ms2.decms.asia\/lantern-boutique-hoi-an\/"},"modified":"2026-04-16T03:27:03","modified_gmt":"2026-04-16T03:27:03","slug":"lantern-boutique-hoi-an","status":"publish","type":"page","link":"https:\/\/www.lanternboutiquehoian.com\/vi\/","title":{"rendered":"Lantern Boutique Hoi An"},"content":{"rendered":"<p style=\"text-align: center\">C\u1ea3m h\u1ee9ng kh\u1edfi ngu\u1ed3n t\u1eeb nh\u1eefng \u00e1nh \u0111\u00e8n l\u1ed3ng lung linh.<br \/>\nLantern Boutique Hoi An giao h\u00f2a n\u00e9t m\u1ed9c m\u1ea1c Ph\u00e1p v\u00e0 tinh th\u1ea7n Vi\u1ec7t s\u00e2u l\u1eafng, t\u00e1i hi\u1ec7n m\u1ed9t g\u00f3c H\u1ed9i An d\u1ecbu d\u00e0ng v\u00e0 b\u00ecnh y\u00ean, n\u01a1i b\u1ea3n s\u1eafc \u0111\u1ecba ph\u01b0\u01a1ng hi\u1ec7n di\u1ec7n trong t\u1eebng tr\u1ea3i nghi\u1ec7m.<\/p>\n","protected":false},"excerpt":{"rendered":"<p>C\u1ea3m h\u1ee9ng kh\u1edfi ngu\u1ed3n t\u1eeb nh\u1eefng \u00e1nh \u0111\u00e8n l\u1ed3ng lung linh. Lantern Boutique Hoi An giao h\u00f2a n\u00e9t m\u1ed9c m\u1ea1c Ph\u00e1p v\u00e0 tinh th\u1ea7n Vi\u1ec7t s\u00e2u l\u1eafng, t\u00e1i hi\u1ec7n m\u1ed9t g\u00f3c H\u1ed9i An d\u1ecbu d\u00e0ng v\u00e0 b\u00ecnh y\u00ean, n\u01a1i b\u1ea3n s\u1eafc \u0111\u1ecba ph\u01b0\u01a1ng hi\u1ec7n di\u1ec7n trong t\u1eebng tr\u1ea3i nghi\u1ec7m.<\/p>\n","protected":false},"author":90,"featured_media":333,"parent":0,"menu_order":0,"comment_status":"closed","ping_status":"closed","template":"","meta":{"footnotes":""},"yoast_head":"<!-- This site is optimized with the Yoast SEO plugin v22.3 - https:\/\/yoast.com\/wordpress\/plugins\/seo\/ -->\n<title>Trang ch\u1ee7 | Lantern Boutique Hoi An<\/title>\n<meta name=\"robots\" content=\"index, follow, max-snippet:-1, max-image-preview:large, max-video-preview:-1\" \/>\n<link rel=\"canonical\" href=\"https:\/\/www.lanternboutiquehoian.com\/vi\/\" \/>\n<meta property=\"og:locale\" content=\"vi_VN\" \/>\n<meta property=\"og:type\" content=\"article\" \/>\n<meta property=\"og:title\" content=\"Trang ch\u1ee7 | Lantern Boutique Hoi An\" \/>\n<meta property=\"og:description\" content=\"C\u1ea3m h\u1ee9ng kh\u1edfi ngu\u1ed3n t\u1eeb nh\u1eefng \u00e1nh \u0111\u00e8n l\u1ed3ng lung linh. Lantern Boutique Hoi An giao h\u00f2a n\u00e9t m\u1ed9c m\u1ea1c Ph\u00e1p v\u00e0 tinh th\u1ea7n Vi\u1ec7t s\u00e2u l\u1eafng, t\u00e1i hi\u1ec7n m\u1ed9t g\u00f3c H\u1ed9i An d\u1ecbu d\u00e0ng v\u00e0 b\u00ecnh y\u00ean, n\u01a1i b\u1ea3n s\u1eafc \u0111\u1ecba ph\u01b0\u01a1ng hi\u1ec7n di\u1ec7n trong t\u1eebng tr\u1ea3i nghi\u1ec7m.\" \/>\n<meta property=\"og:url\" content=\"https:\/\/www.lanternboutiquehoian.com\/vi\/\" \/>\n<meta property=\"og:site_name\" content=\"Lantern Boutique Hoi An\" \/>\n<meta property=\"article:modified_time\" content=\"2026-04-16T03:27:03+00:00\" \/>\n<meta property=\"og:image\" content=\"https:\/\/www.lanternboutiquehoian.com\/wp-content\/uploads\/sites\/146\/2026\/03\/Tee-178.jpg\" \/>\n\t<meta property=\"og:image:width\" content=\"2200\" \/>\n\t<meta property=\"og:image:height\" content=\"1467\" \/>\n\t<meta property=\"og:image:type\" content=\"image\/jpeg\" \/>\n<meta name=\"twitter:card\" content=\"summary_large_image\" \/>\n<meta name=\"twitter:label1\" content=\"Est. reading time\" \/>\n\t<meta name=\"twitter:data1\" content=\"1 minute\" \/>\n<script type=\"application\/ld+json\" class=\"yoast-schema-graph\">{\"@context\":\"https:\/\/schema.org\",\"@graph\":[{\"@type\":\"WebPage\",\"@id\":\"https:\/\/www.lanternboutiquehoian.com\/vi\/\",\"url\":\"https:\/\/www.lanternboutiquehoian.com\/vi\/\",\"name\":\"Trang ch\u1ee7 | Lantern Boutique Hoi An\",\"isPartOf\":{\"@id\":\"https:\/\/www.lanternboutiquehoian.com\/vi\/#website\"},\"primaryImageOfPage\":{\"@id\":\"https:\/\/www.lanternboutiquehoian.com\/vi\/#primaryimage\"},\"image\":{\"@id\":\"https:\/\/www.lanternboutiquehoian.com\/vi\/#primaryimage\"},\"thumbnailUrl\":\"https:\/\/www.lanternboutiquehoian.com\/wp-content\/uploads\/sites\/146\/2026\/03\/Tee-178.jpg\",\"datePublished\":\"2025-12-09T09:36:05+00:00\",\"dateModified\":\"2026-04-16T03:27:03+00:00\",\"breadcrumb\":{\"@id\":\"https:\/\/www.lanternboutiquehoian.com\/vi\/#breadcrumb\"},\"inLanguage\":\"vi-VN\",\"potentialAction\":[{\"@type\":\"ReadAction\",\"target\":[\"https:\/\/www.lanternboutiquehoian.com\/vi\/\"]}]},{\"@type\":\"ImageObject\",\"inLanguage\":\"vi-VN\",\"@id\":\"https:\/\/www.lanternboutiquehoian.com\/vi\/#primaryimage\",\"url\":\"https:\/\/www.lanternboutiquehoian.com\/wp-content\/uploads\/sites\/146\/2026\/03\/Tee-178.jpg\",\"contentUrl\":\"https:\/\/www.lanternboutiquehoian.com\/wp-content\/uploads\/sites\/146\/2026\/03\/Tee-178.jpg\",\"width\":2200,\"height\":1467},{\"@type\":\"BreadcrumbList\",\"@id\":\"https:\/\/www.lanternboutiquehoian.com\/vi\/#breadcrumb\",\"itemListElement\":[{\"@type\":\"ListItem\",\"position\":1,\"name\":\"Home\",\"item\":\"https:\/\/www.lanternboutiquehoian.com\/vi\/\"},{\"@type\":\"ListItem\",\"position\":2,\"name\":\"Lantern Boutique Hoi An\"}]},{\"@type\":\"WebSite\",\"@id\":\"https:\/\/www.lanternboutiquehoian.com\/vi\/#website\",\"url\":\"https:\/\/www.lanternboutiquehoian.com\/vi\/\",\"name\":\"Lantern Boutique Hoi An\",\"description\":\"\",\"potentialAction\":[{\"@type\":\"SearchAction\",\"target\":{\"@type\":\"EntryPoint\",\"urlTemplate\":\"https:\/\/www.lanternboutiquehoian.com\/vi\/?s={search_term_string}\"},\"query-input\":\"required name=search_term_string\"}],\"inLanguage\":\"vi-VN\"}]}<\/script>\n<!-- \/ Yoast SEO plugin. -->","yoast_head_json":{"title":"Trang ch\u1ee7 | Lantern Boutique Hoi An","robots":{"index":"index","follow":"follow","max-snippet":"max-snippet:-1","max-image-preview":"max-image-preview:large","max-video-preview":"max-video-preview:-1"},"canonical":"https:\/\/www.lanternboutiquehoian.com\/vi\/","og_locale":"vi_VN","og_type":"article","og_title":"Trang ch\u1ee7 | Lantern Boutique Hoi An","og_description":"C\u1ea3m h\u1ee9ng kh\u1edfi ngu\u1ed3n t\u1eeb nh\u1eefng \u00e1nh \u0111\u00e8n l\u1ed3ng lung linh. Lantern Boutique Hoi An giao h\u00f2a n\u00e9t m\u1ed9c m\u1ea1c Ph\u00e1p v\u00e0 tinh th\u1ea7n Vi\u1ec7t s\u00e2u l\u1eafng, t\u00e1i hi\u1ec7n m\u1ed9t g\u00f3c H\u1ed9i An d\u1ecbu d\u00e0ng v\u00e0 b\u00ecnh y\u00ean, n\u01a1i b\u1ea3n s\u1eafc \u0111\u1ecba ph\u01b0\u01a1ng hi\u1ec7n di\u1ec7n trong t\u1eebng tr\u1ea3i nghi\u1ec7m.","og_url":"https:\/\/www.lanternboutiquehoian.com\/vi\/","og_site_name":"Lantern Boutique Hoi An","article_modified_time":"2026-04-16T03:27:03+00:00","og_image":[{"width":2200,"height":1467,"url":"https:\/\/www.lanternboutiquehoian.com\/wp-content\/uploads\/sites\/146\/2026\/03\/Tee-178.jpg","type":"image\/jpeg"}],"twitter_card":"summary_large_image","twitter_misc":{"Est. reading time":"1 minute"},"schema":{"@context":"https:\/\/schema.org","@graph":[{"@type":"WebPage","@id":"https:\/\/www.lanternboutiquehoian.com\/vi\/","url":"https:\/\/www.lanternboutiquehoian.com\/vi\/","name":"Trang ch\u1ee7 | Lantern Boutique Hoi An","isPartOf":{"@id":"https:\/\/www.lanternboutiquehoian.com\/vi\/#website"},"primaryImageOfPage":{"@id":"https:\/\/www.lanternboutiquehoian.com\/vi\/#primaryimage"},"image":{"@id":"https:\/\/www.lanternboutiquehoian.com\/vi\/#primaryimage"},"thumbnailUrl":"https:\/\/www.lanternboutiquehoian.com\/wp-content\/uploads\/sites\/146\/2026\/03\/Tee-178.jpg","datePublished":"2025-12-09T09:36:05+00:00","dateModified":"2026-04-16T03:27:03+00:00","breadcrumb":{"@id":"https:\/\/www.lanternboutiquehoian.com\/vi\/#breadcrumb"},"inLanguage":"vi-VN","potentialAction":[{"@type":"ReadAction","target":["https:\/\/www.lanternboutiquehoian.com\/vi\/"]}]},{"@type":"ImageObject","inLanguage":"vi-VN","@id":"https:\/\/www.lanternboutiquehoian.com\/vi\/#primaryimage","url":"https:\/\/www.lanternboutiquehoian.com\/wp-content\/uploads\/sites\/146\/2026\/03\/Tee-178.jpg","contentUrl":"https:\/\/www.lanternboutiquehoian.com\/wp-content\/uploads\/sites\/146\/2026\/03\/Tee-178.jpg","width":2200,"height":1467},{"@type":"BreadcrumbList","@id":"https:\/\/www.lanternboutiquehoian.com\/vi\/#breadcrumb","itemListElement":[{"@type":"ListItem","position":1,"name":"Home","item":"https:\/\/www.lanternboutiquehoian.com\/vi\/"},{"@type":"ListItem","position":2,"name":"Lantern Boutique Hoi An"}]},{"@type":"WebSite","@id":"https:\/\/www.lanternboutiquehoian.com\/vi\/#website","url":"https:\/\/www.lanternboutiquehoian.com\/vi\/","name":"Lantern Boutique Hoi An","description":"","potentialAction":[{"@type":"SearchAction","target":{"@type":"EntryPoint","urlTemplate":"https:\/\/www.lanternboutiquehoian.com\/vi\/?s={search_term_string}"},"query-input":"required name=search_term_string"}],"inLanguage":"vi-VN"}]}},"acf":[],"_links":{"self":[{"href":"https:\/\/www.lanternboutiquehoian.com\/vi\/wp-json\/wp\/v2\/pages\/5"}],"collection":[{"href":"https:\/\/www.lanternboutiquehoian.com\/vi\/wp-json\/wp\/v2\/pages"}],"about":[{"href":"https:\/\/www.lanternboutiquehoian.com\/vi\/wp-json\/wp\/v2\/types\/page"}],"author":[{"embeddable":true,"href":"https:\/\/www.lanternboutiquehoian.com\/vi\/wp-json\/wp\/v2\/users\/90"}],"replies":[{"embeddable":true,"href":"https:\/\/www.lanternboutiquehoian.com\/vi\/wp-json\/wp\/v2\/comments?post=5"}],"version-history":[{"count":0,"href":"https:\/\/www.lanternboutiquehoian.com\/vi\/wp-json\/wp\/v2\/pages\/5\/revisions"}],"wp:featuredmedia":[{"embeddable":true,"href":"https:\/\/www.lanternboutiquehoian.com\/vi\/wp-json\/wp\/v2\/media\/333"}],"wp:attachment":[{"href":"https:\/\/www.lanternboutiquehoian.com\/vi\/wp-json\/wp\/v2\/media?parent=5"}],"curies":[{"name":"wp","href":"https:\/\/api.w.org\/{rel}","templated":true}]}}