{"id":48,"date":"2025-12-30T06:19:29","date_gmt":"2025-12-30T06:19:29","guid":{"rendered":"https:\/\/lanternboutiquehoian.ms2.decms.asia\/services-facilities\/gym\/"},"modified":"2026-02-09T03:41:40","modified_gmt":"2026-02-09T03:41:40","slug":"gym","status":"publish","type":"page","link":"https:\/\/www.lanternboutiquehoian.com\/vi\/services-facilities\/gym\/","title":{"rendered":"Ph\u00f2ng th\u1ec3 h\u00ecnh"},"content":{"rendered":"<p style=\"text-align: center;\">\u0110\u1ea3m b\u1ea3o s\u1ef1 ti\u1ec7n nghi \u0111\u1ec3 b\u1eaft \u0111\u1ea7u ng\u00e0y m\u1edbi t\u1ea1i ph\u00f2ng t\u1eadp th\u1ec3 h\u00ecnh v\u1edbi c\u00e1c thi\u1ebft b\u1ecb hi\u1ec7n \u0111\u1ea1i gi\u00fap b\u1ea1n th\u1ee9c t\u1ec9nh c\u00e1c gi\u00e1c quan cho ng\u00e0y m\u1edbi \u0111\u1ea7y minh m\u1eabn.<\/p>\n<p style=\"text-align: center;\"><strong>V\u1ecb tr\u00ed: <\/strong>T\u1ea7ng 2<br \/>\n<strong>Th\u1eddi gian ho\u1ea1t \u0111\u1ed9ng:<\/strong> 08:00 \u2013 21:00<\/p>\n","protected":false},"excerpt":{"rendered":"<p>\u0110\u1ea3m b\u1ea3o s\u1ef1 ti\u1ec7n nghi \u0111\u1ec3 b\u1eaft \u0111\u1ea7u ng\u00e0y m\u1edbi t\u1ea1i ph\u00f2ng t\u1eadp th\u1ec3 h\u00ecnh v\u1edbi c\u00e1c thi\u1ebft b\u1ecb hi\u1ec7n \u0111\u1ea1i gi\u00fap b\u1ea1n th\u1ee9c t\u1ec9nh c\u00e1c gi\u00e1c quan cho ng\u00e0y m\u1edbi \u0111\u1ea7y minh m\u1eabn. V\u1ecb tr\u00ed: T\u1ea7ng 2 Th\u1eddi gian ho\u1ea1t \u0111\u1ed9ng: 08:00 \u2013 21:00<\/p>\n","protected":false},"author":8,"featured_media":0,"parent":42,"menu_order":0,"comment_status":"closed","ping_status":"closed","template":"template-single-service.php","meta":{"footnotes":""},"yoast_head":"<!-- This site is optimized with the Yoast SEO plugin v22.3 - https:\/\/yoast.com\/wordpress\/plugins\/seo\/ -->\n<title>Ph\u00f2ng th\u1ec3 h\u00ecnh - Lantern Boutique Hoi An<\/title>\n<meta name=\"robots\" content=\"index, follow, max-snippet:-1, max-image-preview:large, max-video-preview:-1\" \/>\n<link rel=\"canonical\" href=\"https:\/\/www.lanternboutiquehoian.com\/vi\/services-facilities\/gym\/\" \/>\n<meta property=\"og:locale\" content=\"vi_VN\" \/>\n<meta property=\"og:type\" content=\"article\" \/>\n<meta property=\"og:title\" content=\"Ph\u00f2ng th\u1ec3 h\u00ecnh - Lantern Boutique Hoi An\" \/>\n<meta property=\"og:description\" content=\"\u0110\u1ea3m b\u1ea3o s\u1ef1 ti\u1ec7n nghi \u0111\u1ec3 b\u1eaft \u0111\u1ea7u ng\u00e0y m\u1edbi t\u1ea1i ph\u00f2ng t\u1eadp th\u1ec3 h\u00ecnh v\u1edbi c\u00e1c thi\u1ebft b\u1ecb hi\u1ec7n \u0111\u1ea1i gi\u00fap b\u1ea1n th\u1ee9c t\u1ec9nh c\u00e1c gi\u00e1c quan cho ng\u00e0y m\u1edbi \u0111\u1ea7y minh m\u1eabn. V\u1ecb tr\u00ed: T\u1ea7ng 2 Th\u1eddi gian ho\u1ea1t \u0111\u1ed9ng: 08:00 \u2013 21:00\" \/>\n<meta property=\"og:url\" content=\"https:\/\/www.lanternboutiquehoian.com\/vi\/services-facilities\/gym\/\" \/>\n<meta property=\"og:site_name\" content=\"Lantern Boutique Hoi An\" \/>\n<meta property=\"article:modified_time\" content=\"2026-02-09T03:41:40+00:00\" \/>\n<meta name=\"twitter:card\" content=\"summary_large_image\" \/>\n<meta name=\"twitter:label1\" content=\"Est. reading time\" \/>\n\t<meta name=\"twitter:data1\" content=\"1 minute\" \/>\n<script type=\"application\/ld+json\" class=\"yoast-schema-graph\">{\"@context\":\"https:\/\/schema.org\",\"@graph\":[{\"@type\":\"WebPage\",\"@id\":\"https:\/\/www.lanternboutiquehoian.com\/vi\/services-facilities\/gym\/\",\"url\":\"https:\/\/www.lanternboutiquehoian.com\/vi\/services-facilities\/gym\/\",\"name\":\"Ph\u00f2ng th\u1ec3 h\u00ecnh - Lantern Boutique Hoi An\",\"isPartOf\":{\"@id\":\"https:\/\/www.lanternboutiquehoian.com\/vi\/#website\"},\"datePublished\":\"2025-12-30T06:19:29+00:00\",\"dateModified\":\"2026-02-09T03:41:40+00:00\",\"breadcrumb\":{\"@id\":\"https:\/\/www.lanternboutiquehoian.com\/vi\/services-facilities\/gym\/#breadcrumb\"},\"inLanguage\":\"vi-VN\",\"potentialAction\":[{\"@type\":\"ReadAction\",\"target\":[\"https:\/\/www.lanternboutiquehoian.com\/vi\/services-facilities\/gym\/\"]}]},{\"@type\":\"BreadcrumbList\",\"@id\":\"https:\/\/www.lanternboutiquehoian.com\/vi\/services-facilities\/gym\/#breadcrumb\",\"itemListElement\":[{\"@type\":\"ListItem\",\"position\":1,\"name\":\"Home\",\"item\":\"https:\/\/www.lanternboutiquehoian.com\/vi\/\"},{\"@type\":\"ListItem\",\"position\":2,\"name\":\"D\u1ecbch v\u1ee5 &#038; Ti\u1ec7n \u00edch\",\"item\":\"https:\/\/www.lanternboutiquehoian.com\/vi\/services-facilities\/\"},{\"@type\":\"ListItem\",\"position\":3,\"name\":\"Ph\u00f2ng th\u1ec3 h\u00ecnh\"}]},{\"@type\":\"WebSite\",\"@id\":\"https:\/\/www.lanternboutiquehoian.com\/vi\/#website\",\"url\":\"https:\/\/www.lanternboutiquehoian.com\/vi\/\",\"name\":\"Lantern Boutique Hoi An\",\"description\":\"\",\"potentialAction\":[{\"@type\":\"SearchAction\",\"target\":{\"@type\":\"EntryPoint\",\"urlTemplate\":\"https:\/\/www.lanternboutiquehoian.com\/vi\/?s={search_term_string}\"},\"query-input\":\"required name=search_term_string\"}],\"inLanguage\":\"vi-VN\"}]}<\/script>\n<!-- \/ Yoast SEO plugin. -->","yoast_head_json":{"title":"Ph\u00f2ng th\u1ec3 h\u00ecnh - Lantern Boutique Hoi An","robots":{"index":"index","follow":"follow","max-snippet":"max-snippet:-1","max-image-preview":"max-image-preview:large","max-video-preview":"max-video-preview:-1"},"canonical":"https:\/\/www.lanternboutiquehoian.com\/vi\/services-facilities\/gym\/","og_locale":"vi_VN","og_type":"article","og_title":"Ph\u00f2ng th\u1ec3 h\u00ecnh - Lantern Boutique Hoi An","og_description":"\u0110\u1ea3m b\u1ea3o s\u1ef1 ti\u1ec7n nghi \u0111\u1ec3 b\u1eaft \u0111\u1ea7u ng\u00e0y m\u1edbi t\u1ea1i ph\u00f2ng t\u1eadp th\u1ec3 h\u00ecnh v\u1edbi c\u00e1c thi\u1ebft b\u1ecb hi\u1ec7n \u0111\u1ea1i gi\u00fap b\u1ea1n th\u1ee9c t\u1ec9nh c\u00e1c gi\u00e1c quan cho ng\u00e0y m\u1edbi \u0111\u1ea7y minh m\u1eabn. V\u1ecb tr\u00ed: T\u1ea7ng 2 Th\u1eddi gian ho\u1ea1t \u0111\u1ed9ng: 08:00 \u2013 21:00","og_url":"https:\/\/www.lanternboutiquehoian.com\/vi\/services-facilities\/gym\/","og_site_name":"Lantern Boutique Hoi An","article_modified_time":"2026-02-09T03:41:40+00:00","twitter_card":"summary_large_image","twitter_misc":{"Est. reading time":"1 minute"},"schema":{"@context":"https:\/\/schema.org","@graph":[{"@type":"WebPage","@id":"https:\/\/www.lanternboutiquehoian.com\/vi\/services-facilities\/gym\/","url":"https:\/\/www.lanternboutiquehoian.com\/vi\/services-facilities\/gym\/","name":"Ph\u00f2ng th\u1ec3 h\u00ecnh - Lantern Boutique Hoi An","isPartOf":{"@id":"https:\/\/www.lanternboutiquehoian.com\/vi\/#website"},"datePublished":"2025-12-30T06:19:29+00:00","dateModified":"2026-02-09T03:41:40+00:00","breadcrumb":{"@id":"https:\/\/www.lanternboutiquehoian.com\/vi\/services-facilities\/gym\/#breadcrumb"},"inLanguage":"vi-VN","potentialAction":[{"@type":"ReadAction","target":["https:\/\/www.lanternboutiquehoian.com\/vi\/services-facilities\/gym\/"]}]},{"@type":"BreadcrumbList","@id":"https:\/\/www.lanternboutiquehoian.com\/vi\/services-facilities\/gym\/#breadcrumb","itemListElement":[{"@type":"ListItem","position":1,"name":"Home","item":"https:\/\/www.lanternboutiquehoian.com\/vi\/"},{"@type":"ListItem","position":2,"name":"D\u1ecbch v\u1ee5 &#038; Ti\u1ec7n \u00edch","item":"https:\/\/www.lanternboutiquehoian.com\/vi\/services-facilities\/"},{"@type":"ListItem","position":3,"name":"Ph\u00f2ng th\u1ec3 h\u00ecnh"}]},{"@type":"WebSite","@id":"https:\/\/www.lanternboutiquehoian.com\/vi\/#website","url":"https:\/\/www.lanternboutiquehoian.com\/vi\/","name":"Lantern Boutique Hoi An","description":"","potentialAction":[{"@type":"SearchAction","target":{"@type":"EntryPoint","urlTemplate":"https:\/\/www.lanternboutiquehoian.com\/vi\/?s={search_term_string}"},"query-input":"required name=search_term_string"}],"inLanguage":"vi-VN"}]}},"acf":[],"_links":{"self":[{"href":"https:\/\/www.lanternboutiquehoian.com\/vi\/wp-json\/wp\/v2\/pages\/48"}],"collection":[{"href":"https:\/\/www.lanternboutiquehoian.com\/vi\/wp-json\/wp\/v2\/pages"}],"about":[{"href":"https:\/\/www.lanternboutiquehoian.com\/vi\/wp-json\/wp\/v2\/types\/page"}],"author":[{"embeddable":true,"href":"https:\/\/www.lanternboutiquehoian.com\/vi\/wp-json\/wp\/v2\/users\/8"}],"replies":[{"embeddable":true,"href":"https:\/\/www.lanternboutiquehoian.com\/vi\/wp-json\/wp\/v2\/comments?post=48"}],"version-history":[{"count":0,"href":"https:\/\/www.lanternboutiquehoian.com\/vi\/wp-json\/wp\/v2\/pages\/48\/revisions"}],"up":[{"embeddable":true,"href":"https:\/\/www.lanternboutiquehoian.com\/vi\/wp-json\/wp\/v2\/pages\/42"}],"wp:attachment":[{"href":"https:\/\/www.lanternboutiquehoian.com\/vi\/wp-json\/wp\/v2\/media?parent=48"}],"curies":[{"name":"wp","href":"https:\/\/api.w.org\/{rel}","templated":true}]}}