{"id":45,"date":"2025-12-30T06:15:40","date_gmt":"2025-12-30T06:15:40","guid":{"rendered":"https:\/\/lanternboutiquehoian.ms2.decms.asia\/services-facilities\/swimming-pool\/"},"modified":"2026-03-19T07:58:14","modified_gmt":"2026-03-19T07:58:14","slug":"swimming-pool","status":"publish","type":"page","link":"https:\/\/www.lanternboutiquehoian.com\/vi\/services-facilities\/swimming-pool\/","title":{"rendered":"H\u1ed3 b\u01a1i"},"content":{"rendered":"<p style=\"text-align: center\">\u0110\u1eafm m\u00ecnh trong s\u1ef1 t\u01b0\u01a1i m\u00e1t t\u1ea1i h\u1ed3 b\u01a1i. Ch\u00e0o \u0111\u00f3n \u00e1nh m\u1eb7t tr\u1eddi ban mai c\u00f9ng l\u00e0n gi\u00f3 nh\u1eb9 nh\u00e0ng vu\u1ed1t ve qua khu v\u01b0\u1eddn xanh m\u00e1t t\u00f4 \u0111i\u1ec3m s\u1eafc hoa.<\/p>\n<p style=\"text-align: center\"><strong>V\u1ecb tr\u00ed:<\/strong> T\u1ea7ng Tr\u1ec7t<br \/>\n<strong>Gi\u1edd ho\u1ea1t \u0111\u1ed9ng:<\/strong> 9:00 \u2013 17:00<\/p>\n","protected":false},"excerpt":{"rendered":"<p>\u0110\u1eafm m\u00ecnh trong s\u1ef1 t\u01b0\u01a1i m\u00e1t t\u1ea1i h\u1ed3 b\u01a1i. Ch\u00e0o \u0111\u00f3n \u00e1nh m\u1eb7t tr\u1eddi ban mai c\u00f9ng l\u00e0n gi\u00f3 nh\u1eb9 nh\u00e0ng vu\u1ed1t ve qua khu v\u01b0\u1eddn xanh m\u00e1t t\u00f4 \u0111i\u1ec3m s\u1eafc hoa. V\u1ecb tr\u00ed: T\u1ea7ng Tr\u1ec7t Gi\u1edd ho\u1ea1t \u0111\u1ed9ng: 9:00 \u2013 17:00<\/p>\n","protected":false},"author":8,"featured_media":272,"parent":42,"menu_order":0,"comment_status":"closed","ping_status":"closed","template":"template-single-service.php","meta":{"footnotes":""},"yoast_head":"<!-- This site is optimized with the Yoast SEO plugin v22.3 - https:\/\/yoast.com\/wordpress\/plugins\/seo\/ -->\n<title>H\u1ed3 b\u01a1i - Lantern Boutique Hoi An<\/title>\n<meta name=\"robots\" content=\"index, follow, max-snippet:-1, max-image-preview:large, max-video-preview:-1\" \/>\n<link rel=\"canonical\" href=\"https:\/\/www.lanternboutiquehoian.com\/vi\/services-facilities\/swimming-pool\/\" \/>\n<meta property=\"og:locale\" content=\"vi_VN\" \/>\n<meta property=\"og:type\" content=\"article\" \/>\n<meta property=\"og:title\" content=\"H\u1ed3 b\u01a1i - Lantern Boutique Hoi An\" \/>\n<meta property=\"og:description\" content=\"\u0110\u1eafm m\u00ecnh trong s\u1ef1 t\u01b0\u01a1i m\u00e1t t\u1ea1i h\u1ed3 b\u01a1i. Ch\u00e0o \u0111\u00f3n \u00e1nh m\u1eb7t tr\u1eddi ban mai c\u00f9ng l\u00e0n gi\u00f3 nh\u1eb9 nh\u00e0ng vu\u1ed1t ve qua khu v\u01b0\u1eddn xanh m\u00e1t t\u00f4 \u0111i\u1ec3m s\u1eafc hoa. V\u1ecb tr\u00ed: T\u1ea7ng Tr\u1ec7t Gi\u1edd ho\u1ea1t \u0111\u1ed9ng: 9:00 \u2013 17:00\" \/>\n<meta property=\"og:url\" content=\"https:\/\/www.lanternboutiquehoian.com\/vi\/services-facilities\/swimming-pool\/\" \/>\n<meta property=\"og:site_name\" content=\"Lantern Boutique Hoi An\" \/>\n<meta property=\"article:modified_time\" content=\"2026-03-19T07:58:14+00:00\" \/>\n<meta property=\"og:image\" content=\"https:\/\/www.lanternboutiquehoian.com\/wp-content\/uploads\/sites\/146\/2026\/03\/A742412-HDR-copy.jpg\" \/>\n\t<meta property=\"og:image:width\" content=\"2200\" \/>\n\t<meta property=\"og:image:height\" content=\"1467\" \/>\n\t<meta property=\"og:image:type\" content=\"image\/jpeg\" \/>\n<meta name=\"twitter:card\" content=\"summary_large_image\" \/>\n<meta name=\"twitter:label1\" content=\"Est. reading time\" \/>\n\t<meta name=\"twitter:data1\" content=\"1 minute\" \/>\n<script type=\"application\/ld+json\" class=\"yoast-schema-graph\">{\"@context\":\"https:\/\/schema.org\",\"@graph\":[{\"@type\":\"WebPage\",\"@id\":\"https:\/\/www.lanternboutiquehoian.com\/vi\/services-facilities\/swimming-pool\/\",\"url\":\"https:\/\/www.lanternboutiquehoian.com\/vi\/services-facilities\/swimming-pool\/\",\"name\":\"H\u1ed3 b\u01a1i - Lantern Boutique Hoi An\",\"isPartOf\":{\"@id\":\"https:\/\/www.lanternboutiquehoian.com\/vi\/#website\"},\"primaryImageOfPage\":{\"@id\":\"https:\/\/www.lanternboutiquehoian.com\/vi\/services-facilities\/swimming-pool\/#primaryimage\"},\"image\":{\"@id\":\"https:\/\/www.lanternboutiquehoian.com\/vi\/services-facilities\/swimming-pool\/#primaryimage\"},\"thumbnailUrl\":\"https:\/\/www.lanternboutiquehoian.com\/wp-content\/uploads\/sites\/146\/2026\/03\/A742412-HDR-copy.jpg\",\"datePublished\":\"2025-12-30T06:15:40+00:00\",\"dateModified\":\"2026-03-19T07:58:14+00:00\",\"breadcrumb\":{\"@id\":\"https:\/\/www.lanternboutiquehoian.com\/vi\/services-facilities\/swimming-pool\/#breadcrumb\"},\"inLanguage\":\"vi-VN\",\"potentialAction\":[{\"@type\":\"ReadAction\",\"target\":[\"https:\/\/www.lanternboutiquehoian.com\/vi\/services-facilities\/swimming-pool\/\"]}]},{\"@type\":\"ImageObject\",\"inLanguage\":\"vi-VN\",\"@id\":\"https:\/\/www.lanternboutiquehoian.com\/vi\/services-facilities\/swimming-pool\/#primaryimage\",\"url\":\"https:\/\/www.lanternboutiquehoian.com\/wp-content\/uploads\/sites\/146\/2026\/03\/A742412-HDR-copy.jpg\",\"contentUrl\":\"https:\/\/www.lanternboutiquehoian.com\/wp-content\/uploads\/sites\/146\/2026\/03\/A742412-HDR-copy.jpg\",\"width\":2200,\"height\":1467},{\"@type\":\"BreadcrumbList\",\"@id\":\"https:\/\/www.lanternboutiquehoian.com\/vi\/services-facilities\/swimming-pool\/#breadcrumb\",\"itemListElement\":[{\"@type\":\"ListItem\",\"position\":1,\"name\":\"Home\",\"item\":\"https:\/\/www.lanternboutiquehoian.com\/vi\/\"},{\"@type\":\"ListItem\",\"position\":2,\"name\":\"D\u1ecbch v\u1ee5 &#038; Ti\u1ec7n \u00edch\",\"item\":\"https:\/\/www.lanternboutiquehoian.com\/vi\/services-facilities\/\"},{\"@type\":\"ListItem\",\"position\":3,\"name\":\"H\u1ed3 b\u01a1i\"}]},{\"@type\":\"WebSite\",\"@id\":\"https:\/\/www.lanternboutiquehoian.com\/vi\/#website\",\"url\":\"https:\/\/www.lanternboutiquehoian.com\/vi\/\",\"name\":\"Lantern Boutique Hoi An\",\"description\":\"\",\"potentialAction\":[{\"@type\":\"SearchAction\",\"target\":{\"@type\":\"EntryPoint\",\"urlTemplate\":\"https:\/\/www.lanternboutiquehoian.com\/vi\/?s={search_term_string}\"},\"query-input\":\"required name=search_term_string\"}],\"inLanguage\":\"vi-VN\"}]}<\/script>\n<!-- \/ Yoast SEO plugin. -->","yoast_head_json":{"title":"H\u1ed3 b\u01a1i - Lantern Boutique Hoi An","robots":{"index":"index","follow":"follow","max-snippet":"max-snippet:-1","max-image-preview":"max-image-preview:large","max-video-preview":"max-video-preview:-1"},"canonical":"https:\/\/www.lanternboutiquehoian.com\/vi\/services-facilities\/swimming-pool\/","og_locale":"vi_VN","og_type":"article","og_title":"H\u1ed3 b\u01a1i - Lantern Boutique Hoi An","og_description":"\u0110\u1eafm m\u00ecnh trong s\u1ef1 t\u01b0\u01a1i m\u00e1t t\u1ea1i h\u1ed3 b\u01a1i. Ch\u00e0o \u0111\u00f3n \u00e1nh m\u1eb7t tr\u1eddi ban mai c\u00f9ng l\u00e0n gi\u00f3 nh\u1eb9 nh\u00e0ng vu\u1ed1t ve qua khu v\u01b0\u1eddn xanh m\u00e1t t\u00f4 \u0111i\u1ec3m s\u1eafc hoa. V\u1ecb tr\u00ed: T\u1ea7ng Tr\u1ec7t Gi\u1edd ho\u1ea1t \u0111\u1ed9ng: 9:00 \u2013 17:00","og_url":"https:\/\/www.lanternboutiquehoian.com\/vi\/services-facilities\/swimming-pool\/","og_site_name":"Lantern Boutique Hoi An","article_modified_time":"2026-03-19T07:58:14+00:00","og_image":[{"width":2200,"height":1467,"url":"https:\/\/www.lanternboutiquehoian.com\/wp-content\/uploads\/sites\/146\/2026\/03\/A742412-HDR-copy.jpg","type":"image\/jpeg"}],"twitter_card":"summary_large_image","twitter_misc":{"Est. reading time":"1 minute"},"schema":{"@context":"https:\/\/schema.org","@graph":[{"@type":"WebPage","@id":"https:\/\/www.lanternboutiquehoian.com\/vi\/services-facilities\/swimming-pool\/","url":"https:\/\/www.lanternboutiquehoian.com\/vi\/services-facilities\/swimming-pool\/","name":"H\u1ed3 b\u01a1i - Lantern Boutique Hoi An","isPartOf":{"@id":"https:\/\/www.lanternboutiquehoian.com\/vi\/#website"},"primaryImageOfPage":{"@id":"https:\/\/www.lanternboutiquehoian.com\/vi\/services-facilities\/swimming-pool\/#primaryimage"},"image":{"@id":"https:\/\/www.lanternboutiquehoian.com\/vi\/services-facilities\/swimming-pool\/#primaryimage"},"thumbnailUrl":"https:\/\/www.lanternboutiquehoian.com\/wp-content\/uploads\/sites\/146\/2026\/03\/A742412-HDR-copy.jpg","datePublished":"2025-12-30T06:15:40+00:00","dateModified":"2026-03-19T07:58:14+00:00","breadcrumb":{"@id":"https:\/\/www.lanternboutiquehoian.com\/vi\/services-facilities\/swimming-pool\/#breadcrumb"},"inLanguage":"vi-VN","potentialAction":[{"@type":"ReadAction","target":["https:\/\/www.lanternboutiquehoian.com\/vi\/services-facilities\/swimming-pool\/"]}]},{"@type":"ImageObject","inLanguage":"vi-VN","@id":"https:\/\/www.lanternboutiquehoian.com\/vi\/services-facilities\/swimming-pool\/#primaryimage","url":"https:\/\/www.lanternboutiquehoian.com\/wp-content\/uploads\/sites\/146\/2026\/03\/A742412-HDR-copy.jpg","contentUrl":"https:\/\/www.lanternboutiquehoian.com\/wp-content\/uploads\/sites\/146\/2026\/03\/A742412-HDR-copy.jpg","width":2200,"height":1467},{"@type":"BreadcrumbList","@id":"https:\/\/www.lanternboutiquehoian.com\/vi\/services-facilities\/swimming-pool\/#breadcrumb","itemListElement":[{"@type":"ListItem","position":1,"name":"Home","item":"https:\/\/www.lanternboutiquehoian.com\/vi\/"},{"@type":"ListItem","position":2,"name":"D\u1ecbch v\u1ee5 &#038; Ti\u1ec7n \u00edch","item":"https:\/\/www.lanternboutiquehoian.com\/vi\/services-facilities\/"},{"@type":"ListItem","position":3,"name":"H\u1ed3 b\u01a1i"}]},{"@type":"WebSite","@id":"https:\/\/www.lanternboutiquehoian.com\/vi\/#website","url":"https:\/\/www.lanternboutiquehoian.com\/vi\/","name":"Lantern Boutique Hoi An","description":"","potentialAction":[{"@type":"SearchAction","target":{"@type":"EntryPoint","urlTemplate":"https:\/\/www.lanternboutiquehoian.com\/vi\/?s={search_term_string}"},"query-input":"required name=search_term_string"}],"inLanguage":"vi-VN"}]}},"acf":[],"_links":{"self":[{"href":"https:\/\/www.lanternboutiquehoian.com\/vi\/wp-json\/wp\/v2\/pages\/45"}],"collection":[{"href":"https:\/\/www.lanternboutiquehoian.com\/vi\/wp-json\/wp\/v2\/pages"}],"about":[{"href":"https:\/\/www.lanternboutiquehoian.com\/vi\/wp-json\/wp\/v2\/types\/page"}],"author":[{"embeddable":true,"href":"https:\/\/www.lanternboutiquehoian.com\/vi\/wp-json\/wp\/v2\/users\/8"}],"replies":[{"embeddable":true,"href":"https:\/\/www.lanternboutiquehoian.com\/vi\/wp-json\/wp\/v2\/comments?post=45"}],"version-history":[{"count":0,"href":"https:\/\/www.lanternboutiquehoian.com\/vi\/wp-json\/wp\/v2\/pages\/45\/revisions"}],"up":[{"embeddable":true,"href":"https:\/\/www.lanternboutiquehoian.com\/vi\/wp-json\/wp\/v2\/pages\/42"}],"wp:featuredmedia":[{"embeddable":true,"href":"https:\/\/www.lanternboutiquehoian.com\/vi\/wp-json\/wp\/v2\/media\/272"}],"wp:attachment":[{"href":"https:\/\/www.lanternboutiquehoian.com\/vi\/wp-json\/wp\/v2\/media?parent=45"}],"curies":[{"name":"wp","href":"https:\/\/api.w.org\/{rel}","templated":true}]}}