{"id":425,"date":"2026-04-24T03:05:47","date_gmt":"2026-04-24T03:05:47","guid":{"rendered":"https:\/\/www.lanternboutiquehoian.com\/?page_id=425"},"modified":"2026-04-25T01:58:06","modified_gmt":"2026-04-25T01:58:06","slug":"happy-hour","status":"publish","type":"page","link":"https:\/\/www.lanternboutiquehoian.com\/vi\/special-offer\/happy-hour\/","title":{"rendered":"Happy Hour"},"content":{"rendered":"<p style=\"text-align: left\">Th\u01b0\u1edfng th\u1ee9c m\u00f3n cocktail t\u01b0\u01a1i m\u00e1t b\u00ean h\u1ed3 b\u01a1i v\u1edbi \u01b0u \u0111\u00e3i:<\/p>\n<ul style=\"text-align: left\">\n<li><strong>Mua 1 T\u1eb7ng 1<\/strong> cho Cocktail<\/li>\n<li><strong>Mua 2 T\u1eb7ng 1<\/strong> cho bia \u0111\u1ecba ph\u01b0\u01a1ng<\/li>\n<\/ul>\n<p style=\"text-align: left\"><strong>Th\u1eddi gian:<\/strong> T\u1eeb 15:00 \u0111\u1ebfn 18:00 m\u1ed7i ng\u00e0y<\/p>\n<p style=\"text-align: left\">\u00c1p d\u1ee5ng khi \u0111\u1eb7t tr\u1ef1c ti\u1ebfp t\u1ea1i nh\u00e0 h\u00e0ng &amp; c\u00e0 ph\u00ea Faifo<\/p>\n<p style=\"text-align: left\">Ho\u1eb7c vui l\u00f2ng li\u00ean h\u1ec7 v\u1edbi ch\u00fang t\u00f4i qua s\u1ed1 \u0111i\u1ec7n tho\u1ea1i <strong>+84 (0) 235 3923 357<\/strong> ho\u1eb7c email <strong>info@lanternboutiquehoian.com<\/strong> \u0111\u1ec3 bi\u1ebft th\u00eam th\u00f4ng tin chi ti\u1ebft.<\/p>\n","protected":false},"excerpt":{"rendered":"<p>Th\u01b0\u1edfng th\u1ee9c m\u00f3n cocktail t\u01b0\u01a1i m\u00e1t b\u00ean h\u1ed3 b\u01a1i v\u1edbi \u01b0u \u0111\u00e3i: Mua 1 T\u1eb7ng 1 cho Cocktail Mua 2 T\u1eb7ng 1 cho bia \u0111\u1ecba ph\u01b0\u01a1ng Th\u1eddi gian: T\u1eeb 15:00 \u0111\u1ebfn 18:00 m\u1ed7i ng\u00e0y \u00c1p d\u1ee5ng khi \u0111\u1eb7t tr\u1ef1c ti\u1ebfp t\u1ea1i nh\u00e0 h\u00e0ng &amp; c\u00e0 ph\u00ea Faifo Ho\u1eb7c vui l\u00f2ng li\u00ean h\u1ec7 v\u1edbi ch\u00fang t\u00f4i [&hellip;]<\/p>\n","protected":false},"author":267,"featured_media":424,"parent":36,"menu_order":0,"comment_status":"closed","ping_status":"closed","template":"template-single-offer.php","meta":{"footnotes":""},"yoast_head":"<!-- This site is optimized with the Yoast SEO plugin v22.3 - https:\/\/yoast.com\/wordpress\/plugins\/seo\/ -->\n<title>Happy Hour - Lantern Boutique Hoi An<\/title>\n<meta name=\"robots\" content=\"index, follow, max-snippet:-1, max-image-preview:large, max-video-preview:-1\" \/>\n<link rel=\"canonical\" href=\"https:\/\/www.lanternboutiquehoian.com\/vi\/special-offer\/happy-hour\/\" \/>\n<meta property=\"og:locale\" content=\"vi_VN\" \/>\n<meta property=\"og:type\" content=\"article\" \/>\n<meta property=\"og:title\" content=\"Happy Hour - Lantern Boutique Hoi An\" \/>\n<meta property=\"og:description\" content=\"Th\u01b0\u1edfng th\u1ee9c m\u00f3n cocktail t\u01b0\u01a1i m\u00e1t b\u00ean h\u1ed3 b\u01a1i v\u1edbi \u01b0u \u0111\u00e3i: Mua 1 T\u1eb7ng 1 cho Cocktail Mua 2 T\u1eb7ng 1 cho bia \u0111\u1ecba ph\u01b0\u01a1ng Th\u1eddi gian: T\u1eeb 15:00 \u0111\u1ebfn 18:00 m\u1ed7i ng\u00e0y \u00c1p d\u1ee5ng khi \u0111\u1eb7t tr\u1ef1c ti\u1ebfp t\u1ea1i nh\u00e0 h\u00e0ng &amp; c\u00e0 ph\u00ea Faifo Ho\u1eb7c vui l\u00f2ng li\u00ean h\u1ec7 v\u1edbi ch\u00fang t\u00f4i [&hellip;]\" \/>\n<meta property=\"og:url\" content=\"https:\/\/www.lanternboutiquehoian.com\/vi\/special-offer\/happy-hour\/\" \/>\n<meta property=\"og:site_name\" content=\"Lantern Boutique Hoi An\" \/>\n<meta property=\"article:modified_time\" content=\"2026-04-25T01:58:06+00:00\" \/>\n<meta property=\"og:image\" content=\"https:\/\/www.lanternboutiquehoian.com\/wp-content\/uploads\/sites\/146\/2026\/04\/Pool-web-1024x768.png\" \/>\n\t<meta property=\"og:image:width\" content=\"1024\" \/>\n\t<meta property=\"og:image:height\" content=\"768\" \/>\n\t<meta property=\"og:image:type\" content=\"image\/png\" \/>\n<meta name=\"twitter:card\" content=\"summary_large_image\" \/>\n<meta name=\"twitter:label1\" content=\"Est. reading time\" \/>\n\t<meta name=\"twitter:data1\" content=\"1 minute\" \/>\n<script type=\"application\/ld+json\" class=\"yoast-schema-graph\">{\"@context\":\"https:\/\/schema.org\",\"@graph\":[{\"@type\":\"WebPage\",\"@id\":\"https:\/\/www.lanternboutiquehoian.com\/vi\/special-offer\/happy-hour\/\",\"url\":\"https:\/\/www.lanternboutiquehoian.com\/vi\/special-offer\/happy-hour\/\",\"name\":\"Happy Hour - Lantern Boutique Hoi An\",\"isPartOf\":{\"@id\":\"https:\/\/www.lanternboutiquehoian.com\/vi\/#website\"},\"primaryImageOfPage\":{\"@id\":\"https:\/\/www.lanternboutiquehoian.com\/vi\/special-offer\/happy-hour\/#primaryimage\"},\"image\":{\"@id\":\"https:\/\/www.lanternboutiquehoian.com\/vi\/special-offer\/happy-hour\/#primaryimage\"},\"thumbnailUrl\":\"https:\/\/www.lanternboutiquehoian.com\/wp-content\/uploads\/sites\/146\/2026\/04\/Pool-web.png\",\"datePublished\":\"2026-04-24T03:05:47+00:00\",\"dateModified\":\"2026-04-25T01:58:06+00:00\",\"breadcrumb\":{\"@id\":\"https:\/\/www.lanternboutiquehoian.com\/vi\/special-offer\/happy-hour\/#breadcrumb\"},\"inLanguage\":\"vi-VN\",\"potentialAction\":[{\"@type\":\"ReadAction\",\"target\":[\"https:\/\/www.lanternboutiquehoian.com\/vi\/special-offer\/happy-hour\/\"]}]},{\"@type\":\"ImageObject\",\"inLanguage\":\"vi-VN\",\"@id\":\"https:\/\/www.lanternboutiquehoian.com\/vi\/special-offer\/happy-hour\/#primaryimage\",\"url\":\"https:\/\/www.lanternboutiquehoian.com\/wp-content\/uploads\/sites\/146\/2026\/04\/Pool-web.png\",\"contentUrl\":\"https:\/\/www.lanternboutiquehoian.com\/wp-content\/uploads\/sites\/146\/2026\/04\/Pool-web.png\",\"width\":2000,\"height\":1500},{\"@type\":\"BreadcrumbList\",\"@id\":\"https:\/\/www.lanternboutiquehoian.com\/vi\/special-offer\/happy-hour\/#breadcrumb\",\"itemListElement\":[{\"@type\":\"ListItem\",\"position\":1,\"name\":\"Home\",\"item\":\"https:\/\/www.lanternboutiquehoian.com\/vi\/\"},{\"@type\":\"ListItem\",\"position\":2,\"name\":\"\u01afU \u0110\u00c3I\",\"item\":\"https:\/\/www.lanternboutiquehoian.com\/vi\/special-offer\/\"},{\"@type\":\"ListItem\",\"position\":3,\"name\":\"Happy Hour\"}]},{\"@type\":\"WebSite\",\"@id\":\"https:\/\/www.lanternboutiquehoian.com\/vi\/#website\",\"url\":\"https:\/\/www.lanternboutiquehoian.com\/vi\/\",\"name\":\"Lantern Boutique Hoi An\",\"description\":\"\",\"potentialAction\":[{\"@type\":\"SearchAction\",\"target\":{\"@type\":\"EntryPoint\",\"urlTemplate\":\"https:\/\/www.lanternboutiquehoian.com\/vi\/?s={search_term_string}\"},\"query-input\":\"required name=search_term_string\"}],\"inLanguage\":\"vi-VN\"}]}<\/script>\n<!-- \/ Yoast SEO plugin. -->","yoast_head_json":{"title":"Happy Hour - Lantern Boutique Hoi An","robots":{"index":"index","follow":"follow","max-snippet":"max-snippet:-1","max-image-preview":"max-image-preview:large","max-video-preview":"max-video-preview:-1"},"canonical":"https:\/\/www.lanternboutiquehoian.com\/vi\/special-offer\/happy-hour\/","og_locale":"vi_VN","og_type":"article","og_title":"Happy Hour - Lantern Boutique Hoi An","og_description":"Th\u01b0\u1edfng th\u1ee9c m\u00f3n cocktail t\u01b0\u01a1i m\u00e1t b\u00ean h\u1ed3 b\u01a1i v\u1edbi \u01b0u \u0111\u00e3i: Mua 1 T\u1eb7ng 1 cho Cocktail Mua 2 T\u1eb7ng 1 cho bia \u0111\u1ecba ph\u01b0\u01a1ng Th\u1eddi gian: T\u1eeb 15:00 \u0111\u1ebfn 18:00 m\u1ed7i ng\u00e0y \u00c1p d\u1ee5ng khi \u0111\u1eb7t tr\u1ef1c ti\u1ebfp t\u1ea1i nh\u00e0 h\u00e0ng &amp; c\u00e0 ph\u00ea Faifo Ho\u1eb7c vui l\u00f2ng li\u00ean h\u1ec7 v\u1edbi ch\u00fang t\u00f4i [&hellip;]","og_url":"https:\/\/www.lanternboutiquehoian.com\/vi\/special-offer\/happy-hour\/","og_site_name":"Lantern Boutique Hoi An","article_modified_time":"2026-04-25T01:58:06+00:00","og_image":[{"width":1024,"height":768,"url":"https:\/\/www.lanternboutiquehoian.com\/wp-content\/uploads\/sites\/146\/2026\/04\/Pool-web-1024x768.png","type":"image\/png"}],"twitter_card":"summary_large_image","twitter_misc":{"Est. reading time":"1 minute"},"schema":{"@context":"https:\/\/schema.org","@graph":[{"@type":"WebPage","@id":"https:\/\/www.lanternboutiquehoian.com\/vi\/special-offer\/happy-hour\/","url":"https:\/\/www.lanternboutiquehoian.com\/vi\/special-offer\/happy-hour\/","name":"Happy Hour - Lantern Boutique Hoi An","isPartOf":{"@id":"https:\/\/www.lanternboutiquehoian.com\/vi\/#website"},"primaryImageOfPage":{"@id":"https:\/\/www.lanternboutiquehoian.com\/vi\/special-offer\/happy-hour\/#primaryimage"},"image":{"@id":"https:\/\/www.lanternboutiquehoian.com\/vi\/special-offer\/happy-hour\/#primaryimage"},"thumbnailUrl":"https:\/\/www.lanternboutiquehoian.com\/wp-content\/uploads\/sites\/146\/2026\/04\/Pool-web.png","datePublished":"2026-04-24T03:05:47+00:00","dateModified":"2026-04-25T01:58:06+00:00","breadcrumb":{"@id":"https:\/\/www.lanternboutiquehoian.com\/vi\/special-offer\/happy-hour\/#breadcrumb"},"inLanguage":"vi-VN","potentialAction":[{"@type":"ReadAction","target":["https:\/\/www.lanternboutiquehoian.com\/vi\/special-offer\/happy-hour\/"]}]},{"@type":"ImageObject","inLanguage":"vi-VN","@id":"https:\/\/www.lanternboutiquehoian.com\/vi\/special-offer\/happy-hour\/#primaryimage","url":"https:\/\/www.lanternboutiquehoian.com\/wp-content\/uploads\/sites\/146\/2026\/04\/Pool-web.png","contentUrl":"https:\/\/www.lanternboutiquehoian.com\/wp-content\/uploads\/sites\/146\/2026\/04\/Pool-web.png","width":2000,"height":1500},{"@type":"BreadcrumbList","@id":"https:\/\/www.lanternboutiquehoian.com\/vi\/special-offer\/happy-hour\/#breadcrumb","itemListElement":[{"@type":"ListItem","position":1,"name":"Home","item":"https:\/\/www.lanternboutiquehoian.com\/vi\/"},{"@type":"ListItem","position":2,"name":"\u01afU \u0110\u00c3I","item":"https:\/\/www.lanternboutiquehoian.com\/vi\/special-offer\/"},{"@type":"ListItem","position":3,"name":"Happy Hour"}]},{"@type":"WebSite","@id":"https:\/\/www.lanternboutiquehoian.com\/vi\/#website","url":"https:\/\/www.lanternboutiquehoian.com\/vi\/","name":"Lantern Boutique Hoi An","description":"","potentialAction":[{"@type":"SearchAction","target":{"@type":"EntryPoint","urlTemplate":"https:\/\/www.lanternboutiquehoian.com\/vi\/?s={search_term_string}"},"query-input":"required name=search_term_string"}],"inLanguage":"vi-VN"}]}},"acf":[],"_links":{"self":[{"href":"https:\/\/www.lanternboutiquehoian.com\/vi\/wp-json\/wp\/v2\/pages\/425"}],"collection":[{"href":"https:\/\/www.lanternboutiquehoian.com\/vi\/wp-json\/wp\/v2\/pages"}],"about":[{"href":"https:\/\/www.lanternboutiquehoian.com\/vi\/wp-json\/wp\/v2\/types\/page"}],"author":[{"embeddable":true,"href":"https:\/\/www.lanternboutiquehoian.com\/vi\/wp-json\/wp\/v2\/users\/267"}],"replies":[{"embeddable":true,"href":"https:\/\/www.lanternboutiquehoian.com\/vi\/wp-json\/wp\/v2\/comments?post=425"}],"version-history":[{"count":0,"href":"https:\/\/www.lanternboutiquehoian.com\/vi\/wp-json\/wp\/v2\/pages\/425\/revisions"}],"up":[{"embeddable":true,"href":"https:\/\/www.lanternboutiquehoian.com\/vi\/wp-json\/wp\/v2\/pages\/36"}],"wp:featuredmedia":[{"embeddable":true,"href":"https:\/\/www.lanternboutiquehoian.com\/vi\/wp-json\/wp\/v2\/media\/424"}],"wp:attachment":[{"href":"https:\/\/www.lanternboutiquehoian.com\/vi\/wp-json\/wp\/v2\/media?parent=425"}],"curies":[{"name":"wp","href":"https:\/\/api.w.org\/{rel}","templated":true}]}}