{"id":42,"date":"2025-12-30T06:14:02","date_gmt":"2025-12-30T06:14:02","guid":{"rendered":"https:\/\/lanternboutiquehoian.ms2.decms.asia\/services-facilities\/"},"modified":"2026-02-09T03:39:15","modified_gmt":"2026-02-09T03:39:15","slug":"services-facilities","status":"publish","type":"page","link":"https:\/\/www.lanternboutiquehoian.com\/vi\/services-facilities\/","title":{"rendered":"D\u1ecbch v\u1ee5 &#038; Ti\u1ec7n \u00edch"},"content":{"rendered":"<p style=\"text-align: center;\">Tr\u1ea3i nghi\u1ec7m tinh th\u1ea7n H\u1ed9i An qua t\u1eebng chi ti\u1ebft t\u1ea1i Lantern Boutique Hoi An. Cho d\u00f9 b\u1ea1n th\u01b0 gi\u00e3n b\u00ean h\u1ed3 b\u01a1i, d\u1ea1o quanh khu v\u01b0\u1eddn xanh m\u00e1t hay \u0111\u01a1n gi\u1ea3n l\u00e0 t\u1ea3n b\u1ed9 qua nh\u1eefng con ph\u1ed1 c\u1ed5 y\u00ean b\u00ecnh, m\u1ed7i kho\u1ea3nh kh\u1eafc \u0111\u1ec1u mang \u0111\u1ebfn s\u1ef1 g\u1ea7n g\u0169i v\u00e0 an nhi\u00ean. M\u1ed7i d\u1ecbch v\u1ee5 \u0111\u01b0\u1ee3c t\u1ea1o n\u00ean v\u1edbi s\u1ef1 ch\u00e2n th\u00e0nh v\u00e0 \u1ea5m \u00e1p, ph\u1ea3n chi\u1ebfu tinh th\u1ea7n hi\u1ebfu kh\u00e1ch c\u1ee7a ng\u01b0\u1eddi H\u1ed9i An, \u0111\u1ec3 m\u1ed7i ph\u00fat gi\u00e2y l\u01b0u tr\u00fa l\u00e0 m\u1ed9t h\u00e0nh tr\u00ecnh \u0111\u00e1ng nh\u1edb.<\/p>\n","protected":false},"excerpt":{"rendered":"<p>Tr\u1ea3i nghi\u1ec7m tinh th\u1ea7n H\u1ed9i An qua t\u1eebng chi ti\u1ebft t\u1ea1i Lantern Boutique Hoi An. Cho d\u00f9 b\u1ea1n th\u01b0 gi\u00e3n b\u00ean h\u1ed3 b\u01a1i, d\u1ea1o quanh khu v\u01b0\u1eddn xanh m\u00e1t hay \u0111\u01a1n gi\u1ea3n l\u00e0 t\u1ea3n b\u1ed9 qua nh\u1eefng con ph\u1ed1 c\u1ed5 y\u00ean b\u00ecnh, m\u1ed7i kho\u1ea3nh kh\u1eafc \u0111\u1ec1u mang \u0111\u1ebfn s\u1ef1 g\u1ea7n g\u0169i v\u00e0 an nhi\u00ean. M\u1ed7i [&hellip;]<\/p>\n","protected":false},"author":8,"featured_media":0,"parent":0,"menu_order":0,"comment_status":"closed","ping_status":"closed","template":"template-services.php","meta":{"footnotes":""},"yoast_head":"<!-- This site is optimized with the Yoast SEO plugin v22.3 - https:\/\/yoast.com\/wordpress\/plugins\/seo\/ -->\n<title>D\u1ecbch v\u1ee5 &amp; ti\u1ec7n \u00edch | Lantern Boutique Hoi An<\/title>\n<meta name=\"description\" content=\"C\u1ea3m nh\u1eadn tinh th\u1ea7n H\u1ed9i An qua t\u1eebng d\u1ecbch v\u1ee5 ch\u00e2n th\u00e0nh t\u1ea1i Lantern Boutique Hoi An.\" \/>\n<meta name=\"robots\" content=\"index, follow, max-snippet:-1, max-image-preview:large, max-video-preview:-1\" \/>\n<link rel=\"canonical\" href=\"https:\/\/www.lanternboutiquehoian.com\/vi\/services-facilities\/\" \/>\n<meta property=\"og:locale\" content=\"vi_VN\" \/>\n<meta property=\"og:type\" content=\"article\" \/>\n<meta property=\"og:title\" content=\"D\u1ecbch v\u1ee5 &amp; ti\u1ec7n \u00edch | Lantern Boutique Hoi An\" \/>\n<meta property=\"og:description\" content=\"C\u1ea3m nh\u1eadn tinh th\u1ea7n H\u1ed9i An qua t\u1eebng d\u1ecbch v\u1ee5 ch\u00e2n th\u00e0nh t\u1ea1i Lantern Boutique Hoi An.\" \/>\n<meta property=\"og:url\" content=\"https:\/\/www.lanternboutiquehoian.com\/vi\/services-facilities\/\" \/>\n<meta property=\"og:site_name\" content=\"Lantern Boutique Hoi An\" \/>\n<meta property=\"article:modified_time\" content=\"2026-02-09T03:39:15+00:00\" \/>\n<meta name=\"twitter:card\" content=\"summary_large_image\" \/>\n<meta name=\"twitter:label1\" content=\"Est. reading time\" \/>\n\t<meta name=\"twitter:data1\" content=\"1 minute\" \/>\n<script type=\"application\/ld+json\" class=\"yoast-schema-graph\">{\"@context\":\"https:\/\/schema.org\",\"@graph\":[{\"@type\":\"WebPage\",\"@id\":\"https:\/\/www.lanternboutiquehoian.com\/vi\/services-facilities\/\",\"url\":\"https:\/\/www.lanternboutiquehoian.com\/vi\/services-facilities\/\",\"name\":\"D\u1ecbch v\u1ee5 & ti\u1ec7n \u00edch | Lantern Boutique Hoi An\",\"isPartOf\":{\"@id\":\"https:\/\/www.lanternboutiquehoian.com\/vi\/#website\"},\"datePublished\":\"2025-12-30T06:14:02+00:00\",\"dateModified\":\"2026-02-09T03:39:15+00:00\",\"description\":\"C\u1ea3m nh\u1eadn tinh th\u1ea7n H\u1ed9i An qua t\u1eebng d\u1ecbch v\u1ee5 ch\u00e2n th\u00e0nh t\u1ea1i Lantern Boutique Hoi An.\",\"breadcrumb\":{\"@id\":\"https:\/\/www.lanternboutiquehoian.com\/vi\/services-facilities\/#breadcrumb\"},\"inLanguage\":\"vi-VN\",\"potentialAction\":[{\"@type\":\"ReadAction\",\"target\":[\"https:\/\/www.lanternboutiquehoian.com\/vi\/services-facilities\/\"]}]},{\"@type\":\"BreadcrumbList\",\"@id\":\"https:\/\/www.lanternboutiquehoian.com\/vi\/services-facilities\/#breadcrumb\",\"itemListElement\":[{\"@type\":\"ListItem\",\"position\":1,\"name\":\"Home\",\"item\":\"https:\/\/www.lanternboutiquehoian.com\/vi\/\"},{\"@type\":\"ListItem\",\"position\":2,\"name\":\"D\u1ecbch v\u1ee5 &#038; Ti\u1ec7n \u00edch\"}]},{\"@type\":\"WebSite\",\"@id\":\"https:\/\/www.lanternboutiquehoian.com\/vi\/#website\",\"url\":\"https:\/\/www.lanternboutiquehoian.com\/vi\/\",\"name\":\"Lantern Boutique Hoi An\",\"description\":\"\",\"potentialAction\":[{\"@type\":\"SearchAction\",\"target\":{\"@type\":\"EntryPoint\",\"urlTemplate\":\"https:\/\/www.lanternboutiquehoian.com\/vi\/?s={search_term_string}\"},\"query-input\":\"required name=search_term_string\"}],\"inLanguage\":\"vi-VN\"}]}<\/script>\n<!-- \/ Yoast SEO plugin. -->","yoast_head_json":{"title":"D\u1ecbch v\u1ee5 & ti\u1ec7n \u00edch | Lantern Boutique Hoi An","description":"C\u1ea3m nh\u1eadn tinh th\u1ea7n H\u1ed9i An qua t\u1eebng d\u1ecbch v\u1ee5 ch\u00e2n th\u00e0nh t\u1ea1i Lantern Boutique Hoi An.","robots":{"index":"index","follow":"follow","max-snippet":"max-snippet:-1","max-image-preview":"max-image-preview:large","max-video-preview":"max-video-preview:-1"},"canonical":"https:\/\/www.lanternboutiquehoian.com\/vi\/services-facilities\/","og_locale":"vi_VN","og_type":"article","og_title":"D\u1ecbch v\u1ee5 & ti\u1ec7n \u00edch | Lantern Boutique Hoi An","og_description":"C\u1ea3m nh\u1eadn tinh th\u1ea7n H\u1ed9i An qua t\u1eebng d\u1ecbch v\u1ee5 ch\u00e2n th\u00e0nh t\u1ea1i Lantern Boutique Hoi An.","og_url":"https:\/\/www.lanternboutiquehoian.com\/vi\/services-facilities\/","og_site_name":"Lantern Boutique Hoi An","article_modified_time":"2026-02-09T03:39:15+00:00","twitter_card":"summary_large_image","twitter_misc":{"Est. reading time":"1 minute"},"schema":{"@context":"https:\/\/schema.org","@graph":[{"@type":"WebPage","@id":"https:\/\/www.lanternboutiquehoian.com\/vi\/services-facilities\/","url":"https:\/\/www.lanternboutiquehoian.com\/vi\/services-facilities\/","name":"D\u1ecbch v\u1ee5 & ti\u1ec7n \u00edch | Lantern Boutique Hoi An","isPartOf":{"@id":"https:\/\/www.lanternboutiquehoian.com\/vi\/#website"},"datePublished":"2025-12-30T06:14:02+00:00","dateModified":"2026-02-09T03:39:15+00:00","description":"C\u1ea3m nh\u1eadn tinh th\u1ea7n H\u1ed9i An qua t\u1eebng d\u1ecbch v\u1ee5 ch\u00e2n th\u00e0nh t\u1ea1i Lantern Boutique Hoi An.","breadcrumb":{"@id":"https:\/\/www.lanternboutiquehoian.com\/vi\/services-facilities\/#breadcrumb"},"inLanguage":"vi-VN","potentialAction":[{"@type":"ReadAction","target":["https:\/\/www.lanternboutiquehoian.com\/vi\/services-facilities\/"]}]},{"@type":"BreadcrumbList","@id":"https:\/\/www.lanternboutiquehoian.com\/vi\/services-facilities\/#breadcrumb","itemListElement":[{"@type":"ListItem","position":1,"name":"Home","item":"https:\/\/www.lanternboutiquehoian.com\/vi\/"},{"@type":"ListItem","position":2,"name":"D\u1ecbch v\u1ee5 &#038; Ti\u1ec7n \u00edch"}]},{"@type":"WebSite","@id":"https:\/\/www.lanternboutiquehoian.com\/vi\/#website","url":"https:\/\/www.lanternboutiquehoian.com\/vi\/","name":"Lantern Boutique Hoi An","description":"","potentialAction":[{"@type":"SearchAction","target":{"@type":"EntryPoint","urlTemplate":"https:\/\/www.lanternboutiquehoian.com\/vi\/?s={search_term_string}"},"query-input":"required name=search_term_string"}],"inLanguage":"vi-VN"}]}},"acf":[],"_links":{"self":[{"href":"https:\/\/www.lanternboutiquehoian.com\/vi\/wp-json\/wp\/v2\/pages\/42"}],"collection":[{"href":"https:\/\/www.lanternboutiquehoian.com\/vi\/wp-json\/wp\/v2\/pages"}],"about":[{"href":"https:\/\/www.lanternboutiquehoian.com\/vi\/wp-json\/wp\/v2\/types\/page"}],"author":[{"embeddable":true,"href":"https:\/\/www.lanternboutiquehoian.com\/vi\/wp-json\/wp\/v2\/users\/8"}],"replies":[{"embeddable":true,"href":"https:\/\/www.lanternboutiquehoian.com\/vi\/wp-json\/wp\/v2\/comments?post=42"}],"version-history":[{"count":0,"href":"https:\/\/www.lanternboutiquehoian.com\/vi\/wp-json\/wp\/v2\/pages\/42\/revisions"}],"wp:attachment":[{"href":"https:\/\/www.lanternboutiquehoian.com\/vi\/wp-json\/wp\/v2\/media?parent=42"}],"curies":[{"name":"wp","href":"https:\/\/api.w.org\/{rel}","templated":true}]}}