{"id":401,"date":"2026-03-23T02:50:13","date_gmt":"2026-03-23T02:50:13","guid":{"rendered":"https:\/\/www.lanternboutiquehoian.com\/?page_id=401"},"modified":"2026-05-07T04:47:37","modified_gmt":"2026-05-07T04:47:37","slug":"stay-longer-pay-less","status":"publish","type":"page","link":"https:\/\/www.lanternboutiquehoian.com\/vi\/special-offer\/stay-longer-pay-less\/","title":{"rendered":"Stay Longer, Pay Less"},"content":{"rendered":"<p style=\"text-align: center\">Gi\u1ea3m 20% gi\u00e1 ph\u00f2ng Deluxe Garden View cho \u0111\u1eb7t ph\u00f2ng t\u1eeb 3 \u0111\u00eam t\u1ea1i Lantern Boutique Hoi An.<\/p>\n<p style=\"text-align: center\">L\u00ean k\u1ebf ho\u1ea1ch cho m\u1ed9t k\u1ef3 ngh\u1ec9 d\u00e0i t\u1ea1i H\u1ed9i An, \u0111\u00e2y l\u00e0 c\u01a1 h\u1ed9i tuy\u1ec7t v\u1eddi \u0111\u1ec3 ti\u1ebft ki\u1ec7m chi ph\u00ed l\u01b0u tr\u00fa v\u00e0 t\u1eadn h\u01b0\u1edfng kh\u00f4ng gian tho\u1ea3i m\u00e1i c\u1ee7a ph\u00f2ng Deluxe Garden View c\u1ee7a ch\u00fang t\u00f4i.<\/p>\n<p style=\"text-align: left\"><strong>G\u1ed3m:<\/strong><\/p>\n<ul style=\"text-align: left\">\n<li>Mi\u1ec5n ph\u00ed b\u1eefa s\u00e1ng t\u1ea1i kh\u00e1ch s\u1ea1n<\/li>\n<li>\u0110\u01b0a \u0111\u00f3n 02 chi\u1ec1u \u0111\u1ebfn Ph\u1ed1 C\u1ed5 v\u00e0 bi\u1ec3n An B\u00e0ng (theo l\u1ecbch c\u1ed1 \u0111\u1ecbnh)<\/li>\n<li>Mi\u1ec5n ph\u00ed s\u1eed d\u1ee5ng h\u1ed3 b\u01a1i, gym<\/li>\n<li>Mi\u1ec5n ph\u00ed s\u1eed d\u1ee5ng xe \u0111\u1ea1p \u0111\u1ec3 kh\u00e1m ph\u00e1 H\u1ed9i An (t\u00f9y t\u00ecnh tr\u1ea1ng s\u1eb5n c\u00f3)<\/li>\n<li>D\u1ecbch v\u1ee5 ph\u00f2ng h\u00e0ng ng\u00e0y, ph\u00f2ng trang b\u1ecb \u0111\u1ea7y \u0111\u1ee7 ti\u1ec7n nghi<\/li>\n<\/ul>\n<p style=\"text-align: left\"><strong>\u0110i\u1ec1u ki\u1ec7n &amp; \u0111i\u1ec1u kho\u1ea3n:<\/strong><\/p>\n<ul style=\"text-align: left\">\n<li style=\"text-align: left\">Th\u1eddi gian \u00e1p d\u1ee5ng t\u1eeb ng\u00e0y 01\/01\/2026 \u2013 31\/12\/2026<\/li>\n<li style=\"text-align: left\">VND 880,000 net\/\u0111\u00eam\/ ph\u00f2ng cho 02 ng\u01b0\u1eddi l\u1edbn v\u00e0 01 tr\u1ebb em d\u01b0\u1edbi 6 tu\u1ed5i cho \u0111\u1eb7t ph\u00f2ng t\u1eeb 3 \u0111\u00eam<\/li>\n<li style=\"text-align: left\">Tr\u1ebb em t\u1eeb 6-11 tu\u1ed5i ph\u1ee5 thu VND 150,000 net\/\u0111\u00eam<\/li>\n<li style=\"text-align: left\">Ng\u01b0\u1eddi l\u1edbn th\u1ee9 3 ph\u1ee5 thu VND 400,000 net\/\u0111\u00eam cho gi\u01b0\u1eddng ph\u1ee5<\/li>\n<\/ul>\n<p style=\"text-align: left\"><strong>Gi\u00e1: VND 880,000 net\/\u0111\u00eam\/ph\u00f2ng<\/strong><\/p>\n","protected":false},"excerpt":{"rendered":"<p>Gi\u1ea3m 20% gi\u00e1 ph\u00f2ng Deluxe Garden View cho \u0111\u1eb7t ph\u00f2ng t\u1eeb 3 \u0111\u00eam t\u1ea1i Lantern Boutique Hoi An. L\u00ean k\u1ebf ho\u1ea1ch cho m\u1ed9t k\u1ef3 ngh\u1ec9 d\u00e0i t\u1ea1i H\u1ed9i An, \u0111\u00e2y l\u00e0 c\u01a1 h\u1ed9i tuy\u1ec7t v\u1eddi \u0111\u1ec3 ti\u1ebft ki\u1ec7m chi ph\u00ed l\u01b0u tr\u00fa v\u00e0 t\u1eadn h\u01b0\u1edfng kh\u00f4ng gian tho\u1ea3i m\u00e1i c\u1ee7a ph\u00f2ng Deluxe Garden View c\u1ee7a [&hellip;]<\/p>\n","protected":false},"author":267,"featured_media":274,"parent":36,"menu_order":1,"comment_status":"closed","ping_status":"closed","template":"template-single-offer.php","meta":{"footnotes":""},"yoast_head":"<!-- This site is optimized with the Yoast SEO plugin v22.3 - https:\/\/yoast.com\/wordpress\/plugins\/seo\/ -->\n<title>Stay Longer, Pay Less - Lantern Boutique Hoi An<\/title>\n<meta name=\"robots\" content=\"index, follow, max-snippet:-1, max-image-preview:large, max-video-preview:-1\" \/>\n<link rel=\"canonical\" href=\"https:\/\/www.lanternboutiquehoian.com\/vi\/special-offer\/stay-longer-pay-less\/\" \/>\n<meta property=\"og:locale\" content=\"vi_VN\" \/>\n<meta property=\"og:type\" content=\"article\" \/>\n<meta property=\"og:title\" content=\"Stay Longer, Pay Less - Lantern Boutique Hoi An\" \/>\n<meta property=\"og:description\" content=\"Gi\u1ea3m 20% gi\u00e1 ph\u00f2ng Deluxe Garden View cho \u0111\u1eb7t ph\u00f2ng t\u1eeb 3 \u0111\u00eam t\u1ea1i Lantern Boutique Hoi An. L\u00ean k\u1ebf ho\u1ea1ch cho m\u1ed9t k\u1ef3 ngh\u1ec9 d\u00e0i t\u1ea1i H\u1ed9i An, \u0111\u00e2y l\u00e0 c\u01a1 h\u1ed9i tuy\u1ec7t v\u1eddi \u0111\u1ec3 ti\u1ebft ki\u1ec7m chi ph\u00ed l\u01b0u tr\u00fa v\u00e0 t\u1eadn h\u01b0\u1edfng kh\u00f4ng gian tho\u1ea3i m\u00e1i c\u1ee7a ph\u00f2ng Deluxe Garden View c\u1ee7a [&hellip;]\" \/>\n<meta property=\"og:url\" content=\"https:\/\/www.lanternboutiquehoian.com\/vi\/special-offer\/stay-longer-pay-less\/\" \/>\n<meta property=\"og:site_name\" content=\"Lantern Boutique Hoi An\" \/>\n<meta property=\"article:modified_time\" content=\"2026-05-07T04:47:37+00:00\" \/>\n<meta property=\"og:image\" content=\"https:\/\/www.lanternboutiquehoian.com\/wp-content\/uploads\/sites\/146\/2026\/03\/A742442-HDR-copy.jpg\" \/>\n\t<meta property=\"og:image:width\" content=\"2200\" \/>\n\t<meta property=\"og:image:height\" content=\"1462\" \/>\n\t<meta property=\"og:image:type\" content=\"image\/jpeg\" \/>\n<meta name=\"twitter:card\" content=\"summary_large_image\" \/>\n<meta name=\"twitter:label1\" content=\"Est. reading time\" \/>\n\t<meta name=\"twitter:data1\" content=\"1 minute\" \/>\n<script type=\"application\/ld+json\" class=\"yoast-schema-graph\">{\"@context\":\"https:\/\/schema.org\",\"@graph\":[{\"@type\":\"WebPage\",\"@id\":\"https:\/\/www.lanternboutiquehoian.com\/vi\/special-offer\/stay-longer-pay-less\/\",\"url\":\"https:\/\/www.lanternboutiquehoian.com\/vi\/special-offer\/stay-longer-pay-less\/\",\"name\":\"Stay Longer, Pay Less - Lantern Boutique Hoi An\",\"isPartOf\":{\"@id\":\"https:\/\/www.lanternboutiquehoian.com\/vi\/#website\"},\"primaryImageOfPage\":{\"@id\":\"https:\/\/www.lanternboutiquehoian.com\/vi\/special-offer\/stay-longer-pay-less\/#primaryimage\"},\"image\":{\"@id\":\"https:\/\/www.lanternboutiquehoian.com\/vi\/special-offer\/stay-longer-pay-less\/#primaryimage\"},\"thumbnailUrl\":\"https:\/\/www.lanternboutiquehoian.com\/wp-content\/uploads\/sites\/146\/2026\/03\/A742442-HDR-copy.jpg\",\"datePublished\":\"2026-03-23T02:50:13+00:00\",\"dateModified\":\"2026-05-07T04:47:37+00:00\",\"breadcrumb\":{\"@id\":\"https:\/\/www.lanternboutiquehoian.com\/vi\/special-offer\/stay-longer-pay-less\/#breadcrumb\"},\"inLanguage\":\"vi-VN\",\"potentialAction\":[{\"@type\":\"ReadAction\",\"target\":[\"https:\/\/www.lanternboutiquehoian.com\/vi\/special-offer\/stay-longer-pay-less\/\"]}]},{\"@type\":\"ImageObject\",\"inLanguage\":\"vi-VN\",\"@id\":\"https:\/\/www.lanternboutiquehoian.com\/vi\/special-offer\/stay-longer-pay-less\/#primaryimage\",\"url\":\"https:\/\/www.lanternboutiquehoian.com\/wp-content\/uploads\/sites\/146\/2026\/03\/A742442-HDR-copy.jpg\",\"contentUrl\":\"https:\/\/www.lanternboutiquehoian.com\/wp-content\/uploads\/sites\/146\/2026\/03\/A742442-HDR-copy.jpg\",\"width\":2200,\"height\":1462},{\"@type\":\"BreadcrumbList\",\"@id\":\"https:\/\/www.lanternboutiquehoian.com\/vi\/special-offer\/stay-longer-pay-less\/#breadcrumb\",\"itemListElement\":[{\"@type\":\"ListItem\",\"position\":1,\"name\":\"Home\",\"item\":\"https:\/\/www.lanternboutiquehoian.com\/vi\/\"},{\"@type\":\"ListItem\",\"position\":2,\"name\":\"\u01afU \u0110\u00c3I\",\"item\":\"https:\/\/www.lanternboutiquehoian.com\/vi\/special-offer\/\"},{\"@type\":\"ListItem\",\"position\":3,\"name\":\"Stay Longer, Pay Less\"}]},{\"@type\":\"WebSite\",\"@id\":\"https:\/\/www.lanternboutiquehoian.com\/vi\/#website\",\"url\":\"https:\/\/www.lanternboutiquehoian.com\/vi\/\",\"name\":\"Lantern Boutique Hoi An\",\"description\":\"\",\"potentialAction\":[{\"@type\":\"SearchAction\",\"target\":{\"@type\":\"EntryPoint\",\"urlTemplate\":\"https:\/\/www.lanternboutiquehoian.com\/vi\/?s={search_term_string}\"},\"query-input\":\"required name=search_term_string\"}],\"inLanguage\":\"vi-VN\"}]}<\/script>\n<!-- \/ Yoast SEO plugin. -->","yoast_head_json":{"title":"Stay Longer, Pay Less - Lantern Boutique Hoi An","robots":{"index":"index","follow":"follow","max-snippet":"max-snippet:-1","max-image-preview":"max-image-preview:large","max-video-preview":"max-video-preview:-1"},"canonical":"https:\/\/www.lanternboutiquehoian.com\/vi\/special-offer\/stay-longer-pay-less\/","og_locale":"vi_VN","og_type":"article","og_title":"Stay Longer, Pay Less - Lantern Boutique Hoi An","og_description":"Gi\u1ea3m 20% gi\u00e1 ph\u00f2ng Deluxe Garden View cho \u0111\u1eb7t ph\u00f2ng t\u1eeb 3 \u0111\u00eam t\u1ea1i Lantern Boutique Hoi An. L\u00ean k\u1ebf ho\u1ea1ch cho m\u1ed9t k\u1ef3 ngh\u1ec9 d\u00e0i t\u1ea1i H\u1ed9i An, \u0111\u00e2y l\u00e0 c\u01a1 h\u1ed9i tuy\u1ec7t v\u1eddi \u0111\u1ec3 ti\u1ebft ki\u1ec7m chi ph\u00ed l\u01b0u tr\u00fa v\u00e0 t\u1eadn h\u01b0\u1edfng kh\u00f4ng gian tho\u1ea3i m\u00e1i c\u1ee7a ph\u00f2ng Deluxe Garden View c\u1ee7a [&hellip;]","og_url":"https:\/\/www.lanternboutiquehoian.com\/vi\/special-offer\/stay-longer-pay-less\/","og_site_name":"Lantern Boutique Hoi An","article_modified_time":"2026-05-07T04:47:37+00:00","og_image":[{"width":2200,"height":1462,"url":"https:\/\/www.lanternboutiquehoian.com\/wp-content\/uploads\/sites\/146\/2026\/03\/A742442-HDR-copy.jpg","type":"image\/jpeg"}],"twitter_card":"summary_large_image","twitter_misc":{"Est. reading time":"1 minute"},"schema":{"@context":"https:\/\/schema.org","@graph":[{"@type":"WebPage","@id":"https:\/\/www.lanternboutiquehoian.com\/vi\/special-offer\/stay-longer-pay-less\/","url":"https:\/\/www.lanternboutiquehoian.com\/vi\/special-offer\/stay-longer-pay-less\/","name":"Stay Longer, Pay Less - Lantern Boutique Hoi An","isPartOf":{"@id":"https:\/\/www.lanternboutiquehoian.com\/vi\/#website"},"primaryImageOfPage":{"@id":"https:\/\/www.lanternboutiquehoian.com\/vi\/special-offer\/stay-longer-pay-less\/#primaryimage"},"image":{"@id":"https:\/\/www.lanternboutiquehoian.com\/vi\/special-offer\/stay-longer-pay-less\/#primaryimage"},"thumbnailUrl":"https:\/\/www.lanternboutiquehoian.com\/wp-content\/uploads\/sites\/146\/2026\/03\/A742442-HDR-copy.jpg","datePublished":"2026-03-23T02:50:13+00:00","dateModified":"2026-05-07T04:47:37+00:00","breadcrumb":{"@id":"https:\/\/www.lanternboutiquehoian.com\/vi\/special-offer\/stay-longer-pay-less\/#breadcrumb"},"inLanguage":"vi-VN","potentialAction":[{"@type":"ReadAction","target":["https:\/\/www.lanternboutiquehoian.com\/vi\/special-offer\/stay-longer-pay-less\/"]}]},{"@type":"ImageObject","inLanguage":"vi-VN","@id":"https:\/\/www.lanternboutiquehoian.com\/vi\/special-offer\/stay-longer-pay-less\/#primaryimage","url":"https:\/\/www.lanternboutiquehoian.com\/wp-content\/uploads\/sites\/146\/2026\/03\/A742442-HDR-copy.jpg","contentUrl":"https:\/\/www.lanternboutiquehoian.com\/wp-content\/uploads\/sites\/146\/2026\/03\/A742442-HDR-copy.jpg","width":2200,"height":1462},{"@type":"BreadcrumbList","@id":"https:\/\/www.lanternboutiquehoian.com\/vi\/special-offer\/stay-longer-pay-less\/#breadcrumb","itemListElement":[{"@type":"ListItem","position":1,"name":"Home","item":"https:\/\/www.lanternboutiquehoian.com\/vi\/"},{"@type":"ListItem","position":2,"name":"\u01afU \u0110\u00c3I","item":"https:\/\/www.lanternboutiquehoian.com\/vi\/special-offer\/"},{"@type":"ListItem","position":3,"name":"Stay Longer, Pay Less"}]},{"@type":"WebSite","@id":"https:\/\/www.lanternboutiquehoian.com\/vi\/#website","url":"https:\/\/www.lanternboutiquehoian.com\/vi\/","name":"Lantern Boutique Hoi An","description":"","potentialAction":[{"@type":"SearchAction","target":{"@type":"EntryPoint","urlTemplate":"https:\/\/www.lanternboutiquehoian.com\/vi\/?s={search_term_string}"},"query-input":"required name=search_term_string"}],"inLanguage":"vi-VN"}]}},"acf":[],"_links":{"self":[{"href":"https:\/\/www.lanternboutiquehoian.com\/vi\/wp-json\/wp\/v2\/pages\/401"}],"collection":[{"href":"https:\/\/www.lanternboutiquehoian.com\/vi\/wp-json\/wp\/v2\/pages"}],"about":[{"href":"https:\/\/www.lanternboutiquehoian.com\/vi\/wp-json\/wp\/v2\/types\/page"}],"author":[{"embeddable":true,"href":"https:\/\/www.lanternboutiquehoian.com\/vi\/wp-json\/wp\/v2\/users\/267"}],"replies":[{"embeddable":true,"href":"https:\/\/www.lanternboutiquehoian.com\/vi\/wp-json\/wp\/v2\/comments?post=401"}],"version-history":[{"count":0,"href":"https:\/\/www.lanternboutiquehoian.com\/vi\/wp-json\/wp\/v2\/pages\/401\/revisions"}],"up":[{"embeddable":true,"href":"https:\/\/www.lanternboutiquehoian.com\/vi\/wp-json\/wp\/v2\/pages\/36"}],"wp:featuredmedia":[{"embeddable":true,"href":"https:\/\/www.lanternboutiquehoian.com\/vi\/wp-json\/wp\/v2\/media\/274"}],"wp:attachment":[{"href":"https:\/\/www.lanternboutiquehoian.com\/vi\/wp-json\/wp\/v2\/media?parent=401"}],"curies":[{"name":"wp","href":"https:\/\/api.w.org\/{rel}","templated":true}]}}