{"id":398,"date":"2026-03-23T02:41:22","date_gmt":"2026-03-23T02:41:22","guid":{"rendered":"https:\/\/www.lanternboutiquehoian.com\/?page_id=398"},"modified":"2026-05-07T04:48:48","modified_gmt":"2026-05-07T04:48:48","slug":"goi-enchanting-love-haven","status":"publish","type":"page","link":"https:\/\/www.lanternboutiquehoian.com\/vi\/special-offer\/goi-enchanting-love-haven\/","title":{"rendered":"G\u00f3i Enchanting Love Haven"},"content":{"rendered":"<p style=\"text-align: left\"><strong>G\u1ed3m:<\/strong><\/p>\n<ul style=\"text-align: left\">\n<li>03 \u0111\u00eam l\u01b0u tr\u00fa t\u1ea1i ph\u00f2ng Deluxe Garden View<\/li>\n<li>Phi\u1ebfu qu\u00e0 t\u1eb7ng th\u01b0 gi\u00e3n Foot Massage cho c\u1eb7p \u0111\u00f4i t\u1ea1i Lantern Wellness Spa<\/li>\n<li>B\u1eefa s\u00e1ng buffet h\u00e0ng ng\u00e0y cho c\u1eb7p \u0111\u00f4i<\/li>\n<li>01 set Tr\u00e0 chi\u1ec1u cho c\u1eb7p \u0111\u00f4i th\u01b0 gi\u00e3n b\u00ean c\u1ea1nh h\u1ed3 b\u01a1i<\/li>\n<li>Trang tr\u00ed ph\u00f2ng l\u00e3ng m\u1ea1n v\u1edbi hoa h\u1ed3ng t\u01b0\u01a1i th\u1eafm<\/li>\n<li>Mi\u1ec5n ph\u00ed s\u1eed d\u1ee5ng h\u1ed3 b\u01a1i, gym<\/li>\n<li>Mi\u1ec5n ph\u00ed s\u1eed d\u1ee5ng xe \u0111\u1ea1p \u0111\u1ec3 kh\u00e1m ph\u00e1 H\u1ed9i An (t\u00f9y t\u00ecnh tr\u1ea1ng s\u1eb5n c\u00f3)<\/li>\n<li>D\u1ecbch v\u1ee5 ph\u00f2ng h\u00e0ng ng\u00e0y, ph\u00f2ng trang b\u1ecb \u0111\u1ea7y \u0111\u1ee7 ti\u1ec7n nghi<\/li>\n<\/ul>\n<p style=\"text-align: left\"><strong>\u0110i\u1ec1u ki\u1ec7n &amp; \u0110i\u1ec1u kho\u1ea3n:<\/strong><\/p>\n<ul style=\"text-align: left\">\n<li style=\"text-align: left\">Th\u1eddi gian \u00e1p d\u1ee5ng t\u1eeb ng\u00e0y 01\/01\/2026 \u2013 31\/12\/2026<\/li>\n<\/ul>\n<p style=\"text-align: left\"><strong>Gi\u00e1: VND 3.550.000 net\/g\u00f3i (cho 2 kh\u00e1ch)<\/strong><\/p>\n","protected":false},"excerpt":{"rendered":"<p>G\u1ed3m: 03 \u0111\u00eam l\u01b0u tr\u00fa t\u1ea1i ph\u00f2ng Deluxe Garden View Phi\u1ebfu qu\u00e0 t\u1eb7ng th\u01b0 gi\u00e3n Foot Massage cho c\u1eb7p \u0111\u00f4i t\u1ea1i Lantern Wellness Spa B\u1eefa s\u00e1ng buffet h\u00e0ng ng\u00e0y cho c\u1eb7p \u0111\u00f4i 01 set Tr\u00e0 chi\u1ec1u cho c\u1eb7p \u0111\u00f4i th\u01b0 gi\u00e3n b\u00ean c\u1ea1nh h\u1ed3 b\u01a1i Trang tr\u00ed ph\u00f2ng l\u00e3ng m\u1ea1n v\u1edbi hoa h\u1ed3ng t\u01b0\u01a1i th\u1eafm [&hellip;]<\/p>\n","protected":false},"author":267,"featured_media":399,"parent":36,"menu_order":2,"comment_status":"closed","ping_status":"closed","template":"template-single-offer.php","meta":{"footnotes":""},"yoast_head":"<!-- This site is optimized with the Yoast SEO plugin v22.3 - https:\/\/yoast.com\/wordpress\/plugins\/seo\/ -->\n<title>G\u00f3i Enchanting Love Haven - Lantern Boutique Hoi An<\/title>\n<meta name=\"robots\" content=\"index, follow, max-snippet:-1, max-image-preview:large, max-video-preview:-1\" \/>\n<link rel=\"canonical\" href=\"https:\/\/www.lanternboutiquehoian.com\/vi\/special-offer\/goi-enchanting-love-haven\/\" \/>\n<meta property=\"og:locale\" content=\"vi_VN\" \/>\n<meta property=\"og:type\" content=\"article\" \/>\n<meta property=\"og:title\" content=\"G\u00f3i Enchanting Love Haven - Lantern Boutique Hoi An\" \/>\n<meta property=\"og:description\" content=\"G\u1ed3m: 03 \u0111\u00eam l\u01b0u tr\u00fa t\u1ea1i ph\u00f2ng Deluxe Garden View Phi\u1ebfu qu\u00e0 t\u1eb7ng th\u01b0 gi\u00e3n Foot Massage cho c\u1eb7p \u0111\u00f4i t\u1ea1i Lantern Wellness Spa B\u1eefa s\u00e1ng buffet h\u00e0ng ng\u00e0y cho c\u1eb7p \u0111\u00f4i 01 set Tr\u00e0 chi\u1ec1u cho c\u1eb7p \u0111\u00f4i th\u01b0 gi\u00e3n b\u00ean c\u1ea1nh h\u1ed3 b\u01a1i Trang tr\u00ed ph\u00f2ng l\u00e3ng m\u1ea1n v\u1edbi hoa h\u1ed3ng t\u01b0\u01a1i th\u1eafm [&hellip;]\" \/>\n<meta property=\"og:url\" content=\"https:\/\/www.lanternboutiquehoian.com\/vi\/special-offer\/goi-enchanting-love-haven\/\" \/>\n<meta property=\"og:site_name\" content=\"Lantern Boutique Hoi An\" \/>\n<meta property=\"article:modified_time\" content=\"2026-05-07T04:48:48+00:00\" \/>\n<meta property=\"og:image\" content=\"https:\/\/www.lanternboutiquehoian.com\/wp-content\/uploads\/sites\/146\/2026\/03\/F-1024x819.png\" \/>\n\t<meta property=\"og:image:width\" content=\"1024\" \/>\n\t<meta property=\"og:image:height\" content=\"819\" \/>\n\t<meta property=\"og:image:type\" content=\"image\/png\" \/>\n<meta name=\"twitter:card\" content=\"summary_large_image\" \/>\n<meta name=\"twitter:label1\" content=\"Est. reading time\" \/>\n\t<meta name=\"twitter:data1\" content=\"1 minute\" \/>\n<script type=\"application\/ld+json\" class=\"yoast-schema-graph\">{\"@context\":\"https:\/\/schema.org\",\"@graph\":[{\"@type\":\"WebPage\",\"@id\":\"https:\/\/www.lanternboutiquehoian.com\/vi\/special-offer\/goi-enchanting-love-haven\/\",\"url\":\"https:\/\/www.lanternboutiquehoian.com\/vi\/special-offer\/goi-enchanting-love-haven\/\",\"name\":\"G\u00f3i Enchanting Love Haven - Lantern Boutique Hoi An\",\"isPartOf\":{\"@id\":\"https:\/\/www.lanternboutiquehoian.com\/vi\/#website\"},\"primaryImageOfPage\":{\"@id\":\"https:\/\/www.lanternboutiquehoian.com\/vi\/special-offer\/goi-enchanting-love-haven\/#primaryimage\"},\"image\":{\"@id\":\"https:\/\/www.lanternboutiquehoian.com\/vi\/special-offer\/goi-enchanting-love-haven\/#primaryimage\"},\"thumbnailUrl\":\"https:\/\/www.lanternboutiquehoian.com\/wp-content\/uploads\/sites\/146\/2026\/03\/F.png\",\"datePublished\":\"2026-03-23T02:41:22+00:00\",\"dateModified\":\"2026-05-07T04:48:48+00:00\",\"breadcrumb\":{\"@id\":\"https:\/\/www.lanternboutiquehoian.com\/vi\/special-offer\/goi-enchanting-love-haven\/#breadcrumb\"},\"inLanguage\":\"vi-VN\",\"potentialAction\":[{\"@type\":\"ReadAction\",\"target\":[\"https:\/\/www.lanternboutiquehoian.com\/vi\/special-offer\/goi-enchanting-love-haven\/\"]}]},{\"@type\":\"ImageObject\",\"inLanguage\":\"vi-VN\",\"@id\":\"https:\/\/www.lanternboutiquehoian.com\/vi\/special-offer\/goi-enchanting-love-haven\/#primaryimage\",\"url\":\"https:\/\/www.lanternboutiquehoian.com\/wp-content\/uploads\/sites\/146\/2026\/03\/F.png\",\"contentUrl\":\"https:\/\/www.lanternboutiquehoian.com\/wp-content\/uploads\/sites\/146\/2026\/03\/F.png\",\"width\":2200,\"height\":1760},{\"@type\":\"BreadcrumbList\",\"@id\":\"https:\/\/www.lanternboutiquehoian.com\/vi\/special-offer\/goi-enchanting-love-haven\/#breadcrumb\",\"itemListElement\":[{\"@type\":\"ListItem\",\"position\":1,\"name\":\"Home\",\"item\":\"https:\/\/www.lanternboutiquehoian.com\/vi\/\"},{\"@type\":\"ListItem\",\"position\":2,\"name\":\"\u01afU \u0110\u00c3I\",\"item\":\"https:\/\/www.lanternboutiquehoian.com\/vi\/special-offer\/\"},{\"@type\":\"ListItem\",\"position\":3,\"name\":\"G\u00f3i Enchanting Love Haven\"}]},{\"@type\":\"WebSite\",\"@id\":\"https:\/\/www.lanternboutiquehoian.com\/vi\/#website\",\"url\":\"https:\/\/www.lanternboutiquehoian.com\/vi\/\",\"name\":\"Lantern Boutique Hoi An\",\"description\":\"\",\"potentialAction\":[{\"@type\":\"SearchAction\",\"target\":{\"@type\":\"EntryPoint\",\"urlTemplate\":\"https:\/\/www.lanternboutiquehoian.com\/vi\/?s={search_term_string}\"},\"query-input\":\"required name=search_term_string\"}],\"inLanguage\":\"vi-VN\"}]}<\/script>\n<!-- \/ Yoast SEO plugin. -->","yoast_head_json":{"title":"G\u00f3i Enchanting Love Haven - Lantern Boutique Hoi An","robots":{"index":"index","follow":"follow","max-snippet":"max-snippet:-1","max-image-preview":"max-image-preview:large","max-video-preview":"max-video-preview:-1"},"canonical":"https:\/\/www.lanternboutiquehoian.com\/vi\/special-offer\/goi-enchanting-love-haven\/","og_locale":"vi_VN","og_type":"article","og_title":"G\u00f3i Enchanting Love Haven - Lantern Boutique Hoi An","og_description":"G\u1ed3m: 03 \u0111\u00eam l\u01b0u tr\u00fa t\u1ea1i ph\u00f2ng Deluxe Garden View Phi\u1ebfu qu\u00e0 t\u1eb7ng th\u01b0 gi\u00e3n Foot Massage cho c\u1eb7p \u0111\u00f4i t\u1ea1i Lantern Wellness Spa B\u1eefa s\u00e1ng buffet h\u00e0ng ng\u00e0y cho c\u1eb7p \u0111\u00f4i 01 set Tr\u00e0 chi\u1ec1u cho c\u1eb7p \u0111\u00f4i th\u01b0 gi\u00e3n b\u00ean c\u1ea1nh h\u1ed3 b\u01a1i Trang tr\u00ed ph\u00f2ng l\u00e3ng m\u1ea1n v\u1edbi hoa h\u1ed3ng t\u01b0\u01a1i th\u1eafm [&hellip;]","og_url":"https:\/\/www.lanternboutiquehoian.com\/vi\/special-offer\/goi-enchanting-love-haven\/","og_site_name":"Lantern Boutique Hoi An","article_modified_time":"2026-05-07T04:48:48+00:00","og_image":[{"width":1024,"height":819,"url":"https:\/\/www.lanternboutiquehoian.com\/wp-content\/uploads\/sites\/146\/2026\/03\/F-1024x819.png","type":"image\/png"}],"twitter_card":"summary_large_image","twitter_misc":{"Est. reading time":"1 minute"},"schema":{"@context":"https:\/\/schema.org","@graph":[{"@type":"WebPage","@id":"https:\/\/www.lanternboutiquehoian.com\/vi\/special-offer\/goi-enchanting-love-haven\/","url":"https:\/\/www.lanternboutiquehoian.com\/vi\/special-offer\/goi-enchanting-love-haven\/","name":"G\u00f3i Enchanting Love Haven - Lantern Boutique Hoi An","isPartOf":{"@id":"https:\/\/www.lanternboutiquehoian.com\/vi\/#website"},"primaryImageOfPage":{"@id":"https:\/\/www.lanternboutiquehoian.com\/vi\/special-offer\/goi-enchanting-love-haven\/#primaryimage"},"image":{"@id":"https:\/\/www.lanternboutiquehoian.com\/vi\/special-offer\/goi-enchanting-love-haven\/#primaryimage"},"thumbnailUrl":"https:\/\/www.lanternboutiquehoian.com\/wp-content\/uploads\/sites\/146\/2026\/03\/F.png","datePublished":"2026-03-23T02:41:22+00:00","dateModified":"2026-05-07T04:48:48+00:00","breadcrumb":{"@id":"https:\/\/www.lanternboutiquehoian.com\/vi\/special-offer\/goi-enchanting-love-haven\/#breadcrumb"},"inLanguage":"vi-VN","potentialAction":[{"@type":"ReadAction","target":["https:\/\/www.lanternboutiquehoian.com\/vi\/special-offer\/goi-enchanting-love-haven\/"]}]},{"@type":"ImageObject","inLanguage":"vi-VN","@id":"https:\/\/www.lanternboutiquehoian.com\/vi\/special-offer\/goi-enchanting-love-haven\/#primaryimage","url":"https:\/\/www.lanternboutiquehoian.com\/wp-content\/uploads\/sites\/146\/2026\/03\/F.png","contentUrl":"https:\/\/www.lanternboutiquehoian.com\/wp-content\/uploads\/sites\/146\/2026\/03\/F.png","width":2200,"height":1760},{"@type":"BreadcrumbList","@id":"https:\/\/www.lanternboutiquehoian.com\/vi\/special-offer\/goi-enchanting-love-haven\/#breadcrumb","itemListElement":[{"@type":"ListItem","position":1,"name":"Home","item":"https:\/\/www.lanternboutiquehoian.com\/vi\/"},{"@type":"ListItem","position":2,"name":"\u01afU \u0110\u00c3I","item":"https:\/\/www.lanternboutiquehoian.com\/vi\/special-offer\/"},{"@type":"ListItem","position":3,"name":"G\u00f3i Enchanting Love Haven"}]},{"@type":"WebSite","@id":"https:\/\/www.lanternboutiquehoian.com\/vi\/#website","url":"https:\/\/www.lanternboutiquehoian.com\/vi\/","name":"Lantern Boutique Hoi An","description":"","potentialAction":[{"@type":"SearchAction","target":{"@type":"EntryPoint","urlTemplate":"https:\/\/www.lanternboutiquehoian.com\/vi\/?s={search_term_string}"},"query-input":"required name=search_term_string"}],"inLanguage":"vi-VN"}]}},"acf":[],"_links":{"self":[{"href":"https:\/\/www.lanternboutiquehoian.com\/vi\/wp-json\/wp\/v2\/pages\/398"}],"collection":[{"href":"https:\/\/www.lanternboutiquehoian.com\/vi\/wp-json\/wp\/v2\/pages"}],"about":[{"href":"https:\/\/www.lanternboutiquehoian.com\/vi\/wp-json\/wp\/v2\/types\/page"}],"author":[{"embeddable":true,"href":"https:\/\/www.lanternboutiquehoian.com\/vi\/wp-json\/wp\/v2\/users\/267"}],"replies":[{"embeddable":true,"href":"https:\/\/www.lanternboutiquehoian.com\/vi\/wp-json\/wp\/v2\/comments?post=398"}],"version-history":[{"count":0,"href":"https:\/\/www.lanternboutiquehoian.com\/vi\/wp-json\/wp\/v2\/pages\/398\/revisions"}],"up":[{"embeddable":true,"href":"https:\/\/www.lanternboutiquehoian.com\/vi\/wp-json\/wp\/v2\/pages\/36"}],"wp:featuredmedia":[{"embeddable":true,"href":"https:\/\/www.lanternboutiquehoian.com\/vi\/wp-json\/wp\/v2\/media\/399"}],"wp:attachment":[{"href":"https:\/\/www.lanternboutiquehoian.com\/vi\/wp-json\/wp\/v2\/media?parent=398"}],"curies":[{"name":"wp","href":"https:\/\/api.w.org\/{rel}","templated":true}]}}