{"id":37,"date":"2025-12-30T05:44:25","date_gmt":"2025-12-30T05:44:25","guid":{"rendered":"https:\/\/lanternboutiquehoian.ms2.decms.asia\/special-offer\/honeymoon-package-2d3n\/"},"modified":"2026-04-07T08:10:46","modified_gmt":"2026-04-07T08:10:46","slug":"honeymoon-package-2d3n","status":"publish","type":"page","link":"https:\/\/www.lanternboutiquehoian.com\/vi\/special-offer\/honeymoon-package-2d3n\/","title":{"rendered":"Ngh\u1ec9 D\u01b0\u1ee1ng Tr\u0103ng M\u1eadt 3N2D"},"content":{"rendered":"<p style=\"text-align: left\"><strong>G\u1ed3m<\/strong><\/p>\n<ul style=\"text-align: left\">\n<li>Hai (02) \u0111\u00eam ngh\u1ec9 d\u01b0\u1ee1ng t\u1ea1i ph\u00f2ng Deluxe Garden View<\/li>\n<li>B\u1eefa s\u00e1ng t\u1ef1 ch\u1ecdn h\u00e0ng ng\u00e0y t\u1eeb 6:30 \u2013 10:00 t\u1ea1i nh\u00e0 h\u00e0ng &amp; c\u00e0 ph\u00ea Faifo<\/li>\n<li>Hoa v\u00e0 b\u00e1nh mousse chocolate ch\u00e0o m\u1eebng; tr\u00e1i c\u00e2y \u0111\u0129a m\u1ed7i ng\u00e0y<\/li>\n<li>M\u1ed9t (01) b\u1eefa t\u1ed1i set menu b\u00ean \u00e1nh \u0111\u00e8n l\u00e3ng m\u1ea1n bao g\u1ed3m m\u1ed9t chai r\u01b0\u1ee3u vang cho 02 ng\u01b0\u1eddi b\u00ean h\u1ed3 b\u01a1i<\/li>\n<li>M\u1ed9t (01) g\u00f3i tr\u1ecb li\u1ec7u truy\u1ec1n th\u1ed1ng Vi\u1ec7t cho 02 ng\u01b0\u1eddi t\u1ea1i Lantern Wellness Spa<\/li>\n<li>\u0110\u01b0a \u0111\u00f3n 01 chi\u1ec1u s\u00e2n bay \u0110\u00e0 N\u1eb5ng theo l\u1ecbch tr\u00ecnh c\u00e1 nh\u00e2n<\/li>\n<\/ul>\n<p style=\"text-align: left\">C\u00e1c \u01b0u \u0111\u00e3i \u0111i k\u00e8m:<\/p>\n<ul style=\"text-align: left\">\n<li>Mi\u1ec5n ph\u00ed truy c\u1eadp m\u1ea1ng internet c\u00f3 d\u00e2y v\u00e0 kh\u00f4ng d\u00e2y<\/li>\n<li>Th\u1ee9c u\u1ed1ng ch\u00e0o m\u1eebng &amp; kh\u0103n m\u00e1t ph\u1ee5c v\u1ee5 khi \u0111\u1ebfn<\/li>\n<li>Mi\u1ec5n ph\u00ed xe \u0111\u1ea1p (t\u00f9y v\u00e0o t\u00ecnh tr\u1ea1ng)<\/li>\n<li>Mi\u1ec5n ph\u00ed nh\u1eadn ph\u00f2ng s\u1edbm &amp; tr\u1ea3 ph\u00f2ng tr\u1ec5 (t\u00f9y v\u00e0o t\u00ecnh tr\u1ea1ng ph\u00f2ng)<\/li>\n<li>Gi\u1ea3m 10% cho t\u1ea5t c\u1ea3 tr\u1ecb li\u1ec7u t\u1ea1i Lantern Wellness Spa, d\u1ecbch v\u1ee5 F&amp;B v\u00e0 gi\u1eb7t \u1ee7i<\/li>\n<\/ul>\n<p style=\"text-align: left\"><strong>\u0110i\u1ec1u kho\u1ea3n &amp; \u0111i\u1ec1u ki\u1ec7n<\/strong><\/p>\n<ul>\n<li style=\"text-align: left\">\u00c1p d\u1ee5ng t\u1eeb 01\/01\/2025 \u2013 31\/12\/2025<\/li>\n<li style=\"text-align: left\">Mi\u1ec5n ph\u00ed nh\u1eadn ph\u00f2ng s\u1edbm t\u1eeb 12:00 v\u00e0 tr\u1ea3 ph\u00f2ng tr\u1ec5 tr\u01b0\u1edbc 15:00 t\u00f9y v\u00e0o t\u00ecnh tr\u1ea1ng<\/li>\n<li style=\"text-align: left\">Th\u00f4ng tin chuy\u1ebfn bay c\u1ea7n \u0111\u01b0\u1ee3c cung c\u1ea5p 72 ti\u1ebfng tr\u01b0\u1edbc ng\u00e0y \u0111\u1ebfn \u0111\u1ec3 c\u00f3 th\u1ec3 s\u1eafp x\u1ebfp xe \u0111\u01b0a \u0111\u00f3n s\u00e2n bay<\/li>\n<li style=\"text-align: left\">Ph\u00ed c\u1ed9ng th\u00eam s\u1ebd \u0111\u01b0\u1ee3c \u00e1p d\u1ee5ng khi k\u00e9o d\u00e0i k\u1ef3 ngh\u1ec9 l\u01b0u tr\u00fa<\/li>\n<li style=\"text-align: left\">\u01afu \u0111\u00e3i ch\u1ec9 \u0111\u01b0\u1ee3c \u00e1p d\u1ee5ng v\u1edbi c\u00e1c \u0111\u1eb7t ph\u00f2ng tr\u1ef1c tuy\u1ebfn tr\u1ef1c ti\u1ebfp qua trang web c\u1ee7a Lantern Boutique Hoi An<\/li>\n<li style=\"text-align: left\">Gi\u00e1 c\u00f4ng b\u1ed1 \u0111\u00e3 bao g\u1ed3m 10% thu\u1ebf v\u00e0 5% ph\u00ed ph\u1ee5c v\u1ee5<\/li>\n<li style=\"text-align: left\">Nh\u1eefng d\u1ecbch v\u1ee5 kh\u00f4ng s\u1eed d\u1ee5ng s\u1ebd kh\u00f4ng \u0111\u01b0\u1ee3c ho\u00e0n l\u1ea1i<\/li>\n<li style=\"text-align: left\">C\u00e1c \u01b0u \u0111\u00e3i tr\u00ean kh\u00f4ng \u00e1p d\u1ee5ng chung v\u1edbi nh\u1eefng \u01b0u \u0111\u00e3i kh\u00e1c c\u0169ng nh\u01b0 kh\u00f4ng c\u00f3 gi\u00e1 tr\u1ecb quy \u0111\u1ed5i ti\u1ec1n m\u1eb7t hay d\u1ecbch v\u1ee5 kh\u00e1c<\/li>\n<li style=\"text-align: left\">Ch\u00ednh s\u00e1ch tr\u1ebb em: Mi\u1ec5n ph\u00ed ph\u00e1t sinh cho 1 tr\u1ebb em d\u01b0\u1edbi 5 tu\u1ed5i ng\u1ee7 chung v\u1edbi b\u1ed1 m\u1eb9, ph\u00e1t sinh ph\u1ee5 ph\u00ed v\u1edbi c\u00e1c d\u1ecbch v\u1ee5 s\u1eed d\u1ee5ng kh\u00e1c trong g\u00f3i<\/li>\n<\/ul>\n","protected":false},"excerpt":{"rendered":"<p>G\u1ed3m Hai (02) \u0111\u00eam ngh\u1ec9 d\u01b0\u1ee1ng t\u1ea1i ph\u00f2ng Deluxe Garden View B\u1eefa s\u00e1ng t\u1ef1 ch\u1ecdn h\u00e0ng ng\u00e0y t\u1eeb 6:30 \u2013 10:00 t\u1ea1i nh\u00e0 h\u00e0ng &amp; c\u00e0 ph\u00ea Faifo Hoa v\u00e0 b\u00e1nh mousse chocolate ch\u00e0o m\u1eebng; tr\u00e1i c\u00e2y \u0111\u0129a m\u1ed7i ng\u00e0y M\u1ed9t (01) b\u1eefa t\u1ed1i set menu b\u00ean \u00e1nh \u0111\u00e8n l\u00e3ng m\u1ea1n bao g\u1ed3m m\u1ed9t chai [&hellip;]<\/p>\n","protected":false},"author":8,"featured_media":0,"parent":36,"menu_order":0,"comment_status":"closed","ping_status":"closed","template":"template-single-offer.php","meta":{"footnotes":""},"yoast_head":"<!-- This site is optimized with the Yoast SEO plugin v22.3 - https:\/\/yoast.com\/wordpress\/plugins\/seo\/ -->\n<title>Ngh\u1ec9 D\u01b0\u1ee1ng Tr\u0103ng M\u1eadt 3N2D - Lantern Boutique Hoi An<\/title>\n<meta name=\"robots\" content=\"index, follow, max-snippet:-1, max-image-preview:large, max-video-preview:-1\" \/>\n<link rel=\"canonical\" href=\"https:\/\/www.lanternboutiquehoian.com\/vi\/special-offer\/honeymoon-package-2d3n\/\" \/>\n<meta property=\"og:locale\" content=\"vi_VN\" \/>\n<meta property=\"og:type\" content=\"article\" \/>\n<meta property=\"og:title\" content=\"Ngh\u1ec9 D\u01b0\u1ee1ng Tr\u0103ng M\u1eadt 3N2D - Lantern Boutique Hoi An\" \/>\n<meta property=\"og:description\" content=\"G\u1ed3m Hai (02) \u0111\u00eam ngh\u1ec9 d\u01b0\u1ee1ng t\u1ea1i ph\u00f2ng Deluxe Garden View B\u1eefa s\u00e1ng t\u1ef1 ch\u1ecdn h\u00e0ng ng\u00e0y t\u1eeb 6:30 \u2013 10:00 t\u1ea1i nh\u00e0 h\u00e0ng &amp; c\u00e0 ph\u00ea Faifo Hoa v\u00e0 b\u00e1nh mousse chocolate ch\u00e0o m\u1eebng; tr\u00e1i c\u00e2y \u0111\u0129a m\u1ed7i ng\u00e0y M\u1ed9t (01) b\u1eefa t\u1ed1i set menu b\u00ean \u00e1nh \u0111\u00e8n l\u00e3ng m\u1ea1n bao g\u1ed3m m\u1ed9t chai [&hellip;]\" \/>\n<meta property=\"og:url\" content=\"https:\/\/www.lanternboutiquehoian.com\/vi\/special-offer\/honeymoon-package-2d3n\/\" \/>\n<meta property=\"og:site_name\" content=\"Lantern Boutique Hoi An\" \/>\n<meta property=\"article:modified_time\" content=\"2026-04-07T08:10:46+00:00\" \/>\n<meta name=\"twitter:card\" content=\"summary_large_image\" \/>\n<meta name=\"twitter:label1\" content=\"Est. reading time\" \/>\n\t<meta name=\"twitter:data1\" content=\"2 minutes\" \/>\n<script type=\"application\/ld+json\" class=\"yoast-schema-graph\">{\"@context\":\"https:\/\/schema.org\",\"@graph\":[{\"@type\":\"WebPage\",\"@id\":\"https:\/\/www.lanternboutiquehoian.com\/vi\/special-offer\/honeymoon-package-2d3n\/\",\"url\":\"https:\/\/www.lanternboutiquehoian.com\/vi\/special-offer\/honeymoon-package-2d3n\/\",\"name\":\"Ngh\u1ec9 D\u01b0\u1ee1ng Tr\u0103ng M\u1eadt 3N2D - Lantern Boutique Hoi An\",\"isPartOf\":{\"@id\":\"https:\/\/www.lanternboutiquehoian.com\/vi\/#website\"},\"datePublished\":\"2025-12-30T05:44:25+00:00\",\"dateModified\":\"2026-04-07T08:10:46+00:00\",\"breadcrumb\":{\"@id\":\"https:\/\/www.lanternboutiquehoian.com\/vi\/special-offer\/honeymoon-package-2d3n\/#breadcrumb\"},\"inLanguage\":\"vi-VN\",\"potentialAction\":[{\"@type\":\"ReadAction\",\"target\":[\"https:\/\/www.lanternboutiquehoian.com\/vi\/special-offer\/honeymoon-package-2d3n\/\"]}]},{\"@type\":\"BreadcrumbList\",\"@id\":\"https:\/\/www.lanternboutiquehoian.com\/vi\/special-offer\/honeymoon-package-2d3n\/#breadcrumb\",\"itemListElement\":[{\"@type\":\"ListItem\",\"position\":1,\"name\":\"Home\",\"item\":\"https:\/\/www.lanternboutiquehoian.com\/vi\/\"},{\"@type\":\"ListItem\",\"position\":2,\"name\":\"\u01afU \u0110\u00c3I\",\"item\":\"https:\/\/www.lanternboutiquehoian.com\/vi\/special-offer\/\"},{\"@type\":\"ListItem\",\"position\":3,\"name\":\"Ngh\u1ec9 D\u01b0\u1ee1ng Tr\u0103ng M\u1eadt 3N2D\"}]},{\"@type\":\"WebSite\",\"@id\":\"https:\/\/www.lanternboutiquehoian.com\/vi\/#website\",\"url\":\"https:\/\/www.lanternboutiquehoian.com\/vi\/\",\"name\":\"Lantern Boutique Hoi An\",\"description\":\"\",\"potentialAction\":[{\"@type\":\"SearchAction\",\"target\":{\"@type\":\"EntryPoint\",\"urlTemplate\":\"https:\/\/www.lanternboutiquehoian.com\/vi\/?s={search_term_string}\"},\"query-input\":\"required name=search_term_string\"}],\"inLanguage\":\"vi-VN\"}]}<\/script>\n<!-- \/ Yoast SEO plugin. -->","yoast_head_json":{"title":"Ngh\u1ec9 D\u01b0\u1ee1ng Tr\u0103ng M\u1eadt 3N2D - Lantern Boutique Hoi An","robots":{"index":"index","follow":"follow","max-snippet":"max-snippet:-1","max-image-preview":"max-image-preview:large","max-video-preview":"max-video-preview:-1"},"canonical":"https:\/\/www.lanternboutiquehoian.com\/vi\/special-offer\/honeymoon-package-2d3n\/","og_locale":"vi_VN","og_type":"article","og_title":"Ngh\u1ec9 D\u01b0\u1ee1ng Tr\u0103ng M\u1eadt 3N2D - Lantern Boutique Hoi An","og_description":"G\u1ed3m Hai (02) \u0111\u00eam ngh\u1ec9 d\u01b0\u1ee1ng t\u1ea1i ph\u00f2ng Deluxe Garden View B\u1eefa s\u00e1ng t\u1ef1 ch\u1ecdn h\u00e0ng ng\u00e0y t\u1eeb 6:30 \u2013 10:00 t\u1ea1i nh\u00e0 h\u00e0ng &amp; c\u00e0 ph\u00ea Faifo Hoa v\u00e0 b\u00e1nh mousse chocolate ch\u00e0o m\u1eebng; tr\u00e1i c\u00e2y \u0111\u0129a m\u1ed7i ng\u00e0y M\u1ed9t (01) b\u1eefa t\u1ed1i set menu b\u00ean \u00e1nh \u0111\u00e8n l\u00e3ng m\u1ea1n bao g\u1ed3m m\u1ed9t chai [&hellip;]","og_url":"https:\/\/www.lanternboutiquehoian.com\/vi\/special-offer\/honeymoon-package-2d3n\/","og_site_name":"Lantern Boutique Hoi An","article_modified_time":"2026-04-07T08:10:46+00:00","twitter_card":"summary_large_image","twitter_misc":{"Est. reading time":"2 minutes"},"schema":{"@context":"https:\/\/schema.org","@graph":[{"@type":"WebPage","@id":"https:\/\/www.lanternboutiquehoian.com\/vi\/special-offer\/honeymoon-package-2d3n\/","url":"https:\/\/www.lanternboutiquehoian.com\/vi\/special-offer\/honeymoon-package-2d3n\/","name":"Ngh\u1ec9 D\u01b0\u1ee1ng Tr\u0103ng M\u1eadt 3N2D - Lantern Boutique Hoi An","isPartOf":{"@id":"https:\/\/www.lanternboutiquehoian.com\/vi\/#website"},"datePublished":"2025-12-30T05:44:25+00:00","dateModified":"2026-04-07T08:10:46+00:00","breadcrumb":{"@id":"https:\/\/www.lanternboutiquehoian.com\/vi\/special-offer\/honeymoon-package-2d3n\/#breadcrumb"},"inLanguage":"vi-VN","potentialAction":[{"@type":"ReadAction","target":["https:\/\/www.lanternboutiquehoian.com\/vi\/special-offer\/honeymoon-package-2d3n\/"]}]},{"@type":"BreadcrumbList","@id":"https:\/\/www.lanternboutiquehoian.com\/vi\/special-offer\/honeymoon-package-2d3n\/#breadcrumb","itemListElement":[{"@type":"ListItem","position":1,"name":"Home","item":"https:\/\/www.lanternboutiquehoian.com\/vi\/"},{"@type":"ListItem","position":2,"name":"\u01afU \u0110\u00c3I","item":"https:\/\/www.lanternboutiquehoian.com\/vi\/special-offer\/"},{"@type":"ListItem","position":3,"name":"Ngh\u1ec9 D\u01b0\u1ee1ng Tr\u0103ng M\u1eadt 3N2D"}]},{"@type":"WebSite","@id":"https:\/\/www.lanternboutiquehoian.com\/vi\/#website","url":"https:\/\/www.lanternboutiquehoian.com\/vi\/","name":"Lantern Boutique Hoi An","description":"","potentialAction":[{"@type":"SearchAction","target":{"@type":"EntryPoint","urlTemplate":"https:\/\/www.lanternboutiquehoian.com\/vi\/?s={search_term_string}"},"query-input":"required name=search_term_string"}],"inLanguage":"vi-VN"}]}},"acf":[],"_links":{"self":[{"href":"https:\/\/www.lanternboutiquehoian.com\/vi\/wp-json\/wp\/v2\/pages\/37"}],"collection":[{"href":"https:\/\/www.lanternboutiquehoian.com\/vi\/wp-json\/wp\/v2\/pages"}],"about":[{"href":"https:\/\/www.lanternboutiquehoian.com\/vi\/wp-json\/wp\/v2\/types\/page"}],"author":[{"embeddable":true,"href":"https:\/\/www.lanternboutiquehoian.com\/vi\/wp-json\/wp\/v2\/users\/8"}],"replies":[{"embeddable":true,"href":"https:\/\/www.lanternboutiquehoian.com\/vi\/wp-json\/wp\/v2\/comments?post=37"}],"version-history":[{"count":0,"href":"https:\/\/www.lanternboutiquehoian.com\/vi\/wp-json\/wp\/v2\/pages\/37\/revisions"}],"up":[{"embeddable":true,"href":"https:\/\/www.lanternboutiquehoian.com\/vi\/wp-json\/wp\/v2\/pages\/36"}],"wp:attachment":[{"href":"https:\/\/www.lanternboutiquehoian.com\/vi\/wp-json\/wp\/v2\/media?parent=37"}],"curies":[{"name":"wp","href":"https:\/\/api.w.org\/{rel}","templated":true}]}}