{"id":25,"date":"2025-12-30T03:49:03","date_gmt":"2025-12-30T03:49:03","guid":{"rendered":"https:\/\/lanternboutiquehoian.ms2.decms.asia\/dining\/"},"modified":"2026-04-11T05:05:22","modified_gmt":"2026-04-11T05:05:22","slug":"dining","status":"publish","type":"page","link":"https:\/\/www.lanternboutiquehoian.com\/vi\/dining\/","title":{"rendered":"\u1ea8m th\u1ef1c"},"content":{"rendered":"<p style=\"text-align: center\">T\u1eebng chuy\u1ebfn \u0111i l\u00e0 m\u1ed9t s\u1ef1 kh\u00e1m ph\u00e1 \u0111\u1ea7y th\u00fa v\u1ecb. H\u00e3y \u0111\u1ec3 v\u1ecb gi\u00e1c c\u1ee7a b\u1ea1n \u0111\u01b0\u1ee3c kh\u01a1i g\u1ee3i b\u1eb1ng \u1ea9m th\u1ef1c H\u1ed9i An \u0111\u1ed9c \u0111\u00e1o.<\/p>\n","protected":false},"excerpt":{"rendered":"<p>T\u1eebng chuy\u1ebfn \u0111i l\u00e0 m\u1ed9t s\u1ef1 kh\u00e1m ph\u00e1 \u0111\u1ea7y th\u00fa v\u1ecb. H\u00e3y \u0111\u1ec3 v\u1ecb gi\u00e1c c\u1ee7a b\u1ea1n \u0111\u01b0\u1ee3c kh\u01a1i g\u1ee3i b\u1eb1ng \u1ea9m th\u1ef1c H\u1ed9i An \u0111\u1ed9c \u0111\u00e1o.<\/p>\n","protected":false},"author":8,"featured_media":0,"parent":0,"menu_order":0,"comment_status":"closed","ping_status":"closed","template":"template-restaurants.php","meta":{"footnotes":""},"yoast_head":"<!-- This site is optimized with the Yoast SEO plugin v22.3 - https:\/\/yoast.com\/wordpress\/plugins\/seo\/ -->\n<title>\u1ea8m th\u1ef1c - Lantern Boutique Hoi An<\/title>\n<meta name=\"robots\" content=\"index, follow, max-snippet:-1, max-image-preview:large, max-video-preview:-1\" \/>\n<link rel=\"canonical\" href=\"https:\/\/www.lanternboutiquehoian.com\/vi\/dining\/\" \/>\n<meta property=\"og:locale\" content=\"vi_VN\" \/>\n<meta property=\"og:type\" content=\"article\" \/>\n<meta property=\"og:title\" content=\"\u1ea8m th\u1ef1c - Lantern Boutique Hoi An\" \/>\n<meta property=\"og:description\" content=\"T\u1eebng chuy\u1ebfn \u0111i l\u00e0 m\u1ed9t s\u1ef1 kh\u00e1m ph\u00e1 \u0111\u1ea7y th\u00fa v\u1ecb. H\u00e3y \u0111\u1ec3 v\u1ecb gi\u00e1c c\u1ee7a b\u1ea1n \u0111\u01b0\u1ee3c kh\u01a1i g\u1ee3i b\u1eb1ng \u1ea9m th\u1ef1c H\u1ed9i An \u0111\u1ed9c \u0111\u00e1o.\" \/>\n<meta property=\"og:url\" content=\"https:\/\/www.lanternboutiquehoian.com\/vi\/dining\/\" \/>\n<meta property=\"og:site_name\" content=\"Lantern Boutique Hoi An\" \/>\n<meta property=\"article:modified_time\" content=\"2026-04-11T05:05:22+00:00\" \/>\n<meta name=\"twitter:card\" content=\"summary_large_image\" \/>\n<meta name=\"twitter:label1\" content=\"Est. reading time\" \/>\n\t<meta name=\"twitter:data1\" content=\"1 minute\" \/>\n<script type=\"application\/ld+json\" class=\"yoast-schema-graph\">{\"@context\":\"https:\/\/schema.org\",\"@graph\":[{\"@type\":\"WebPage\",\"@id\":\"https:\/\/www.lanternboutiquehoian.com\/vi\/dining\/\",\"url\":\"https:\/\/www.lanternboutiquehoian.com\/vi\/dining\/\",\"name\":\"\u1ea8m th\u1ef1c - Lantern Boutique Hoi An\",\"isPartOf\":{\"@id\":\"https:\/\/www.lanternboutiquehoian.com\/vi\/#website\"},\"datePublished\":\"2025-12-30T03:49:03+00:00\",\"dateModified\":\"2026-04-11T05:05:22+00:00\",\"breadcrumb\":{\"@id\":\"https:\/\/www.lanternboutiquehoian.com\/vi\/dining\/#breadcrumb\"},\"inLanguage\":\"vi-VN\",\"potentialAction\":[{\"@type\":\"ReadAction\",\"target\":[\"https:\/\/www.lanternboutiquehoian.com\/vi\/dining\/\"]}]},{\"@type\":\"BreadcrumbList\",\"@id\":\"https:\/\/www.lanternboutiquehoian.com\/vi\/dining\/#breadcrumb\",\"itemListElement\":[{\"@type\":\"ListItem\",\"position\":1,\"name\":\"Home\",\"item\":\"https:\/\/www.lanternboutiquehoian.com\/vi\/\"},{\"@type\":\"ListItem\",\"position\":2,\"name\":\"\u1ea8m th\u1ef1c\"}]},{\"@type\":\"WebSite\",\"@id\":\"https:\/\/www.lanternboutiquehoian.com\/vi\/#website\",\"url\":\"https:\/\/www.lanternboutiquehoian.com\/vi\/\",\"name\":\"Lantern Boutique Hoi An\",\"description\":\"\",\"potentialAction\":[{\"@type\":\"SearchAction\",\"target\":{\"@type\":\"EntryPoint\",\"urlTemplate\":\"https:\/\/www.lanternboutiquehoian.com\/vi\/?s={search_term_string}\"},\"query-input\":\"required name=search_term_string\"}],\"inLanguage\":\"vi-VN\"}]}<\/script>\n<!-- \/ Yoast SEO plugin. -->","yoast_head_json":{"title":"\u1ea8m th\u1ef1c - Lantern Boutique Hoi An","robots":{"index":"index","follow":"follow","max-snippet":"max-snippet:-1","max-image-preview":"max-image-preview:large","max-video-preview":"max-video-preview:-1"},"canonical":"https:\/\/www.lanternboutiquehoian.com\/vi\/dining\/","og_locale":"vi_VN","og_type":"article","og_title":"\u1ea8m th\u1ef1c - Lantern Boutique Hoi An","og_description":"T\u1eebng chuy\u1ebfn \u0111i l\u00e0 m\u1ed9t s\u1ef1 kh\u00e1m ph\u00e1 \u0111\u1ea7y th\u00fa v\u1ecb. H\u00e3y \u0111\u1ec3 v\u1ecb gi\u00e1c c\u1ee7a b\u1ea1n \u0111\u01b0\u1ee3c kh\u01a1i g\u1ee3i b\u1eb1ng \u1ea9m th\u1ef1c H\u1ed9i An \u0111\u1ed9c \u0111\u00e1o.","og_url":"https:\/\/www.lanternboutiquehoian.com\/vi\/dining\/","og_site_name":"Lantern Boutique Hoi An","article_modified_time":"2026-04-11T05:05:22+00:00","twitter_card":"summary_large_image","twitter_misc":{"Est. reading time":"1 minute"},"schema":{"@context":"https:\/\/schema.org","@graph":[{"@type":"WebPage","@id":"https:\/\/www.lanternboutiquehoian.com\/vi\/dining\/","url":"https:\/\/www.lanternboutiquehoian.com\/vi\/dining\/","name":"\u1ea8m th\u1ef1c - Lantern Boutique Hoi An","isPartOf":{"@id":"https:\/\/www.lanternboutiquehoian.com\/vi\/#website"},"datePublished":"2025-12-30T03:49:03+00:00","dateModified":"2026-04-11T05:05:22+00:00","breadcrumb":{"@id":"https:\/\/www.lanternboutiquehoian.com\/vi\/dining\/#breadcrumb"},"inLanguage":"vi-VN","potentialAction":[{"@type":"ReadAction","target":["https:\/\/www.lanternboutiquehoian.com\/vi\/dining\/"]}]},{"@type":"BreadcrumbList","@id":"https:\/\/www.lanternboutiquehoian.com\/vi\/dining\/#breadcrumb","itemListElement":[{"@type":"ListItem","position":1,"name":"Home","item":"https:\/\/www.lanternboutiquehoian.com\/vi\/"},{"@type":"ListItem","position":2,"name":"\u1ea8m th\u1ef1c"}]},{"@type":"WebSite","@id":"https:\/\/www.lanternboutiquehoian.com\/vi\/#website","url":"https:\/\/www.lanternboutiquehoian.com\/vi\/","name":"Lantern Boutique Hoi An","description":"","potentialAction":[{"@type":"SearchAction","target":{"@type":"EntryPoint","urlTemplate":"https:\/\/www.lanternboutiquehoian.com\/vi\/?s={search_term_string}"},"query-input":"required name=search_term_string"}],"inLanguage":"vi-VN"}]}},"acf":[],"_links":{"self":[{"href":"https:\/\/www.lanternboutiquehoian.com\/vi\/wp-json\/wp\/v2\/pages\/25"}],"collection":[{"href":"https:\/\/www.lanternboutiquehoian.com\/vi\/wp-json\/wp\/v2\/pages"}],"about":[{"href":"https:\/\/www.lanternboutiquehoian.com\/vi\/wp-json\/wp\/v2\/types\/page"}],"author":[{"embeddable":true,"href":"https:\/\/www.lanternboutiquehoian.com\/vi\/wp-json\/wp\/v2\/users\/8"}],"replies":[{"embeddable":true,"href":"https:\/\/www.lanternboutiquehoian.com\/vi\/wp-json\/wp\/v2\/comments?post=25"}],"version-history":[{"count":0,"href":"https:\/\/www.lanternboutiquehoian.com\/vi\/wp-json\/wp\/v2\/pages\/25\/revisions"}],"wp:attachment":[{"href":"https:\/\/www.lanternboutiquehoian.com\/vi\/wp-json\/wp\/v2\/media?parent=25"}],"curies":[{"name":"wp","href":"https:\/\/api.w.org\/{rel}","templated":true}]}}