{"id":176,"date":"2025-12-30T03:54:55","date_gmt":"2025-12-30T03:54:55","guid":{"rendered":"https:\/\/lanternboutiquehoian.ms2.decms.asia\/dining\/faifo-restaurant\/"},"modified":"2026-03-19T07:38:50","modified_gmt":"2026-03-19T07:38:50","slug":"faifo-coffee-restaurant","status":"publish","type":"page","link":"https:\/\/www.lanternboutiquehoian.com\/vi\/dining\/faifo-coffee-restaurant\/","title":{"rendered":"Faifo Coffee &amp; Restaurant"},"content":{"rendered":"<p>H\u00e3y \u0111\u1ec3 tr\u1ea3i nghi\u1ec7m c\u1ee7a b\u1ea1n l\u00e0 s\u1ef1 t\u1eadn h\u01b0\u1edfng tinh t\u1ebf c\u1ee7a v\u1ecb gi\u00e1c t\u1ea1i nh\u00e0 h\u00e0ng Faifo.<\/p>\n<p>N\u1ec1n \u1ea9m th\u1ef1c v\u01b0\u1ee3t truy\u1ec1n th\u1ed1ng v\u01b0\u1ee3t th\u1eddi gian \u0111\u01b0\u1ee3c t\u00e1i t\u1ea1o tr\u00ean ch\u1ea5t li\u1ec7u tinh t\u1ebf r\u1ea5t Vi\u1ec7t. L\u00e0 \u0111i\u1ec3m d\u1eebng cho b\u1eefa s\u00e1ng gi\u00e0u n\u0103ng l\u01b0\u1ee3ng hay b\u1eefa t\u1ed1i nh\u1eb9 nh\u00e0ng b\u00ean \u00e1nh s\u00e1ng lung linh c\u1ee7a chi\u1ebfc \u0111\u00e8n l\u1ed3ng H\u1ed9i An l\u00e3ng m\u1ea1n.<\/p>\n","protected":false},"excerpt":{"rendered":"<p>H\u00e3y \u0111\u1ec3 tr\u1ea3i nghi\u1ec7m c\u1ee7a b\u1ea1n l\u00e0 s\u1ef1 t\u1eadn h\u01b0\u1edfng tinh t\u1ebf c\u1ee7a v\u1ecb gi\u00e1c t\u1ea1i nh\u00e0 h\u00e0ng Faifo. N\u1ec1n \u1ea9m th\u1ef1c v\u01b0\u1ee3t truy\u1ec1n th\u1ed1ng v\u01b0\u1ee3t th\u1eddi gian \u0111\u01b0\u1ee3c t\u00e1i t\u1ea1o tr\u00ean ch\u1ea5t li\u1ec7u tinh t\u1ebf r\u1ea5t Vi\u1ec7t. L\u00e0 \u0111i\u1ec3m d\u1eebng cho b\u1eefa s\u00e1ng gi\u00e0u n\u0103ng l\u01b0\u1ee3ng hay b\u1eefa t\u1ed1i nh\u1eb9 nh\u00e0ng b\u00ean \u00e1nh s\u00e1ng [&hellip;]<\/p>\n","protected":false},"author":8,"featured_media":0,"parent":25,"menu_order":0,"comment_status":"closed","ping_status":"closed","template":"template-single-restaurant.php","meta":{"footnotes":""},"yoast_head":"<!-- This site is optimized with the Yoast SEO plugin v22.3 - https:\/\/yoast.com\/wordpress\/plugins\/seo\/ -->\n<title>Faifo Coffee &amp; Restaurant - Lantern Boutique Hoi An<\/title>\n<meta name=\"robots\" content=\"index, follow, max-snippet:-1, max-image-preview:large, max-video-preview:-1\" \/>\n<link rel=\"canonical\" href=\"https:\/\/www.lanternboutiquehoian.com\/vi\/dining\/faifo-coffee-restaurant\/\" \/>\n<meta property=\"og:locale\" content=\"vi_VN\" \/>\n<meta property=\"og:type\" content=\"article\" \/>\n<meta property=\"og:title\" content=\"Faifo Coffee &amp; Restaurant - Lantern Boutique Hoi An\" \/>\n<meta property=\"og:description\" content=\"H\u00e3y \u0111\u1ec3 tr\u1ea3i nghi\u1ec7m c\u1ee7a b\u1ea1n l\u00e0 s\u1ef1 t\u1eadn h\u01b0\u1edfng tinh t\u1ebf c\u1ee7a v\u1ecb gi\u00e1c t\u1ea1i nh\u00e0 h\u00e0ng Faifo. N\u1ec1n \u1ea9m th\u1ef1c v\u01b0\u1ee3t truy\u1ec1n th\u1ed1ng v\u01b0\u1ee3t th\u1eddi gian \u0111\u01b0\u1ee3c t\u00e1i t\u1ea1o tr\u00ean ch\u1ea5t li\u1ec7u tinh t\u1ebf r\u1ea5t Vi\u1ec7t. L\u00e0 \u0111i\u1ec3m d\u1eebng cho b\u1eefa s\u00e1ng gi\u00e0u n\u0103ng l\u01b0\u1ee3ng hay b\u1eefa t\u1ed1i nh\u1eb9 nh\u00e0ng b\u00ean \u00e1nh s\u00e1ng [&hellip;]\" \/>\n<meta property=\"og:url\" content=\"https:\/\/www.lanternboutiquehoian.com\/vi\/dining\/faifo-coffee-restaurant\/\" \/>\n<meta property=\"og:site_name\" content=\"Lantern Boutique Hoi An\" \/>\n<meta property=\"article:modified_time\" content=\"2026-03-19T07:38:50+00:00\" \/>\n<meta name=\"twitter:card\" content=\"summary_large_image\" \/>\n<meta name=\"twitter:label1\" content=\"Est. reading time\" \/>\n\t<meta name=\"twitter:data1\" content=\"1 minute\" \/>\n<script type=\"application\/ld+json\" class=\"yoast-schema-graph\">{\"@context\":\"https:\/\/schema.org\",\"@graph\":[{\"@type\":\"WebPage\",\"@id\":\"https:\/\/www.lanternboutiquehoian.com\/vi\/dining\/faifo-coffee-restaurant\/\",\"url\":\"https:\/\/www.lanternboutiquehoian.com\/vi\/dining\/faifo-coffee-restaurant\/\",\"name\":\"Faifo Coffee &amp; Restaurant - Lantern Boutique Hoi An\",\"isPartOf\":{\"@id\":\"https:\/\/www.lanternboutiquehoian.com\/vi\/#website\"},\"datePublished\":\"2025-12-30T03:54:55+00:00\",\"dateModified\":\"2026-03-19T07:38:50+00:00\",\"breadcrumb\":{\"@id\":\"https:\/\/www.lanternboutiquehoian.com\/vi\/dining\/faifo-coffee-restaurant\/#breadcrumb\"},\"inLanguage\":\"vi-VN\",\"potentialAction\":[{\"@type\":\"ReadAction\",\"target\":[\"https:\/\/www.lanternboutiquehoian.com\/vi\/dining\/faifo-coffee-restaurant\/\"]}]},{\"@type\":\"BreadcrumbList\",\"@id\":\"https:\/\/www.lanternboutiquehoian.com\/vi\/dining\/faifo-coffee-restaurant\/#breadcrumb\",\"itemListElement\":[{\"@type\":\"ListItem\",\"position\":1,\"name\":\"Home\",\"item\":\"https:\/\/www.lanternboutiquehoian.com\/vi\/\"},{\"@type\":\"ListItem\",\"position\":2,\"name\":\"\u1ea8m th\u1ef1c\",\"item\":\"https:\/\/www.lanternboutiquehoian.com\/vi\/dining\/\"},{\"@type\":\"ListItem\",\"position\":3,\"name\":\"Faifo Coffee &amp; Restaurant\"}]},{\"@type\":\"WebSite\",\"@id\":\"https:\/\/www.lanternboutiquehoian.com\/vi\/#website\",\"url\":\"https:\/\/www.lanternboutiquehoian.com\/vi\/\",\"name\":\"Lantern Boutique Hoi An\",\"description\":\"\",\"potentialAction\":[{\"@type\":\"SearchAction\",\"target\":{\"@type\":\"EntryPoint\",\"urlTemplate\":\"https:\/\/www.lanternboutiquehoian.com\/vi\/?s={search_term_string}\"},\"query-input\":\"required name=search_term_string\"}],\"inLanguage\":\"vi-VN\"}]}<\/script>\n<!-- \/ Yoast SEO plugin. -->","yoast_head_json":{"title":"Faifo Coffee &amp; Restaurant - Lantern Boutique Hoi An","robots":{"index":"index","follow":"follow","max-snippet":"max-snippet:-1","max-image-preview":"max-image-preview:large","max-video-preview":"max-video-preview:-1"},"canonical":"https:\/\/www.lanternboutiquehoian.com\/vi\/dining\/faifo-coffee-restaurant\/","og_locale":"vi_VN","og_type":"article","og_title":"Faifo Coffee &amp; Restaurant - Lantern Boutique Hoi An","og_description":"H\u00e3y \u0111\u1ec3 tr\u1ea3i nghi\u1ec7m c\u1ee7a b\u1ea1n l\u00e0 s\u1ef1 t\u1eadn h\u01b0\u1edfng tinh t\u1ebf c\u1ee7a v\u1ecb gi\u00e1c t\u1ea1i nh\u00e0 h\u00e0ng Faifo. N\u1ec1n \u1ea9m th\u1ef1c v\u01b0\u1ee3t truy\u1ec1n th\u1ed1ng v\u01b0\u1ee3t th\u1eddi gian \u0111\u01b0\u1ee3c t\u00e1i t\u1ea1o tr\u00ean ch\u1ea5t li\u1ec7u tinh t\u1ebf r\u1ea5t Vi\u1ec7t. L\u00e0 \u0111i\u1ec3m d\u1eebng cho b\u1eefa s\u00e1ng gi\u00e0u n\u0103ng l\u01b0\u1ee3ng hay b\u1eefa t\u1ed1i nh\u1eb9 nh\u00e0ng b\u00ean \u00e1nh s\u00e1ng [&hellip;]","og_url":"https:\/\/www.lanternboutiquehoian.com\/vi\/dining\/faifo-coffee-restaurant\/","og_site_name":"Lantern Boutique Hoi An","article_modified_time":"2026-03-19T07:38:50+00:00","twitter_card":"summary_large_image","twitter_misc":{"Est. reading time":"1 minute"},"schema":{"@context":"https:\/\/schema.org","@graph":[{"@type":"WebPage","@id":"https:\/\/www.lanternboutiquehoian.com\/vi\/dining\/faifo-coffee-restaurant\/","url":"https:\/\/www.lanternboutiquehoian.com\/vi\/dining\/faifo-coffee-restaurant\/","name":"Faifo Coffee &amp; Restaurant - Lantern Boutique Hoi An","isPartOf":{"@id":"https:\/\/www.lanternboutiquehoian.com\/vi\/#website"},"datePublished":"2025-12-30T03:54:55+00:00","dateModified":"2026-03-19T07:38:50+00:00","breadcrumb":{"@id":"https:\/\/www.lanternboutiquehoian.com\/vi\/dining\/faifo-coffee-restaurant\/#breadcrumb"},"inLanguage":"vi-VN","potentialAction":[{"@type":"ReadAction","target":["https:\/\/www.lanternboutiquehoian.com\/vi\/dining\/faifo-coffee-restaurant\/"]}]},{"@type":"BreadcrumbList","@id":"https:\/\/www.lanternboutiquehoian.com\/vi\/dining\/faifo-coffee-restaurant\/#breadcrumb","itemListElement":[{"@type":"ListItem","position":1,"name":"Home","item":"https:\/\/www.lanternboutiquehoian.com\/vi\/"},{"@type":"ListItem","position":2,"name":"\u1ea8m th\u1ef1c","item":"https:\/\/www.lanternboutiquehoian.com\/vi\/dining\/"},{"@type":"ListItem","position":3,"name":"Faifo Coffee &amp; Restaurant"}]},{"@type":"WebSite","@id":"https:\/\/www.lanternboutiquehoian.com\/vi\/#website","url":"https:\/\/www.lanternboutiquehoian.com\/vi\/","name":"Lantern Boutique Hoi An","description":"","potentialAction":[{"@type":"SearchAction","target":{"@type":"EntryPoint","urlTemplate":"https:\/\/www.lanternboutiquehoian.com\/vi\/?s={search_term_string}"},"query-input":"required name=search_term_string"}],"inLanguage":"vi-VN"}]}},"acf":[],"_links":{"self":[{"href":"https:\/\/www.lanternboutiquehoian.com\/vi\/wp-json\/wp\/v2\/pages\/176"}],"collection":[{"href":"https:\/\/www.lanternboutiquehoian.com\/vi\/wp-json\/wp\/v2\/pages"}],"about":[{"href":"https:\/\/www.lanternboutiquehoian.com\/vi\/wp-json\/wp\/v2\/types\/page"}],"author":[{"embeddable":true,"href":"https:\/\/www.lanternboutiquehoian.com\/vi\/wp-json\/wp\/v2\/users\/8"}],"replies":[{"embeddable":true,"href":"https:\/\/www.lanternboutiquehoian.com\/vi\/wp-json\/wp\/v2\/comments?post=176"}],"version-history":[{"count":0,"href":"https:\/\/www.lanternboutiquehoian.com\/vi\/wp-json\/wp\/v2\/pages\/176\/revisions"}],"up":[{"embeddable":true,"href":"https:\/\/www.lanternboutiquehoian.com\/vi\/wp-json\/wp\/v2\/pages\/25"}],"wp:attachment":[{"href":"https:\/\/www.lanternboutiquehoian.com\/vi\/wp-json\/wp\/v2\/media?parent=176"}],"curies":[{"name":"wp","href":"https:\/\/api.w.org\/{rel}","templated":true}]}}