{"id":171,"date":"2025-12-30T03:47:05","date_gmt":"2025-12-30T03:47:05","guid":{"rendered":"https:\/\/lanternboutiquehoian.ms2.decms.asia\/accommodations\/lantern-suite\/"},"modified":"2026-04-24T02:19:13","modified_gmt":"2026-04-24T02:19:13","slug":"lantern-suite","status":"publish","type":"page","link":"https:\/\/www.lanternboutiquehoian.com\/vi\/accommodations\/lantern-suite\/","title":{"rendered":"Lantern Suite"},"content":{"rendered":"<p>\u0110\u1eafm m\u00ecnh trong kh\u00f4ng gian ri\u00eang t\u01b0 v\u1edbi gi\u01b0\u1eddng \u00eam \u00e1i v\u00e0 ph\u00f2ng kh\u00e1ch \u0111\u01b0\u1ee3c thi\u1ebft k\u1ebf c\u1ea5p b\u1eadc trong m\u1ed9t kh\u00f4ng gian chung m\u1edf.<\/p>\n<p>C\u1ea3m nh\u1eadn \u00e1nh s\u00e1ng nh\u1eb9 nh\u00e0ng l\u01b0\u1edbt qua c\u00e1c c\u1eeda s\u1ed1 l\u1edbn l\u1ea5y s\u00e1ng.<\/p>\n<p>M\u1ed9t kh\u00f4ng gian y\u00ean t\u0129nh v\u00e0 thanh b\u00ecnh.<\/p>\n<p>&nbsp;<\/p>\n","protected":false},"excerpt":{"rendered":"<p>\u0110\u1eafm m\u00ecnh trong kh\u00f4ng gian ri\u00eang t\u01b0 v\u1edbi gi\u01b0\u1eddng \u00eam \u00e1i v\u00e0 ph\u00f2ng kh\u00e1ch \u0111\u01b0\u1ee3c thi\u1ebft k\u1ebf c\u1ea5p b\u1eadc trong m\u1ed9t kh\u00f4ng gian chung m\u1edf. C\u1ea3m nh\u1eadn \u00e1nh s\u00e1ng nh\u1eb9 nh\u00e0ng l\u01b0\u1edbt qua c\u00e1c c\u1eeda s\u1ed1 l\u1edbn l\u1ea5y s\u00e1ng. M\u1ed9t kh\u00f4ng gian y\u00ean t\u0129nh v\u00e0 thanh b\u00ecnh. &nbsp;<\/p>\n","protected":false},"author":8,"featured_media":290,"parent":10,"menu_order":3,"comment_status":"closed","ping_status":"closed","template":"template-single-room.php","meta":{"footnotes":""},"yoast_head":"<!-- This site is optimized with the Yoast SEO plugin v22.3 - https:\/\/yoast.com\/wordpress\/plugins\/seo\/ -->\n<title>Lantern Suite - Lantern Boutique Hoi An<\/title>\n<meta name=\"robots\" content=\"index, follow, max-snippet:-1, max-image-preview:large, max-video-preview:-1\" \/>\n<link rel=\"canonical\" href=\"https:\/\/www.lanternboutiquehoian.com\/vi\/accommodations\/lantern-suite\/\" \/>\n<meta property=\"og:locale\" content=\"vi_VN\" \/>\n<meta property=\"og:type\" content=\"article\" \/>\n<meta property=\"og:title\" content=\"Lantern Suite - Lantern Boutique Hoi An\" \/>\n<meta property=\"og:description\" content=\"\u0110\u1eafm m\u00ecnh trong kh\u00f4ng gian ri\u00eang t\u01b0 v\u1edbi gi\u01b0\u1eddng \u00eam \u00e1i v\u00e0 ph\u00f2ng kh\u00e1ch \u0111\u01b0\u1ee3c thi\u1ebft k\u1ebf c\u1ea5p b\u1eadc trong m\u1ed9t kh\u00f4ng gian chung m\u1edf. C\u1ea3m nh\u1eadn \u00e1nh s\u00e1ng nh\u1eb9 nh\u00e0ng l\u01b0\u1edbt qua c\u00e1c c\u1eeda s\u1ed1 l\u1edbn l\u1ea5y s\u00e1ng. M\u1ed9t kh\u00f4ng gian y\u00ean t\u0129nh v\u00e0 thanh b\u00ecnh. &nbsp;\" \/>\n<meta property=\"og:url\" content=\"https:\/\/www.lanternboutiquehoian.com\/vi\/accommodations\/lantern-suite\/\" \/>\n<meta property=\"og:site_name\" content=\"Lantern Boutique Hoi An\" \/>\n<meta property=\"article:modified_time\" content=\"2026-04-24T02:19:13+00:00\" \/>\n<meta property=\"og:image\" content=\"https:\/\/www.lanternboutiquehoian.com\/wp-content\/uploads\/sites\/146\/2026\/03\/A741537-HDR-copy-2.jpg\" \/>\n\t<meta property=\"og:image:width\" content=\"2200\" \/>\n\t<meta property=\"og:image:height\" content=\"1446\" \/>\n\t<meta property=\"og:image:type\" content=\"image\/jpeg\" \/>\n<meta name=\"twitter:card\" content=\"summary_large_image\" \/>\n<meta name=\"twitter:label1\" content=\"Est. reading time\" \/>\n\t<meta name=\"twitter:data1\" content=\"1 minute\" \/>\n<script type=\"application\/ld+json\" class=\"yoast-schema-graph\">{\"@context\":\"https:\/\/schema.org\",\"@graph\":[{\"@type\":\"WebPage\",\"@id\":\"https:\/\/www.lanternboutiquehoian.com\/vi\/accommodations\/lantern-suite\/\",\"url\":\"https:\/\/www.lanternboutiquehoian.com\/vi\/accommodations\/lantern-suite\/\",\"name\":\"Lantern Suite - Lantern Boutique Hoi An\",\"isPartOf\":{\"@id\":\"https:\/\/www.lanternboutiquehoian.com\/vi\/#website\"},\"primaryImageOfPage\":{\"@id\":\"https:\/\/www.lanternboutiquehoian.com\/vi\/accommodations\/lantern-suite\/#primaryimage\"},\"image\":{\"@id\":\"https:\/\/www.lanternboutiquehoian.com\/vi\/accommodations\/lantern-suite\/#primaryimage\"},\"thumbnailUrl\":\"https:\/\/www.lanternboutiquehoian.com\/wp-content\/uploads\/sites\/146\/2026\/03\/A741537-HDR-copy-2.jpg\",\"datePublished\":\"2025-12-30T03:47:05+00:00\",\"dateModified\":\"2026-04-24T02:19:13+00:00\",\"breadcrumb\":{\"@id\":\"https:\/\/www.lanternboutiquehoian.com\/vi\/accommodations\/lantern-suite\/#breadcrumb\"},\"inLanguage\":\"vi-VN\",\"potentialAction\":[{\"@type\":\"ReadAction\",\"target\":[\"https:\/\/www.lanternboutiquehoian.com\/vi\/accommodations\/lantern-suite\/\"]}]},{\"@type\":\"ImageObject\",\"inLanguage\":\"vi-VN\",\"@id\":\"https:\/\/www.lanternboutiquehoian.com\/vi\/accommodations\/lantern-suite\/#primaryimage\",\"url\":\"https:\/\/www.lanternboutiquehoian.com\/wp-content\/uploads\/sites\/146\/2026\/03\/A741537-HDR-copy-2.jpg\",\"contentUrl\":\"https:\/\/www.lanternboutiquehoian.com\/wp-content\/uploads\/sites\/146\/2026\/03\/A741537-HDR-copy-2.jpg\",\"width\":2200,\"height\":1446},{\"@type\":\"BreadcrumbList\",\"@id\":\"https:\/\/www.lanternboutiquehoian.com\/vi\/accommodations\/lantern-suite\/#breadcrumb\",\"itemListElement\":[{\"@type\":\"ListItem\",\"position\":1,\"name\":\"Home\",\"item\":\"https:\/\/www.lanternboutiquehoian.com\/vi\/\"},{\"@type\":\"ListItem\",\"position\":2,\"name\":\"Ph\u00f2ng ngh\u1ec9\",\"item\":\"https:\/\/www.lanternboutiquehoian.com\/vi\/accommodations\/\"},{\"@type\":\"ListItem\",\"position\":3,\"name\":\"Lantern Suite\"}]},{\"@type\":\"WebSite\",\"@id\":\"https:\/\/www.lanternboutiquehoian.com\/vi\/#website\",\"url\":\"https:\/\/www.lanternboutiquehoian.com\/vi\/\",\"name\":\"Lantern Boutique Hoi An\",\"description\":\"\",\"potentialAction\":[{\"@type\":\"SearchAction\",\"target\":{\"@type\":\"EntryPoint\",\"urlTemplate\":\"https:\/\/www.lanternboutiquehoian.com\/vi\/?s={search_term_string}\"},\"query-input\":\"required name=search_term_string\"}],\"inLanguage\":\"vi-VN\"}]}<\/script>\n<!-- \/ Yoast SEO plugin. -->","yoast_head_json":{"title":"Lantern Suite - Lantern Boutique Hoi An","robots":{"index":"index","follow":"follow","max-snippet":"max-snippet:-1","max-image-preview":"max-image-preview:large","max-video-preview":"max-video-preview:-1"},"canonical":"https:\/\/www.lanternboutiquehoian.com\/vi\/accommodations\/lantern-suite\/","og_locale":"vi_VN","og_type":"article","og_title":"Lantern Suite - Lantern Boutique Hoi An","og_description":"\u0110\u1eafm m\u00ecnh trong kh\u00f4ng gian ri\u00eang t\u01b0 v\u1edbi gi\u01b0\u1eddng \u00eam \u00e1i v\u00e0 ph\u00f2ng kh\u00e1ch \u0111\u01b0\u1ee3c thi\u1ebft k\u1ebf c\u1ea5p b\u1eadc trong m\u1ed9t kh\u00f4ng gian chung m\u1edf. C\u1ea3m nh\u1eadn \u00e1nh s\u00e1ng nh\u1eb9 nh\u00e0ng l\u01b0\u1edbt qua c\u00e1c c\u1eeda s\u1ed1 l\u1edbn l\u1ea5y s\u00e1ng. M\u1ed9t kh\u00f4ng gian y\u00ean t\u0129nh v\u00e0 thanh b\u00ecnh. &nbsp;","og_url":"https:\/\/www.lanternboutiquehoian.com\/vi\/accommodations\/lantern-suite\/","og_site_name":"Lantern Boutique Hoi An","article_modified_time":"2026-04-24T02:19:13+00:00","og_image":[{"width":2200,"height":1446,"url":"https:\/\/www.lanternboutiquehoian.com\/wp-content\/uploads\/sites\/146\/2026\/03\/A741537-HDR-copy-2.jpg","type":"image\/jpeg"}],"twitter_card":"summary_large_image","twitter_misc":{"Est. reading time":"1 minute"},"schema":{"@context":"https:\/\/schema.org","@graph":[{"@type":"WebPage","@id":"https:\/\/www.lanternboutiquehoian.com\/vi\/accommodations\/lantern-suite\/","url":"https:\/\/www.lanternboutiquehoian.com\/vi\/accommodations\/lantern-suite\/","name":"Lantern Suite - Lantern Boutique Hoi An","isPartOf":{"@id":"https:\/\/www.lanternboutiquehoian.com\/vi\/#website"},"primaryImageOfPage":{"@id":"https:\/\/www.lanternboutiquehoian.com\/vi\/accommodations\/lantern-suite\/#primaryimage"},"image":{"@id":"https:\/\/www.lanternboutiquehoian.com\/vi\/accommodations\/lantern-suite\/#primaryimage"},"thumbnailUrl":"https:\/\/www.lanternboutiquehoian.com\/wp-content\/uploads\/sites\/146\/2026\/03\/A741537-HDR-copy-2.jpg","datePublished":"2025-12-30T03:47:05+00:00","dateModified":"2026-04-24T02:19:13+00:00","breadcrumb":{"@id":"https:\/\/www.lanternboutiquehoian.com\/vi\/accommodations\/lantern-suite\/#breadcrumb"},"inLanguage":"vi-VN","potentialAction":[{"@type":"ReadAction","target":["https:\/\/www.lanternboutiquehoian.com\/vi\/accommodations\/lantern-suite\/"]}]},{"@type":"ImageObject","inLanguage":"vi-VN","@id":"https:\/\/www.lanternboutiquehoian.com\/vi\/accommodations\/lantern-suite\/#primaryimage","url":"https:\/\/www.lanternboutiquehoian.com\/wp-content\/uploads\/sites\/146\/2026\/03\/A741537-HDR-copy-2.jpg","contentUrl":"https:\/\/www.lanternboutiquehoian.com\/wp-content\/uploads\/sites\/146\/2026\/03\/A741537-HDR-copy-2.jpg","width":2200,"height":1446},{"@type":"BreadcrumbList","@id":"https:\/\/www.lanternboutiquehoian.com\/vi\/accommodations\/lantern-suite\/#breadcrumb","itemListElement":[{"@type":"ListItem","position":1,"name":"Home","item":"https:\/\/www.lanternboutiquehoian.com\/vi\/"},{"@type":"ListItem","position":2,"name":"Ph\u00f2ng ngh\u1ec9","item":"https:\/\/www.lanternboutiquehoian.com\/vi\/accommodations\/"},{"@type":"ListItem","position":3,"name":"Lantern Suite"}]},{"@type":"WebSite","@id":"https:\/\/www.lanternboutiquehoian.com\/vi\/#website","url":"https:\/\/www.lanternboutiquehoian.com\/vi\/","name":"Lantern Boutique Hoi An","description":"","potentialAction":[{"@type":"SearchAction","target":{"@type":"EntryPoint","urlTemplate":"https:\/\/www.lanternboutiquehoian.com\/vi\/?s={search_term_string}"},"query-input":"required name=search_term_string"}],"inLanguage":"vi-VN"}]}},"acf":[],"_links":{"self":[{"href":"https:\/\/www.lanternboutiquehoian.com\/vi\/wp-json\/wp\/v2\/pages\/171"}],"collection":[{"href":"https:\/\/www.lanternboutiquehoian.com\/vi\/wp-json\/wp\/v2\/pages"}],"about":[{"href":"https:\/\/www.lanternboutiquehoian.com\/vi\/wp-json\/wp\/v2\/types\/page"}],"author":[{"embeddable":true,"href":"https:\/\/www.lanternboutiquehoian.com\/vi\/wp-json\/wp\/v2\/users\/8"}],"replies":[{"embeddable":true,"href":"https:\/\/www.lanternboutiquehoian.com\/vi\/wp-json\/wp\/v2\/comments?post=171"}],"version-history":[{"count":0,"href":"https:\/\/www.lanternboutiquehoian.com\/vi\/wp-json\/wp\/v2\/pages\/171\/revisions"}],"up":[{"embeddable":true,"href":"https:\/\/www.lanternboutiquehoian.com\/vi\/wp-json\/wp\/v2\/pages\/10"}],"wp:featuredmedia":[{"embeddable":true,"href":"https:\/\/www.lanternboutiquehoian.com\/vi\/wp-json\/wp\/v2\/media\/290"}],"wp:attachment":[{"href":"https:\/\/www.lanternboutiquehoian.com\/vi\/wp-json\/wp\/v2\/media?parent=171"}],"curies":[{"name":"wp","href":"https:\/\/api.w.org\/{rel}","templated":true}]}}