{"id":170,"date":"2025-12-30T03:48:32","date_gmt":"2025-12-30T03:48:32","guid":{"rendered":"https:\/\/lanternboutiquehoian.ms2.decms.asia\/accommodations\/family-connecting-room\/"},"modified":"2026-04-16T03:18:32","modified_gmt":"2026-04-16T03:18:32","slug":"family-connecting-room","status":"publish","type":"page","link":"https:\/\/www.lanternboutiquehoian.com\/vi\/accommodations\/family-connecting-room\/","title":{"rendered":"Family Connecting Room"},"content":{"rendered":"<p>L\u00e0 kh\u00f4ng gian cho c\u00e1c chuy\u1ebfn \u0111i gia \u0111\u00ecnh nh\u1ecf v\u1edbi l\u1ef1a ch\u1ecdn 02 ph\u00f2ng gi\u01b0\u1eddng Double ho\u1eb7c 01 ph\u00f2ng gi\u01b0\u1eddng Double v\u00e0 01 ph\u00f2ng 02 gi\u01b0\u1eddng \u0111\u00f4i li\u00ean k\u1ebft qua c\u1eeda n\u1ed1i.<\/p>\n<p>C\u1ea3m nh\u1eadn s\u1ef1 t\u01b0\u01a1i s\u00e1ng H\u1ed9i An qua s\u1eafc v\u00e0ng c\u00f9ng v\u1edbi t\u00f4ng g\u1ed7 tr\u1ea7m \u1ea5m t\u1ea1o n\u00ean s\u1ef1 \u1ea5m \u00e1p cho k\u1ef3 ngh\u1ec9 c\u1ee7a b\u1ea1n.<\/p>\n<p>&nbsp;<\/p>\n","protected":false},"excerpt":{"rendered":"<p>L\u00e0 kh\u00f4ng gian cho c\u00e1c chuy\u1ebfn \u0111i gia \u0111\u00ecnh nh\u1ecf v\u1edbi l\u1ef1a ch\u1ecdn 02 ph\u00f2ng gi\u01b0\u1eddng Double ho\u1eb7c 01 ph\u00f2ng gi\u01b0\u1eddng Double v\u00e0 01 ph\u00f2ng 02 gi\u01b0\u1eddng \u0111\u00f4i li\u00ean k\u1ebft qua c\u1eeda n\u1ed1i. C\u1ea3m nh\u1eadn s\u1ef1 t\u01b0\u01a1i s\u00e1ng H\u1ed9i An qua s\u1eafc v\u00e0ng c\u00f9ng v\u1edbi t\u00f4ng g\u1ed7 tr\u1ea7m \u1ea5m t\u1ea1o n\u00ean s\u1ef1 \u1ea5m \u00e1p cho [&hellip;]<\/p>\n","protected":false},"author":8,"featured_media":294,"parent":10,"menu_order":3,"comment_status":"closed","ping_status":"closed","template":"template-single-room.php","meta":{"footnotes":""},"yoast_head":"<!-- This site is optimized with the Yoast SEO plugin v22.3 - https:\/\/yoast.com\/wordpress\/plugins\/seo\/ -->\n<title>Family Connecting Room - Lantern Boutique Hoi An<\/title>\n<meta name=\"robots\" content=\"index, follow, max-snippet:-1, max-image-preview:large, max-video-preview:-1\" \/>\n<link rel=\"canonical\" href=\"https:\/\/www.lanternboutiquehoian.com\/vi\/accommodations\/family-connecting-room\/\" \/>\n<meta property=\"og:locale\" content=\"vi_VN\" \/>\n<meta property=\"og:type\" content=\"article\" \/>\n<meta property=\"og:title\" content=\"Family Connecting Room - Lantern Boutique Hoi An\" \/>\n<meta property=\"og:description\" content=\"L\u00e0 kh\u00f4ng gian cho c\u00e1c chuy\u1ebfn \u0111i gia \u0111\u00ecnh nh\u1ecf v\u1edbi l\u1ef1a ch\u1ecdn 02 ph\u00f2ng gi\u01b0\u1eddng Double ho\u1eb7c 01 ph\u00f2ng gi\u01b0\u1eddng Double v\u00e0 01 ph\u00f2ng 02 gi\u01b0\u1eddng \u0111\u00f4i li\u00ean k\u1ebft qua c\u1eeda n\u1ed1i. C\u1ea3m nh\u1eadn s\u1ef1 t\u01b0\u01a1i s\u00e1ng H\u1ed9i An qua s\u1eafc v\u00e0ng c\u00f9ng v\u1edbi t\u00f4ng g\u1ed7 tr\u1ea7m \u1ea5m t\u1ea1o n\u00ean s\u1ef1 \u1ea5m \u00e1p cho [&hellip;]\" \/>\n<meta property=\"og:url\" content=\"https:\/\/www.lanternboutiquehoian.com\/vi\/accommodations\/family-connecting-room\/\" \/>\n<meta property=\"og:site_name\" content=\"Lantern Boutique Hoi An\" \/>\n<meta property=\"article:modified_time\" content=\"2026-04-16T03:18:32+00:00\" \/>\n<meta property=\"og:image\" content=\"https:\/\/www.lanternboutiquehoian.com\/wp-content\/uploads\/sites\/146\/2026\/03\/A741510-HDR-copy-2.jpg\" \/>\n\t<meta property=\"og:image:width\" content=\"2200\" \/>\n\t<meta property=\"og:image:height\" content=\"1465\" \/>\n\t<meta property=\"og:image:type\" content=\"image\/jpeg\" \/>\n<meta name=\"twitter:card\" content=\"summary_large_image\" \/>\n<meta name=\"twitter:label1\" content=\"Est. reading time\" \/>\n\t<meta name=\"twitter:data1\" content=\"1 minute\" \/>\n<script type=\"application\/ld+json\" class=\"yoast-schema-graph\">{\"@context\":\"https:\/\/schema.org\",\"@graph\":[{\"@type\":\"WebPage\",\"@id\":\"https:\/\/www.lanternboutiquehoian.com\/vi\/accommodations\/family-connecting-room\/\",\"url\":\"https:\/\/www.lanternboutiquehoian.com\/vi\/accommodations\/family-connecting-room\/\",\"name\":\"Family Connecting Room - Lantern Boutique Hoi An\",\"isPartOf\":{\"@id\":\"https:\/\/www.lanternboutiquehoian.com\/vi\/#website\"},\"primaryImageOfPage\":{\"@id\":\"https:\/\/www.lanternboutiquehoian.com\/vi\/accommodations\/family-connecting-room\/#primaryimage\"},\"image\":{\"@id\":\"https:\/\/www.lanternboutiquehoian.com\/vi\/accommodations\/family-connecting-room\/#primaryimage\"},\"thumbnailUrl\":\"https:\/\/www.lanternboutiquehoian.com\/wp-content\/uploads\/sites\/146\/2026\/03\/A741510-HDR-copy-2.jpg\",\"datePublished\":\"2025-12-30T03:48:32+00:00\",\"dateModified\":\"2026-04-16T03:18:32+00:00\",\"breadcrumb\":{\"@id\":\"https:\/\/www.lanternboutiquehoian.com\/vi\/accommodations\/family-connecting-room\/#breadcrumb\"},\"inLanguage\":\"vi-VN\",\"potentialAction\":[{\"@type\":\"ReadAction\",\"target\":[\"https:\/\/www.lanternboutiquehoian.com\/vi\/accommodations\/family-connecting-room\/\"]}]},{\"@type\":\"ImageObject\",\"inLanguage\":\"vi-VN\",\"@id\":\"https:\/\/www.lanternboutiquehoian.com\/vi\/accommodations\/family-connecting-room\/#primaryimage\",\"url\":\"https:\/\/www.lanternboutiquehoian.com\/wp-content\/uploads\/sites\/146\/2026\/03\/A741510-HDR-copy-2.jpg\",\"contentUrl\":\"https:\/\/www.lanternboutiquehoian.com\/wp-content\/uploads\/sites\/146\/2026\/03\/A741510-HDR-copy-2.jpg\",\"width\":2200,\"height\":1465},{\"@type\":\"BreadcrumbList\",\"@id\":\"https:\/\/www.lanternboutiquehoian.com\/vi\/accommodations\/family-connecting-room\/#breadcrumb\",\"itemListElement\":[{\"@type\":\"ListItem\",\"position\":1,\"name\":\"Home\",\"item\":\"https:\/\/www.lanternboutiquehoian.com\/vi\/\"},{\"@type\":\"ListItem\",\"position\":2,\"name\":\"Ph\u00f2ng ngh\u1ec9\",\"item\":\"https:\/\/www.lanternboutiquehoian.com\/vi\/accommodations\/\"},{\"@type\":\"ListItem\",\"position\":3,\"name\":\"Family Connecting Room\"}]},{\"@type\":\"WebSite\",\"@id\":\"https:\/\/www.lanternboutiquehoian.com\/vi\/#website\",\"url\":\"https:\/\/www.lanternboutiquehoian.com\/vi\/\",\"name\":\"Lantern Boutique Hoi An\",\"description\":\"\",\"potentialAction\":[{\"@type\":\"SearchAction\",\"target\":{\"@type\":\"EntryPoint\",\"urlTemplate\":\"https:\/\/www.lanternboutiquehoian.com\/vi\/?s={search_term_string}\"},\"query-input\":\"required name=search_term_string\"}],\"inLanguage\":\"vi-VN\"}]}<\/script>\n<!-- \/ Yoast SEO plugin. -->","yoast_head_json":{"title":"Family Connecting Room - Lantern Boutique Hoi An","robots":{"index":"index","follow":"follow","max-snippet":"max-snippet:-1","max-image-preview":"max-image-preview:large","max-video-preview":"max-video-preview:-1"},"canonical":"https:\/\/www.lanternboutiquehoian.com\/vi\/accommodations\/family-connecting-room\/","og_locale":"vi_VN","og_type":"article","og_title":"Family Connecting Room - Lantern Boutique Hoi An","og_description":"L\u00e0 kh\u00f4ng gian cho c\u00e1c chuy\u1ebfn \u0111i gia \u0111\u00ecnh nh\u1ecf v\u1edbi l\u1ef1a ch\u1ecdn 02 ph\u00f2ng gi\u01b0\u1eddng Double ho\u1eb7c 01 ph\u00f2ng gi\u01b0\u1eddng Double v\u00e0 01 ph\u00f2ng 02 gi\u01b0\u1eddng \u0111\u00f4i li\u00ean k\u1ebft qua c\u1eeda n\u1ed1i. C\u1ea3m nh\u1eadn s\u1ef1 t\u01b0\u01a1i s\u00e1ng H\u1ed9i An qua s\u1eafc v\u00e0ng c\u00f9ng v\u1edbi t\u00f4ng g\u1ed7 tr\u1ea7m \u1ea5m t\u1ea1o n\u00ean s\u1ef1 \u1ea5m \u00e1p cho [&hellip;]","og_url":"https:\/\/www.lanternboutiquehoian.com\/vi\/accommodations\/family-connecting-room\/","og_site_name":"Lantern Boutique Hoi An","article_modified_time":"2026-04-16T03:18:32+00:00","og_image":[{"width":2200,"height":1465,"url":"https:\/\/www.lanternboutiquehoian.com\/wp-content\/uploads\/sites\/146\/2026\/03\/A741510-HDR-copy-2.jpg","type":"image\/jpeg"}],"twitter_card":"summary_large_image","twitter_misc":{"Est. reading time":"1 minute"},"schema":{"@context":"https:\/\/schema.org","@graph":[{"@type":"WebPage","@id":"https:\/\/www.lanternboutiquehoian.com\/vi\/accommodations\/family-connecting-room\/","url":"https:\/\/www.lanternboutiquehoian.com\/vi\/accommodations\/family-connecting-room\/","name":"Family Connecting Room - Lantern Boutique Hoi An","isPartOf":{"@id":"https:\/\/www.lanternboutiquehoian.com\/vi\/#website"},"primaryImageOfPage":{"@id":"https:\/\/www.lanternboutiquehoian.com\/vi\/accommodations\/family-connecting-room\/#primaryimage"},"image":{"@id":"https:\/\/www.lanternboutiquehoian.com\/vi\/accommodations\/family-connecting-room\/#primaryimage"},"thumbnailUrl":"https:\/\/www.lanternboutiquehoian.com\/wp-content\/uploads\/sites\/146\/2026\/03\/A741510-HDR-copy-2.jpg","datePublished":"2025-12-30T03:48:32+00:00","dateModified":"2026-04-16T03:18:32+00:00","breadcrumb":{"@id":"https:\/\/www.lanternboutiquehoian.com\/vi\/accommodations\/family-connecting-room\/#breadcrumb"},"inLanguage":"vi-VN","potentialAction":[{"@type":"ReadAction","target":["https:\/\/www.lanternboutiquehoian.com\/vi\/accommodations\/family-connecting-room\/"]}]},{"@type":"ImageObject","inLanguage":"vi-VN","@id":"https:\/\/www.lanternboutiquehoian.com\/vi\/accommodations\/family-connecting-room\/#primaryimage","url":"https:\/\/www.lanternboutiquehoian.com\/wp-content\/uploads\/sites\/146\/2026\/03\/A741510-HDR-copy-2.jpg","contentUrl":"https:\/\/www.lanternboutiquehoian.com\/wp-content\/uploads\/sites\/146\/2026\/03\/A741510-HDR-copy-2.jpg","width":2200,"height":1465},{"@type":"BreadcrumbList","@id":"https:\/\/www.lanternboutiquehoian.com\/vi\/accommodations\/family-connecting-room\/#breadcrumb","itemListElement":[{"@type":"ListItem","position":1,"name":"Home","item":"https:\/\/www.lanternboutiquehoian.com\/vi\/"},{"@type":"ListItem","position":2,"name":"Ph\u00f2ng ngh\u1ec9","item":"https:\/\/www.lanternboutiquehoian.com\/vi\/accommodations\/"},{"@type":"ListItem","position":3,"name":"Family Connecting Room"}]},{"@type":"WebSite","@id":"https:\/\/www.lanternboutiquehoian.com\/vi\/#website","url":"https:\/\/www.lanternboutiquehoian.com\/vi\/","name":"Lantern Boutique Hoi An","description":"","potentialAction":[{"@type":"SearchAction","target":{"@type":"EntryPoint","urlTemplate":"https:\/\/www.lanternboutiquehoian.com\/vi\/?s={search_term_string}"},"query-input":"required name=search_term_string"}],"inLanguage":"vi-VN"}]}},"acf":[],"_links":{"self":[{"href":"https:\/\/www.lanternboutiquehoian.com\/vi\/wp-json\/wp\/v2\/pages\/170"}],"collection":[{"href":"https:\/\/www.lanternboutiquehoian.com\/vi\/wp-json\/wp\/v2\/pages"}],"about":[{"href":"https:\/\/www.lanternboutiquehoian.com\/vi\/wp-json\/wp\/v2\/types\/page"}],"author":[{"embeddable":true,"href":"https:\/\/www.lanternboutiquehoian.com\/vi\/wp-json\/wp\/v2\/users\/8"}],"replies":[{"embeddable":true,"href":"https:\/\/www.lanternboutiquehoian.com\/vi\/wp-json\/wp\/v2\/comments?post=170"}],"version-history":[{"count":0,"href":"https:\/\/www.lanternboutiquehoian.com\/vi\/wp-json\/wp\/v2\/pages\/170\/revisions"}],"up":[{"embeddable":true,"href":"https:\/\/www.lanternboutiquehoian.com\/vi\/wp-json\/wp\/v2\/pages\/10"}],"wp:featuredmedia":[{"embeddable":true,"href":"https:\/\/www.lanternboutiquehoian.com\/vi\/wp-json\/wp\/v2\/media\/294"}],"wp:attachment":[{"href":"https:\/\/www.lanternboutiquehoian.com\/vi\/wp-json\/wp\/v2\/media?parent=170"}],"curies":[{"name":"wp","href":"https:\/\/api.w.org\/{rel}","templated":true}]}}