{"id":169,"date":"2025-12-30T03:45:11","date_gmt":"2025-12-30T03:45:11","guid":{"rendered":"https:\/\/lanternboutiquehoian.ms2.decms.asia\/accommodations\/deluxe-garden-view\/"},"modified":"2026-04-16T03:20:58","modified_gmt":"2026-04-16T03:20:58","slug":"deluxe-garden-view","status":"publish","type":"page","link":"https:\/\/www.lanternboutiquehoian.com\/vi\/accommodations\/deluxe-garden-view\/","title":{"rendered":"Deluxe Garden View"},"content":{"rendered":"<p>C\u1ea3m nh\u1eadn v\u1ebb \u0111\u1eb9p c\u1ee7a s\u1ef1 thanh b\u00ecnh qua s\u1eafc v\u00e0ng h\u1eebng \u0111\u00f4ng ph\u1ea3n chi\u1ebfu tr\u00ean t\u1eebng m\u00e1i nh\u00e0 r\u1ef1c r\u1ee1.<\/p>\n<p>Tho\u00e1t kh\u1ecfi m\u1ecdi \u00e2u lo v\u1edbi ch\u00fat y\u00ean t\u0129nh.<\/p>\n<p>L\u1ef1a ch\u1ecdn gi\u1eefa 1 gi\u01b0\u1eddng Queen v\u00e0 2 gi\u01b0\u1eddng \u0111\u01a1n.<\/p>\n<p>&nbsp;<\/p>\n","protected":false},"excerpt":{"rendered":"<p>C\u1ea3m nh\u1eadn v\u1ebb \u0111\u1eb9p c\u1ee7a s\u1ef1 thanh b\u00ecnh qua s\u1eafc v\u00e0ng h\u1eebng \u0111\u00f4ng ph\u1ea3n chi\u1ebfu tr\u00ean t\u1eebng m\u00e1i nh\u00e0 r\u1ef1c r\u1ee1. Tho\u00e1t kh\u1ecfi m\u1ecdi \u00e2u lo v\u1edbi ch\u00fat y\u00ean t\u0129nh. L\u1ef1a ch\u1ecdn gi\u1eefa 1 gi\u01b0\u1eddng Queen v\u00e0 2 gi\u01b0\u1eddng \u0111\u01a1n. &nbsp;<\/p>\n","protected":false},"author":8,"featured_media":284,"parent":10,"menu_order":0,"comment_status":"closed","ping_status":"closed","template":"template-single-room.php","meta":{"footnotes":""},"yoast_head":"<!-- This site is optimized with the Yoast SEO plugin v22.3 - https:\/\/yoast.com\/wordpress\/plugins\/seo\/ -->\n<title>Deluxe Garden View - Lantern Boutique Hoi An<\/title>\n<meta name=\"robots\" content=\"index, follow, max-snippet:-1, max-image-preview:large, max-video-preview:-1\" \/>\n<link rel=\"canonical\" href=\"https:\/\/www.lanternboutiquehoian.com\/vi\/accommodations\/deluxe-garden-view\/\" \/>\n<meta property=\"og:locale\" content=\"vi_VN\" \/>\n<meta property=\"og:type\" content=\"article\" \/>\n<meta property=\"og:title\" content=\"Deluxe Garden View - Lantern Boutique Hoi An\" \/>\n<meta property=\"og:description\" content=\"C\u1ea3m nh\u1eadn v\u1ebb \u0111\u1eb9p c\u1ee7a s\u1ef1 thanh b\u00ecnh qua s\u1eafc v\u00e0ng h\u1eebng \u0111\u00f4ng ph\u1ea3n chi\u1ebfu tr\u00ean t\u1eebng m\u00e1i nh\u00e0 r\u1ef1c r\u1ee1. Tho\u00e1t kh\u1ecfi m\u1ecdi \u00e2u lo v\u1edbi ch\u00fat y\u00ean t\u0129nh. L\u1ef1a ch\u1ecdn gi\u1eefa 1 gi\u01b0\u1eddng Queen v\u00e0 2 gi\u01b0\u1eddng \u0111\u01a1n. &nbsp;\" \/>\n<meta property=\"og:url\" content=\"https:\/\/www.lanternboutiquehoian.com\/vi\/accommodations\/deluxe-garden-view\/\" \/>\n<meta property=\"og:site_name\" content=\"Lantern Boutique Hoi An\" \/>\n<meta property=\"article:modified_time\" content=\"2026-04-16T03:20:58+00:00\" \/>\n<meta property=\"og:image\" content=\"https:\/\/www.lanternboutiquehoian.com\/wp-content\/uploads\/sites\/146\/2026\/03\/A742349-HDR-copy-1.jpg\" \/>\n\t<meta property=\"og:image:width\" content=\"2200\" \/>\n\t<meta property=\"og:image:height\" content=\"1477\" \/>\n\t<meta property=\"og:image:type\" content=\"image\/jpeg\" \/>\n<meta name=\"twitter:card\" content=\"summary_large_image\" \/>\n<meta name=\"twitter:label1\" content=\"Est. reading time\" \/>\n\t<meta name=\"twitter:data1\" content=\"1 minute\" \/>\n<script type=\"application\/ld+json\" class=\"yoast-schema-graph\">{\"@context\":\"https:\/\/schema.org\",\"@graph\":[{\"@type\":\"WebPage\",\"@id\":\"https:\/\/www.lanternboutiquehoian.com\/vi\/accommodations\/deluxe-garden-view\/\",\"url\":\"https:\/\/www.lanternboutiquehoian.com\/vi\/accommodations\/deluxe-garden-view\/\",\"name\":\"Deluxe Garden View - Lantern Boutique Hoi An\",\"isPartOf\":{\"@id\":\"https:\/\/www.lanternboutiquehoian.com\/vi\/#website\"},\"primaryImageOfPage\":{\"@id\":\"https:\/\/www.lanternboutiquehoian.com\/vi\/accommodations\/deluxe-garden-view\/#primaryimage\"},\"image\":{\"@id\":\"https:\/\/www.lanternboutiquehoian.com\/vi\/accommodations\/deluxe-garden-view\/#primaryimage\"},\"thumbnailUrl\":\"https:\/\/www.lanternboutiquehoian.com\/wp-content\/uploads\/sites\/146\/2026\/03\/A742349-HDR-copy-1.jpg\",\"datePublished\":\"2025-12-30T03:45:11+00:00\",\"dateModified\":\"2026-04-16T03:20:58+00:00\",\"breadcrumb\":{\"@id\":\"https:\/\/www.lanternboutiquehoian.com\/vi\/accommodations\/deluxe-garden-view\/#breadcrumb\"},\"inLanguage\":\"vi-VN\",\"potentialAction\":[{\"@type\":\"ReadAction\",\"target\":[\"https:\/\/www.lanternboutiquehoian.com\/vi\/accommodations\/deluxe-garden-view\/\"]}]},{\"@type\":\"ImageObject\",\"inLanguage\":\"vi-VN\",\"@id\":\"https:\/\/www.lanternboutiquehoian.com\/vi\/accommodations\/deluxe-garden-view\/#primaryimage\",\"url\":\"https:\/\/www.lanternboutiquehoian.com\/wp-content\/uploads\/sites\/146\/2026\/03\/A742349-HDR-copy-1.jpg\",\"contentUrl\":\"https:\/\/www.lanternboutiquehoian.com\/wp-content\/uploads\/sites\/146\/2026\/03\/A742349-HDR-copy-1.jpg\",\"width\":2200,\"height\":1477},{\"@type\":\"BreadcrumbList\",\"@id\":\"https:\/\/www.lanternboutiquehoian.com\/vi\/accommodations\/deluxe-garden-view\/#breadcrumb\",\"itemListElement\":[{\"@type\":\"ListItem\",\"position\":1,\"name\":\"Home\",\"item\":\"https:\/\/www.lanternboutiquehoian.com\/vi\/\"},{\"@type\":\"ListItem\",\"position\":2,\"name\":\"Ph\u00f2ng ngh\u1ec9\",\"item\":\"https:\/\/www.lanternboutiquehoian.com\/vi\/accommodations\/\"},{\"@type\":\"ListItem\",\"position\":3,\"name\":\"Deluxe Garden View\"}]},{\"@type\":\"WebSite\",\"@id\":\"https:\/\/www.lanternboutiquehoian.com\/vi\/#website\",\"url\":\"https:\/\/www.lanternboutiquehoian.com\/vi\/\",\"name\":\"Lantern Boutique Hoi An\",\"description\":\"\",\"potentialAction\":[{\"@type\":\"SearchAction\",\"target\":{\"@type\":\"EntryPoint\",\"urlTemplate\":\"https:\/\/www.lanternboutiquehoian.com\/vi\/?s={search_term_string}\"},\"query-input\":\"required name=search_term_string\"}],\"inLanguage\":\"vi-VN\"}]}<\/script>\n<!-- \/ Yoast SEO plugin. -->","yoast_head_json":{"title":"Deluxe Garden View - Lantern Boutique Hoi An","robots":{"index":"index","follow":"follow","max-snippet":"max-snippet:-1","max-image-preview":"max-image-preview:large","max-video-preview":"max-video-preview:-1"},"canonical":"https:\/\/www.lanternboutiquehoian.com\/vi\/accommodations\/deluxe-garden-view\/","og_locale":"vi_VN","og_type":"article","og_title":"Deluxe Garden View - Lantern Boutique Hoi An","og_description":"C\u1ea3m nh\u1eadn v\u1ebb \u0111\u1eb9p c\u1ee7a s\u1ef1 thanh b\u00ecnh qua s\u1eafc v\u00e0ng h\u1eebng \u0111\u00f4ng ph\u1ea3n chi\u1ebfu tr\u00ean t\u1eebng m\u00e1i nh\u00e0 r\u1ef1c r\u1ee1. Tho\u00e1t kh\u1ecfi m\u1ecdi \u00e2u lo v\u1edbi ch\u00fat y\u00ean t\u0129nh. L\u1ef1a ch\u1ecdn gi\u1eefa 1 gi\u01b0\u1eddng Queen v\u00e0 2 gi\u01b0\u1eddng \u0111\u01a1n. &nbsp;","og_url":"https:\/\/www.lanternboutiquehoian.com\/vi\/accommodations\/deluxe-garden-view\/","og_site_name":"Lantern Boutique Hoi An","article_modified_time":"2026-04-16T03:20:58+00:00","og_image":[{"width":2200,"height":1477,"url":"https:\/\/www.lanternboutiquehoian.com\/wp-content\/uploads\/sites\/146\/2026\/03\/A742349-HDR-copy-1.jpg","type":"image\/jpeg"}],"twitter_card":"summary_large_image","twitter_misc":{"Est. reading time":"1 minute"},"schema":{"@context":"https:\/\/schema.org","@graph":[{"@type":"WebPage","@id":"https:\/\/www.lanternboutiquehoian.com\/vi\/accommodations\/deluxe-garden-view\/","url":"https:\/\/www.lanternboutiquehoian.com\/vi\/accommodations\/deluxe-garden-view\/","name":"Deluxe Garden View - Lantern Boutique Hoi An","isPartOf":{"@id":"https:\/\/www.lanternboutiquehoian.com\/vi\/#website"},"primaryImageOfPage":{"@id":"https:\/\/www.lanternboutiquehoian.com\/vi\/accommodations\/deluxe-garden-view\/#primaryimage"},"image":{"@id":"https:\/\/www.lanternboutiquehoian.com\/vi\/accommodations\/deluxe-garden-view\/#primaryimage"},"thumbnailUrl":"https:\/\/www.lanternboutiquehoian.com\/wp-content\/uploads\/sites\/146\/2026\/03\/A742349-HDR-copy-1.jpg","datePublished":"2025-12-30T03:45:11+00:00","dateModified":"2026-04-16T03:20:58+00:00","breadcrumb":{"@id":"https:\/\/www.lanternboutiquehoian.com\/vi\/accommodations\/deluxe-garden-view\/#breadcrumb"},"inLanguage":"vi-VN","potentialAction":[{"@type":"ReadAction","target":["https:\/\/www.lanternboutiquehoian.com\/vi\/accommodations\/deluxe-garden-view\/"]}]},{"@type":"ImageObject","inLanguage":"vi-VN","@id":"https:\/\/www.lanternboutiquehoian.com\/vi\/accommodations\/deluxe-garden-view\/#primaryimage","url":"https:\/\/www.lanternboutiquehoian.com\/wp-content\/uploads\/sites\/146\/2026\/03\/A742349-HDR-copy-1.jpg","contentUrl":"https:\/\/www.lanternboutiquehoian.com\/wp-content\/uploads\/sites\/146\/2026\/03\/A742349-HDR-copy-1.jpg","width":2200,"height":1477},{"@type":"BreadcrumbList","@id":"https:\/\/www.lanternboutiquehoian.com\/vi\/accommodations\/deluxe-garden-view\/#breadcrumb","itemListElement":[{"@type":"ListItem","position":1,"name":"Home","item":"https:\/\/www.lanternboutiquehoian.com\/vi\/"},{"@type":"ListItem","position":2,"name":"Ph\u00f2ng ngh\u1ec9","item":"https:\/\/www.lanternboutiquehoian.com\/vi\/accommodations\/"},{"@type":"ListItem","position":3,"name":"Deluxe Garden View"}]},{"@type":"WebSite","@id":"https:\/\/www.lanternboutiquehoian.com\/vi\/#website","url":"https:\/\/www.lanternboutiquehoian.com\/vi\/","name":"Lantern Boutique Hoi An","description":"","potentialAction":[{"@type":"SearchAction","target":{"@type":"EntryPoint","urlTemplate":"https:\/\/www.lanternboutiquehoian.com\/vi\/?s={search_term_string}"},"query-input":"required name=search_term_string"}],"inLanguage":"vi-VN"}]}},"acf":[],"_links":{"self":[{"href":"https:\/\/www.lanternboutiquehoian.com\/vi\/wp-json\/wp\/v2\/pages\/169"}],"collection":[{"href":"https:\/\/www.lanternboutiquehoian.com\/vi\/wp-json\/wp\/v2\/pages"}],"about":[{"href":"https:\/\/www.lanternboutiquehoian.com\/vi\/wp-json\/wp\/v2\/types\/page"}],"author":[{"embeddable":true,"href":"https:\/\/www.lanternboutiquehoian.com\/vi\/wp-json\/wp\/v2\/users\/8"}],"replies":[{"embeddable":true,"href":"https:\/\/www.lanternboutiquehoian.com\/vi\/wp-json\/wp\/v2\/comments?post=169"}],"version-history":[{"count":0,"href":"https:\/\/www.lanternboutiquehoian.com\/vi\/wp-json\/wp\/v2\/pages\/169\/revisions"}],"up":[{"embeddable":true,"href":"https:\/\/www.lanternboutiquehoian.com\/vi\/wp-json\/wp\/v2\/pages\/10"}],"wp:featuredmedia":[{"embeddable":true,"href":"https:\/\/www.lanternboutiquehoian.com\/vi\/wp-json\/wp\/v2\/media\/284"}],"wp:attachment":[{"href":"https:\/\/www.lanternboutiquehoian.com\/vi\/wp-json\/wp\/v2\/media?parent=169"}],"curies":[{"name":"wp","href":"https:\/\/api.w.org\/{rel}","templated":true}]}}