{"id":168,"date":"2025-12-30T03:36:18","date_gmt":"2025-12-30T03:36:18","guid":{"rendered":"https:\/\/lanternboutiquehoian.ms2.decms.asia\/accommodations\/superior-garden-view\/"},"modified":"2026-04-16T03:19:41","modified_gmt":"2026-04-16T03:19:41","slug":"superior-garden-view","status":"publish","type":"page","link":"https:\/\/www.lanternboutiquehoian.com\/vi\/accommodations\/superior-garden-view\/","title":{"rendered":"Superior Garden View"},"content":{"rendered":"<p>N\u00e1u m\u00ecnh t\u1ea1i c\u00e1c g\u00f3c t\u1ea7ng Tr\u1ec7t v\u00e0 t\u1ea7ng 1.<\/p>\n<p>V\u01b0\u1eddn c\u00e2y xanh m\u00e1t \u0111\u01b0a b\u1ea1n \u0111\u1ebfn v\u1edbi kh\u00f4ng gian \u0111\u1ea7y h\u1ee9ng kh\u1edfi H\u1ed9i An.<\/p>\n<p>L\u1ef1a ch\u1ecdn gi\u1eefa 1 gi\u01b0\u1eddng Queen ho\u1eb7c 2 gi\u01b0\u1eddng \u0111\u01a1n cho s\u1ef1 tho\u1ea3i m\u00e1i c\u1ee7a ri\u00eang m\u00ecnh t\u1ea1i n\u01a1i m\u1ed9c m\u1ea1c vi\u1ec5n \u0111\u00f4ng quy\u1ebfn r\u0169.<\/p>\n<p>&nbsp;<\/p>\n","protected":false},"excerpt":{"rendered":"<p>N\u00e1u m\u00ecnh t\u1ea1i c\u00e1c g\u00f3c t\u1ea7ng Tr\u1ec7t v\u00e0 t\u1ea7ng 1. V\u01b0\u1eddn c\u00e2y xanh m\u00e1t \u0111\u01b0a b\u1ea1n \u0111\u1ebfn v\u1edbi kh\u00f4ng gian \u0111\u1ea7y h\u1ee9ng kh\u1edfi H\u1ed9i An. L\u1ef1a ch\u1ecdn gi\u1eefa 1 gi\u01b0\u1eddng Queen ho\u1eb7c 2 gi\u01b0\u1eddng \u0111\u01a1n cho s\u1ef1 tho\u1ea3i m\u00e1i c\u1ee7a ri\u00eang m\u00ecnh t\u1ea1i n\u01a1i m\u1ed9c m\u1ea1c vi\u1ec5n \u0111\u00f4ng quy\u1ebfn r\u0169. &nbsp;<\/p>\n","protected":false},"author":8,"featured_media":277,"parent":10,"menu_order":0,"comment_status":"closed","ping_status":"closed","template":"template-single-room.php","meta":{"footnotes":""},"yoast_head":"<!-- This site is optimized with the Yoast SEO plugin v22.3 - https:\/\/yoast.com\/wordpress\/plugins\/seo\/ -->\n<title>Superior Garden View - Lantern Boutique Hoi An<\/title>\n<meta name=\"robots\" content=\"index, follow, max-snippet:-1, max-image-preview:large, max-video-preview:-1\" \/>\n<link rel=\"canonical\" href=\"https:\/\/www.lanternboutiquehoian.com\/vi\/accommodations\/superior-garden-view\/\" \/>\n<meta property=\"og:locale\" content=\"vi_VN\" \/>\n<meta property=\"og:type\" content=\"article\" \/>\n<meta property=\"og:title\" content=\"Superior Garden View - Lantern Boutique Hoi An\" \/>\n<meta property=\"og:description\" content=\"N\u00e1u m\u00ecnh t\u1ea1i c\u00e1c g\u00f3c t\u1ea7ng Tr\u1ec7t v\u00e0 t\u1ea7ng 1. V\u01b0\u1eddn c\u00e2y xanh m\u00e1t \u0111\u01b0a b\u1ea1n \u0111\u1ebfn v\u1edbi kh\u00f4ng gian \u0111\u1ea7y h\u1ee9ng kh\u1edfi H\u1ed9i An. L\u1ef1a ch\u1ecdn gi\u1eefa 1 gi\u01b0\u1eddng Queen ho\u1eb7c 2 gi\u01b0\u1eddng \u0111\u01a1n cho s\u1ef1 tho\u1ea3i m\u00e1i c\u1ee7a ri\u00eang m\u00ecnh t\u1ea1i n\u01a1i m\u1ed9c m\u1ea1c vi\u1ec5n \u0111\u00f4ng quy\u1ebfn r\u0169. &nbsp;\" \/>\n<meta property=\"og:url\" content=\"https:\/\/www.lanternboutiquehoian.com\/vi\/accommodations\/superior-garden-view\/\" \/>\n<meta property=\"og:site_name\" content=\"Lantern Boutique Hoi An\" \/>\n<meta property=\"article:modified_time\" content=\"2026-04-16T03:19:41+00:00\" \/>\n<meta property=\"og:image\" content=\"https:\/\/www.lanternboutiquehoian.com\/wp-content\/uploads\/sites\/146\/2026\/03\/A741245-HDR-copy-2.jpg\" \/>\n\t<meta property=\"og:image:width\" content=\"2200\" \/>\n\t<meta property=\"og:image:height\" content=\"1469\" \/>\n\t<meta property=\"og:image:type\" content=\"image\/jpeg\" \/>\n<meta name=\"twitter:card\" content=\"summary_large_image\" \/>\n<meta name=\"twitter:label1\" content=\"Est. reading time\" \/>\n\t<meta name=\"twitter:data1\" content=\"1 minute\" \/>\n<script type=\"application\/ld+json\" class=\"yoast-schema-graph\">{\"@context\":\"https:\/\/schema.org\",\"@graph\":[{\"@type\":\"WebPage\",\"@id\":\"https:\/\/www.lanternboutiquehoian.com\/vi\/accommodations\/superior-garden-view\/\",\"url\":\"https:\/\/www.lanternboutiquehoian.com\/vi\/accommodations\/superior-garden-view\/\",\"name\":\"Superior Garden View - Lantern Boutique Hoi An\",\"isPartOf\":{\"@id\":\"https:\/\/www.lanternboutiquehoian.com\/vi\/#website\"},\"primaryImageOfPage\":{\"@id\":\"https:\/\/www.lanternboutiquehoian.com\/vi\/accommodations\/superior-garden-view\/#primaryimage\"},\"image\":{\"@id\":\"https:\/\/www.lanternboutiquehoian.com\/vi\/accommodations\/superior-garden-view\/#primaryimage\"},\"thumbnailUrl\":\"https:\/\/www.lanternboutiquehoian.com\/wp-content\/uploads\/sites\/146\/2026\/03\/A741245-HDR-copy-2.jpg\",\"datePublished\":\"2025-12-30T03:36:18+00:00\",\"dateModified\":\"2026-04-16T03:19:41+00:00\",\"breadcrumb\":{\"@id\":\"https:\/\/www.lanternboutiquehoian.com\/vi\/accommodations\/superior-garden-view\/#breadcrumb\"},\"inLanguage\":\"vi-VN\",\"potentialAction\":[{\"@type\":\"ReadAction\",\"target\":[\"https:\/\/www.lanternboutiquehoian.com\/vi\/accommodations\/superior-garden-view\/\"]}]},{\"@type\":\"ImageObject\",\"inLanguage\":\"vi-VN\",\"@id\":\"https:\/\/www.lanternboutiquehoian.com\/vi\/accommodations\/superior-garden-view\/#primaryimage\",\"url\":\"https:\/\/www.lanternboutiquehoian.com\/wp-content\/uploads\/sites\/146\/2026\/03\/A741245-HDR-copy-2.jpg\",\"contentUrl\":\"https:\/\/www.lanternboutiquehoian.com\/wp-content\/uploads\/sites\/146\/2026\/03\/A741245-HDR-copy-2.jpg\",\"width\":2200,\"height\":1469},{\"@type\":\"BreadcrumbList\",\"@id\":\"https:\/\/www.lanternboutiquehoian.com\/vi\/accommodations\/superior-garden-view\/#breadcrumb\",\"itemListElement\":[{\"@type\":\"ListItem\",\"position\":1,\"name\":\"Home\",\"item\":\"https:\/\/www.lanternboutiquehoian.com\/vi\/\"},{\"@type\":\"ListItem\",\"position\":2,\"name\":\"Ph\u00f2ng ngh\u1ec9\",\"item\":\"https:\/\/www.lanternboutiquehoian.com\/vi\/accommodations\/\"},{\"@type\":\"ListItem\",\"position\":3,\"name\":\"Superior Garden View\"}]},{\"@type\":\"WebSite\",\"@id\":\"https:\/\/www.lanternboutiquehoian.com\/vi\/#website\",\"url\":\"https:\/\/www.lanternboutiquehoian.com\/vi\/\",\"name\":\"Lantern Boutique Hoi An\",\"description\":\"\",\"potentialAction\":[{\"@type\":\"SearchAction\",\"target\":{\"@type\":\"EntryPoint\",\"urlTemplate\":\"https:\/\/www.lanternboutiquehoian.com\/vi\/?s={search_term_string}\"},\"query-input\":\"required name=search_term_string\"}],\"inLanguage\":\"vi-VN\"}]}<\/script>\n<!-- \/ Yoast SEO plugin. -->","yoast_head_json":{"title":"Superior Garden View - Lantern Boutique Hoi An","robots":{"index":"index","follow":"follow","max-snippet":"max-snippet:-1","max-image-preview":"max-image-preview:large","max-video-preview":"max-video-preview:-1"},"canonical":"https:\/\/www.lanternboutiquehoian.com\/vi\/accommodations\/superior-garden-view\/","og_locale":"vi_VN","og_type":"article","og_title":"Superior Garden View - Lantern Boutique Hoi An","og_description":"N\u00e1u m\u00ecnh t\u1ea1i c\u00e1c g\u00f3c t\u1ea7ng Tr\u1ec7t v\u00e0 t\u1ea7ng 1. V\u01b0\u1eddn c\u00e2y xanh m\u00e1t \u0111\u01b0a b\u1ea1n \u0111\u1ebfn v\u1edbi kh\u00f4ng gian \u0111\u1ea7y h\u1ee9ng kh\u1edfi H\u1ed9i An. L\u1ef1a ch\u1ecdn gi\u1eefa 1 gi\u01b0\u1eddng Queen ho\u1eb7c 2 gi\u01b0\u1eddng \u0111\u01a1n cho s\u1ef1 tho\u1ea3i m\u00e1i c\u1ee7a ri\u00eang m\u00ecnh t\u1ea1i n\u01a1i m\u1ed9c m\u1ea1c vi\u1ec5n \u0111\u00f4ng quy\u1ebfn r\u0169. &nbsp;","og_url":"https:\/\/www.lanternboutiquehoian.com\/vi\/accommodations\/superior-garden-view\/","og_site_name":"Lantern Boutique Hoi An","article_modified_time":"2026-04-16T03:19:41+00:00","og_image":[{"width":2200,"height":1469,"url":"https:\/\/www.lanternboutiquehoian.com\/wp-content\/uploads\/sites\/146\/2026\/03\/A741245-HDR-copy-2.jpg","type":"image\/jpeg"}],"twitter_card":"summary_large_image","twitter_misc":{"Est. reading time":"1 minute"},"schema":{"@context":"https:\/\/schema.org","@graph":[{"@type":"WebPage","@id":"https:\/\/www.lanternboutiquehoian.com\/vi\/accommodations\/superior-garden-view\/","url":"https:\/\/www.lanternboutiquehoian.com\/vi\/accommodations\/superior-garden-view\/","name":"Superior Garden View - Lantern Boutique Hoi An","isPartOf":{"@id":"https:\/\/www.lanternboutiquehoian.com\/vi\/#website"},"primaryImageOfPage":{"@id":"https:\/\/www.lanternboutiquehoian.com\/vi\/accommodations\/superior-garden-view\/#primaryimage"},"image":{"@id":"https:\/\/www.lanternboutiquehoian.com\/vi\/accommodations\/superior-garden-view\/#primaryimage"},"thumbnailUrl":"https:\/\/www.lanternboutiquehoian.com\/wp-content\/uploads\/sites\/146\/2026\/03\/A741245-HDR-copy-2.jpg","datePublished":"2025-12-30T03:36:18+00:00","dateModified":"2026-04-16T03:19:41+00:00","breadcrumb":{"@id":"https:\/\/www.lanternboutiquehoian.com\/vi\/accommodations\/superior-garden-view\/#breadcrumb"},"inLanguage":"vi-VN","potentialAction":[{"@type":"ReadAction","target":["https:\/\/www.lanternboutiquehoian.com\/vi\/accommodations\/superior-garden-view\/"]}]},{"@type":"ImageObject","inLanguage":"vi-VN","@id":"https:\/\/www.lanternboutiquehoian.com\/vi\/accommodations\/superior-garden-view\/#primaryimage","url":"https:\/\/www.lanternboutiquehoian.com\/wp-content\/uploads\/sites\/146\/2026\/03\/A741245-HDR-copy-2.jpg","contentUrl":"https:\/\/www.lanternboutiquehoian.com\/wp-content\/uploads\/sites\/146\/2026\/03\/A741245-HDR-copy-2.jpg","width":2200,"height":1469},{"@type":"BreadcrumbList","@id":"https:\/\/www.lanternboutiquehoian.com\/vi\/accommodations\/superior-garden-view\/#breadcrumb","itemListElement":[{"@type":"ListItem","position":1,"name":"Home","item":"https:\/\/www.lanternboutiquehoian.com\/vi\/"},{"@type":"ListItem","position":2,"name":"Ph\u00f2ng ngh\u1ec9","item":"https:\/\/www.lanternboutiquehoian.com\/vi\/accommodations\/"},{"@type":"ListItem","position":3,"name":"Superior Garden View"}]},{"@type":"WebSite","@id":"https:\/\/www.lanternboutiquehoian.com\/vi\/#website","url":"https:\/\/www.lanternboutiquehoian.com\/vi\/","name":"Lantern Boutique Hoi An","description":"","potentialAction":[{"@type":"SearchAction","target":{"@type":"EntryPoint","urlTemplate":"https:\/\/www.lanternboutiquehoian.com\/vi\/?s={search_term_string}"},"query-input":"required name=search_term_string"}],"inLanguage":"vi-VN"}]}},"acf":[],"_links":{"self":[{"href":"https:\/\/www.lanternboutiquehoian.com\/vi\/wp-json\/wp\/v2\/pages\/168"}],"collection":[{"href":"https:\/\/www.lanternboutiquehoian.com\/vi\/wp-json\/wp\/v2\/pages"}],"about":[{"href":"https:\/\/www.lanternboutiquehoian.com\/vi\/wp-json\/wp\/v2\/types\/page"}],"author":[{"embeddable":true,"href":"https:\/\/www.lanternboutiquehoian.com\/vi\/wp-json\/wp\/v2\/users\/8"}],"replies":[{"embeddable":true,"href":"https:\/\/www.lanternboutiquehoian.com\/vi\/wp-json\/wp\/v2\/comments?post=168"}],"version-history":[{"count":0,"href":"https:\/\/www.lanternboutiquehoian.com\/vi\/wp-json\/wp\/v2\/pages\/168\/revisions"}],"up":[{"embeddable":true,"href":"https:\/\/www.lanternboutiquehoian.com\/vi\/wp-json\/wp\/v2\/pages\/10"}],"wp:featuredmedia":[{"embeddable":true,"href":"https:\/\/www.lanternboutiquehoian.com\/vi\/wp-json\/wp\/v2\/media\/277"}],"wp:attachment":[{"href":"https:\/\/www.lanternboutiquehoian.com\/vi\/wp-json\/wp\/v2\/media?parent=168"}],"curies":[{"name":"wp","href":"https:\/\/api.w.org\/{rel}","templated":true}]}}