{"id":161,"date":"2025-12-30T07:45:37","date_gmt":"2025-12-30T07:45:37","guid":{"rendered":"https:\/\/lanternboutiquehoian.ms2.decms.asia\/legal-notice\/"},"modified":"2026-04-08T02:30:35","modified_gmt":"2026-04-08T02:30:35","slug":"legal-notice","status":"publish","type":"page","link":"https:\/\/www.lanternboutiquehoian.com\/vi\/legal-notice\/","title":{"rendered":"Th\u00f4ng b\u00e1o ph\u00e1p l\u00fd"},"content":{"rendered":"<h4 style=\"text-align: left\">I. Ch\u00ednh s\u00e1ch b\u1ea3o m\u1eadt<\/h4>\n<p style=\"text-align: left\"><strong>1. M\u1ee5c \u0111\u00edch thu th\u1eadp th\u00f4ng tin c\u00e1 nh\u00e2n<\/strong><\/p>\n<p style=\"text-align: left\">Vi\u1ec7c thu th\u1eadp th\u00f4ng tin kh\u00e1ch h\u00e0ng nh\u1eb1m c\u00e1c m\u1ee5c \u0111\u00edch sau:<\/p>\n<ul style=\"text-align: left\">\n<li>H\u1ed7 tr\u1ee3 kh\u00e1ch h\u00e0ng trong qu\u00e1 tr\u00ecnh \u0111\u1eb7t ph\u00f2ng, thanh to\u00e1n v\u00e0 s\u1eed d\u1ee5ng d\u1ecbch v\u1ee5.<\/li>\n<li>Cung c\u1ea5p th\u00f4ng tin s\u1ea3n ph\u1ea9m, d\u1ecbch v\u1ee5 v\u00e0 h\u1ed7 tr\u1ee3 theo y\u00eau c\u1ea7u c\u1ee7a kh\u00e1ch h\u00e0ng.<\/li>\n<li>G\u1eedi th\u00f4ng b\u00e1o v\u1ec1 c\u00e1c ch\u01b0\u01a1ng tr\u00ecnh khuy\u1ebfn m\u00e3i v\u00e0 d\u1ecbch v\u1ee5 m\u1edbi.<\/li>\n<li>Gi\u1ea3i quy\u1ebft c\u00e1c v\u1ea5n \u0111\u1ec1 ph\u00e1t sinh trong qu\u00e1 tr\u00ecnh s\u1eed d\u1ee5ng d\u1ecbch v\u1ee5.<\/li>\n<\/ul>\n<p style=\"text-align: left\"><strong>2. Ph\u1ea1m vi thu th\u1eadp th\u00f4ng tin<\/strong><\/p>\n<p style=\"text-align: left\">Khi kh\u00e1ch h\u00e0ng \u0111\u1eb7t ph\u00f2ng tr\u00ean website, ch\u00fang t\u00f4i c\u00f3 th\u1ec3 thu th\u1eadp c\u00e1c th\u00f4ng tin sau:<\/p>\n<ul style=\"text-align: left\">\n<li>H\u1ecd v\u00e0 t\u00ean<\/li>\n<li>Email<\/li>\n<li>S\u1ed1 \u0111i\u1ec7n tho\u1ea1i<\/li>\n<li>\u0110\u1ecba ch\u1ec9<\/li>\n<\/ul>\n<p style=\"text-align: left\"><strong>3. Th\u1eddi gian l\u01b0u tr\u1eef th\u00f4ng tin<\/strong><\/p>\n<p style=\"text-align: left\">Th\u00f4ng tin c\u00e1 nh\u00e2n s\u1ebd \u0111\u01b0\u1ee3c l\u01b0u tr\u1eef cho \u0111\u1ebfn khi kh\u00e1ch h\u00e0ng y\u00eau c\u1ea7u h\u1ee7y b\u1ecf ho\u1eb7c t\u1ef1 \u0111\u0103ng nh\u1eadp \u0111\u1ec3 x\u00f3a th\u00f4ng tin. Trong m\u1ecdi tr\u01b0\u1eddng h\u1ee3p, d\u1eef li\u1ec7u s\u1ebd \u0111\u01b0\u1ee3c b\u1ea3o m\u1eadt tr\u00ean h\u1ec7 th\u1ed1ng m\u00e1y ch\u1ee7 c\u1ee7a lanternboutiquehoian.com.<\/p>\n<p style=\"text-align: left\"><strong>4. Nh\u1eefng t\u1ed5 ch\u1ee9c c\u00f3 th\u1ec3 ti\u1ebfp c\u1eadn th\u00f4ng tin<\/strong><\/p>\n<p style=\"text-align: left\">Th\u00f4ng tin c\u00e1 nh\u00e2n c\u00f3 th\u1ec3 \u0111\u01b0\u1ee3c chia s\u1ebb v\u1edbi:<\/p>\n<ul style=\"text-align: left\">\n<li>C\u00e1c \u0111\u01a1n v\u1ecb cung c\u1ea5p d\u1ecbch v\u1ee5 li\u00ean quan<\/li>\n<li>B\u1ed9 ph\u1eadn ch\u0103m s\u00f3c kh\u00e1ch h\u00e0ng c\u1ee7a c\u00f4ng ty<\/li>\n<li>\u0110\u1ed1i t\u00e1c tham gia c\u00e1c ch\u01b0\u01a1ng tr\u00ecnh li\u00ean k\u1ebft ho\u1eb7c thu\u00ea ngo\u00e0i<\/li>\n<li>C\u01a1 quan ph\u00e1p lu\u1eadt khi c\u00f3 y\u00eau c\u1ea7u<\/li>\n<li>B\u00ean nh\u1eadn chuy\u1ec3n giao trong tr\u01b0\u1eddng h\u1ee3p s\u00e1p nh\u1eadp ho\u1eb7c h\u1ee3p nh\u1ea5t doanh nghi\u1ec7p<\/li>\n<\/ul>\n<p style=\"text-align: left\"><strong>5. \u0110\u01a1n v\u1ecb qu\u1ea3n l\u00fd th\u00f4ng tin<\/strong><\/p>\n<p style=\"text-align: left\">T\u00ean doanh nghi\u1ec7p: C\u00d4NG TY C\u1ed4 PH\u1ea6N \u0110\u1ea6U T\u01af TH\u01af\u01a0NG M\u1ea0I V\u00c0 DU L\u1ecaCH HOA SEN<\/p>\n<p style=\"text-align: left\">Gi\u1ea5y ch\u1ee9ng nh\u1eadn \u0111\u0103ng k\u00fd doanh nghi\u1ec7p: 4001256273<\/p>\n<p style=\"text-align: left\">C\u1ea5p b\u1edfi: S\u1edf K\u1ebf ho\u1ea1ch v\u00e0 \u0110\u1ea7u t\u01b0 t\u1ec9nh Qu\u1ea3ng Nam (22\/08\/2022)<\/p>\n<p style=\"text-align: left\">\u0110\u1ecba ch\u1ec9: 330 C\u1eeda \u0110\u1ea1i, kh\u1ed1i S\u01a1n Ph\u00f4 2, ph\u01b0\u1eddng H\u1ed9i An \u0110\u00f4ng, Th\u00e0nh ph\u1ed1 \u0110\u00e0 N\u1eb5ng, Vi\u1ec7t Nam<\/p>\n<p style=\"text-align: left\"><strong>6. Truy c\u1eadp v\u00e0 ch\u1ec9nh s\u1eeda th\u00f4ng tin<\/strong><\/p>\n<p style=\"text-align: left\">Hotline: 0235 3923 357<br \/>\nEmail: itm@lanternboutiquehoian.com<\/p>\n<p style=\"text-align: left\">Ch\u00fang t\u00f4i cam k\u1ebft kh\u00f4ng chia s\u1ebb, b\u00e1n ho\u1eb7c cho thu\u00ea th\u00f4ng tin c\u00e1 nh\u00e2n c\u1ee7a kh\u00e1ch h\u00e0ng.<\/p>\n<p style=\"text-align: left\">Th\u00f4ng tin ch\u1ec9 \u0111\u01b0\u1ee3c s\u1eed d\u1ee5ng cho c\u00e1c m\u1ee5c \u0111\u00edch:<\/p>\n<ul style=\"text-align: left\">\n<li>N\u00e2ng cao ch\u1ea5t l\u01b0\u1ee3ng d\u1ecbch v\u1ee5<\/li>\n<li>Gi\u1ea3i quy\u1ebft tranh ch\u1ea5p ho\u1eb7c khi\u1ebfu n\u1ea1i<\/li>\n<li>Tu\u00e2n th\u1ee7 y\u00eau c\u1ea7u c\u1ee7a ph\u00e1p lu\u1eadt<\/li>\n<\/ul>\n<h4 style=\"text-align: left\">II. Ch\u00ednh s\u00e1ch \u0111\u1eb7t ph\u00f2ng &amp; thanh to\u00e1n<\/h4>\n<p style=\"text-align: left\">Sau khi xem th\u00f4ng tin ph\u00f2ng tr\u00ean website, kh\u00e1ch h\u00e0ng c\u00f3 th\u1ec3 \u0111\u1eb7t ph\u00f2ng theo hai c\u00e1ch:<\/p>\n<ul style=\"text-align: left\">\n<li><em><strong>C\u00e1ch 1:<\/strong><\/em> Li\u00ean h\u1ec7 tr\u1ef1c ti\u1ebfp qua \u0111i\u1ec7n tho\u1ea1i \u0111\u1ec3 \u0111\u01b0\u1ee3c t\u01b0 v\u1ea5n nhanh v\u1ec1 t\u00ecnh tr\u1ea1ng ph\u00f2ng.<\/li>\n<li><em><strong>C\u00e1ch 2:<\/strong><\/em> \u0110\u1eb7t ph\u00f2ng tr\u1ef1c ti\u1ebfp tr\u00ean website c\u1ee7a kh\u00e1ch s\u1ea1n.<\/li>\n<\/ul>\n<p style=\"text-align: left\"><strong>1. Th\u1eddi gian nh\u1eadn \u2013 tr\u1ea3 ph\u00f2ng<\/strong><\/p>\n<ul style=\"text-align: left\">\n<li><em><strong>Nh\u1eadn ph\u00f2ng:<\/strong><\/em> t\u1eeb 15:00<\/li>\n<li><em><strong>Tr\u1ea3 ph\u00f2ng:<\/strong><\/em> tr\u01b0\u1edbc 12:00 tr\u01b0a<\/li>\n<\/ul>\n<p style=\"text-align: left\">Nh\u1eadn ph\u00f2ng s\u1edbm ph\u1ee5 thu\u1ed9c v\u00e0o t\u00ecnh tr\u1ea1ng ph\u00f2ng v\u00e0 c\u00f3 th\u1ec3 ph\u00e1t sinh ph\u1ee5 ph\u00ed.<\/p>\n<p style=\"text-align: left\">C\u00e1c d\u1ecbch v\u1ee5 ngo\u00e0i \u0111\u1eb7t ph\u00f2ng s\u1ebd \u0111\u01b0\u1ee3c t\u00ednh ph\u00ed theo ch\u00ednh s\u00e1ch c\u1ee7a kh\u00e1ch s\u1ea1n.<\/p>\n<p style=\"text-align: left\"><strong>2. Ph\u01b0\u01a1ng th\u1ee9c thanh to\u00e1n<\/strong><\/p>\n<p style=\"text-align: left\">Sau khi \u0111\u1eb7t ph\u00f2ng, h\u1ec7 th\u1ed1ng s\u1ebd g\u1eedi email x\u00e1c nh\u1eadn. Kh\u00e1ch h\u00e0ng c\u1ea7n ho\u00e0n t\u1ea5t thanh to\u00e1n tr\u01b0\u1edbc th\u1eddi h\u1ea1n b\u1eb1ng m\u1ed9t trong c\u00e1c ph\u01b0\u01a1ng th\u1ee9c sau:<\/p>\n<p style=\"text-align: left\"><em><strong>Thanh to\u00e1n tr\u1ef1c tuy\u1ebfn<\/strong><\/em><\/p>\n<p style=\"text-align: left\">Kh\u00e1ch c\u00f3 th\u1ec3 thanh to\u00e1n online b\u1eb1ng th\u1ebb ATM ho\u1eb7c th\u1ebb t\u00edn d\u1ee5ng qu\u1ed1c t\u1ebf.<\/p>\n<p style=\"text-align: left\">N\u1ebfu h\u1ec7 th\u1ed1ng \u0111\u1eb7t ph\u00f2ng kh\u00f4ng k\u1ebft n\u1ed1i v\u1edbi c\u1ed5ng thanh to\u00e1n tr\u1ef1c tuy\u1ebfn, kh\u00e1ch s\u1ea1n s\u1ebd g\u1eedi li\u00ean k\u1ebft thanh to\u00e1n qua email.<\/p>\n<p style=\"text-align: left\">N\u1ebfu kh\u00f4ng thanh to\u00e1n tr\u01b0\u1edbc th\u1eddi h\u1ea1n, kh\u00e1ch s\u1ea1n c\u00f3 quy\u1ec1n h\u1ee7y \u0111\u1eb7t ph\u00f2ng.<\/p>\n<p style=\"text-align: left\"><em><strong>\u1ee6y quy\u1ec1n thanh to\u00e1n b\u1eb1ng th\u1ebb t\u00edn d\u1ee5ng<\/strong><\/em><\/p>\n<p style=\"text-align: left\">Khi thanh to\u00e1n tr\u1ef1c tuy\u1ebfn kh\u00f4ng kh\u1ea3 d\u1ee5ng, kh\u00e1ch s\u1ea1n s\u1ebd g\u1eedi bi\u1ec3u m\u1eabu \u1ee7y quy\u1ec1n thanh to\u00e1n b\u1eb1ng th\u1ebb t\u00edn d\u1ee5ng. Kh\u00e1ch c\u1ea7n \u0111i\u1ec1n \u0111\u1ea7y \u0111\u1ee7 th\u00f4ng tin, k\u00fd t\u00ean v\u00e0 g\u1eedi l\u1ea1i k\u00e8m b\u1ea3n sao th\u1ebb v\u00e0 gi\u1ea5y t\u1edd t\u00f9y th\u00e2n.<\/p>\n<p style=\"text-align: left\">Ch\u1ee7 th\u1ebb ph\u1ea3i xu\u1ea5t tr\u00ecnh th\u1ebb g\u1ed1c khi nh\u1eadn ph\u00f2ng \u0111\u1ec3 x\u00e1c th\u1ef1c.<\/p>\n<p style=\"text-align: left\">N\u1ebfu kh\u00e1ch kh\u00f4ng \u0111\u1ebfn nh\u1eadn ph\u00f2ng (no-show), s\u1ed1 ti\u1ec1n \u0111\u00e3 \u1ee7y quy\u1ec1n s\u1ebd b\u1ecb t\u00ednh ph\u00ed v\u00e0 kh\u00f4ng \u0111\u01b0\u1ee3c ho\u00e0n l\u1ea1i.<\/p>\n<p style=\"text-align: left\">Kh\u00e1ch l\u01b0u tr\u00fa t\u1ea1i kh\u00e1ch s\u1ea1n ph\u1ea3i l\u00e0 ch\u1ee7 th\u1ebb.<\/p>\n<p style=\"text-align: left\">Kh\u00e1ch s\u1ea1n c\u00f3 quy\u1ec1n h\u1ee7y \u0111\u1eb7t ph\u00f2ng n\u1ebfu kh\u00f4ng nh\u1eadn \u0111\u01b0\u1ee3c \u0111\u1ea7y \u0111\u1ee7 th\u00f4ng tin tr\u01b0\u1edbc th\u1eddi h\u1ea1n thanh to\u00e1n.<\/p>\n<p style=\"text-align: left\"><em><strong>Thanh to\u00e1n chuy\u1ec3n kho\u1ea3n<\/strong><\/em><\/p>\n<p style=\"text-align: left\">S\u1ed1 t\u00e0i kho\u1ea3n: 112002941609<\/p>\n<p style=\"text-align: left\">Ch\u1ee7 t\u00e0i kho\u1ea3n:<br \/>\nC\u00d4NG TY C\u1ed4 PH\u1ea6N \u0110\u1ea6U T\u01af TH\u01af\u01a0NG M\u1ea0I V\u00c0 DU L\u1ecaCH HOA SEN<\/p>\n<p style=\"text-align: left\">Ng\u00e2n h\u00e0ng: Vietinbank \u2013 CN H\u1ed9i An<\/p>\n<p style=\"text-align: left\">N\u1ed9i dung chuy\u1ec3n kho\u1ea3n c\u1ea7n ghi r\u00f5:<\/p>\n<ul style=\"text-align: left\">\n<li>H\u1ecd t\u00ean ng\u01b0\u1eddi g\u1eedi<\/li>\n<li>S\u1ed1 \u0111i\u1ec7n tho\u1ea1i<\/li>\n<li>M\u00e3 \u0111\u1eb7t ph\u00f2ng<\/li>\n<\/ul>\n<p style=\"text-align: left\">Kh\u00e1ch s\u1ea1n s\u1ebd x\u00e1c nh\u1eadn \u0111\u1eb7t ph\u00f2ng sau khi nh\u1eadn \u0111\u01b0\u1ee3c thanh to\u00e1n.<\/p>\n<p style=\"text-align: left\">N\u1ebfu kh\u00f4ng thanh to\u00e1n tr\u01b0\u1edbc th\u1eddi h\u1ea1n, \u0111\u1eb7t ph\u00f2ng c\u00f3 th\u1ec3 b\u1ecb h\u1ee7y.<\/p>\n<p style=\"text-align: left\"><em><strong>Thanh to\u00e1n tr\u1ef1c ti\u1ebfp<\/strong><\/em><\/p>\n<p style=\"text-align: left\">Kh\u00e1ch \u0111\u1eb7t ph\u00f2ng tr\u1ef1c ti\u1ebfp t\u1ea1i kh\u00e1ch s\u1ea1n c\u00f3 th\u1ec3 thanh to\u00e1n t\u1ea1i qu\u1ea7y l\u1ec5 t\u00e2n tr\u01b0\u1edbc khi nh\u1eadn ph\u00f2ng ho\u1eb7c tr\u01b0\u1edbc khi tr\u1ea3 ph\u00f2ng theo th\u1ecfa thu\u1eadn.<\/p>\n<p style=\"text-align: left\"><em><strong>B\u1ea3o m\u1eadt thanh to\u00e1n<\/strong><\/em><\/p>\n<p style=\"text-align: left\">Kh\u00e1ch s\u1ea1n kh\u00f4ng l\u01b0u tr\u1eef th\u00f4ng tin th\u1ebb t\u00edn d\u1ee5ng ho\u1eb7c t\u00e0i kho\u1ea3n ng\u00e2n h\u00e0ng tr\u00ean website. M\u1ecdi giao d\u1ecbch thanh to\u00e1n tr\u1ef1c tuy\u1ebfn \u0111\u01b0\u1ee3c x\u1eed l\u00fd th\u00f4ng qua c\u1ed5ng thanh to\u00e1n c\u1ee7a b\u00ean th\u1ee9 ba \u0111\u01b0\u1ee3c c\u1ea5p ph\u00e9p ho\u1ea1t \u0111\u1ed9ng t\u1ea1i Vi\u1ec7t Nam.<\/p>\n<h4 style=\"text-align: left\">III. \u0110i\u1ec1u kho\u1ea3n chung<\/h4>\n<p style=\"text-align: left\"><strong>1. Quy tr\u00ecnh gi\u1ea3i quy\u1ebft khi\u1ebfu n\u1ea1i<\/strong><\/p>\n<p style=\"text-align: left\">Kh\u00e1ch h\u00e0ng c\u00f3 th\u1ec3 khi\u1ebfu n\u1ea1i qua hotline.<br \/>\nKhi\u1ebfu n\u1ea1i s\u1ebd \u0111\u01b0\u1ee3c ti\u1ebfp nh\u1eadn trong 24 gi\u1edd v\u00e0 x\u1eed l\u00fd trong th\u1eddi gian s\u1edbm nh\u1ea5t.<\/p>\n<p style=\"text-align: left\"><strong>2. Ch\u00ednh s\u00e1ch \u0111\u1ed5i ph\u00f2ng \/ \u0111\u1ed5i ng\u00e0y<\/strong><\/p>\n<p style=\"text-align: left\">Kh\u00e1ch h\u00e0ng mu\u1ed1n thay \u0111\u1ed5i ph\u00f2ng ho\u1eb7c ng\u00e0y nh\u1eadn\/tr\u1ea3 ph\u00f2ng vui l\u00f2ng li\u00ean h\u1ec7 b\u1ed9 ph\u1eadn \u0111\u1eb7t ph\u00f2ng \u0111\u1ec3 \u0111\u01b0\u1ee3c h\u1ed7 tr\u1ee3.<\/p>\n<p style=\"text-align: left\"><strong>3. Ch\u00ednh s\u00e1ch h\u1ee7y ph\u00f2ng<\/strong><\/p>\n<p style=\"text-align: left\">N\u1ebfu kh\u00f4ng c\u00f3 ch\u00ednh s\u00e1ch c\u1ee5 th\u1ec3 trong \u0111\u01a1n \u0111\u1eb7t ph\u00f2ng:<\/p>\n<ul style=\"text-align: left\">\n<li>H\u1ee7y tr\u01b0\u1edbc 14 ng\u00e0y so v\u1edbi ng\u00e0y nh\u1eadn ph\u00f2ng: ho\u00e0n ti\u1ec1n 100%<\/li>\n<li>H\u1ee7y trong v\u00f2ng 14 ng\u00e0y: t\u00ednh ph\u00ed 100% ti\u1ec1n ph\u00f2ng<\/li>\n<li>No-show: t\u00ednh ph\u00ed 100% ti\u1ec1n ph\u00f2ng<\/li>\n<\/ul>\n<p style=\"text-align: left\"><strong>4. Ch\u00ednh s\u00e1ch ho\u00e0n ti\u1ec1n<\/strong><\/p>\n<p style=\"text-align: left\">Th\u1eddi gian ho\u00e0n ti\u1ec1n: 21 \u2013 30 ng\u00e0y l\u00e0m vi\u1ec7c t\u00f9y ng\u00e2n h\u00e0ng.<\/p>\n<p style=\"text-align: left\">H\u00ecnh th\u1ee9c ho\u00e0n ti\u1ec1n:<\/p>\n<ul style=\"text-align: left\">\n<li>Chuy\u1ec3n kho\u1ea3n ng\u00e2n h\u00e0ng ho\u1eb7c<\/li>\n<li>Ho\u00e0n l\u1ea1i th\u1ebb \u0111\u00e3 thanh to\u00e1n<\/li>\n<\/ul>\n<p style=\"text-align: left\">Ph\u00ed ho\u00e0n ti\u1ec1n: Mi\u1ec5n ph\u00ed<\/p>\n<p style=\"text-align: left\"><strong>5. L\u01b0u \u00fd<\/strong><\/p>\n<p style=\"text-align: left\">Ch\u00fang t\u00f4i c\u00f3 quy\u1ec1n thay \u0111\u1ed5i ch\u00ednh s\u00e1ch b\u1ea5t c\u1ee9 l\u00fac n\u00e0o m\u00e0 kh\u00f4ng c\u1ea7n th\u00f4ng b\u00e1o tr\u01b0\u1edbc.<\/p>\n<p style=\"text-align: left\">Ch\u00fang t\u00f4i kh\u00f4ng ch\u1ecbu tr\u00e1ch nhi\u1ec7m \u0111\u1ed1i v\u1edbi c\u00e1c thi\u1ec7t h\u1ea1i ph\u00e1t sinh do s\u1ef1 ki\u1ec7n b\u1ea5t kh\u1ea3 kh\u00e1ng nh\u01b0 thi\u00ean tai, chi\u1ebfn tranh ho\u1eb7c c\u00e1c t\u00ecnh hu\u1ed1ng ngo\u00e0i t\u1ea7m ki\u1ec3m so\u00e1t.<\/p>\n","protected":false},"excerpt":{"rendered":"<p>I. Ch\u00ednh s\u00e1ch b\u1ea3o m\u1eadt 1. M\u1ee5c \u0111\u00edch thu th\u1eadp th\u00f4ng tin c\u00e1 nh\u00e2n Vi\u1ec7c thu th\u1eadp th\u00f4ng tin kh\u00e1ch h\u00e0ng nh\u1eb1m c\u00e1c m\u1ee5c \u0111\u00edch sau: H\u1ed7 tr\u1ee3 kh\u00e1ch h\u00e0ng trong qu\u00e1 tr\u00ecnh \u0111\u1eb7t ph\u00f2ng, thanh to\u00e1n v\u00e0 s\u1eed d\u1ee5ng d\u1ecbch v\u1ee5. Cung c\u1ea5p th\u00f4ng tin s\u1ea3n ph\u1ea9m, d\u1ecbch v\u1ee5 v\u00e0 h\u1ed7 tr\u1ee3 theo y\u00eau [&hellip;]<\/p>\n","protected":false},"author":8,"featured_media":0,"parent":0,"menu_order":0,"comment_status":"closed","ping_status":"closed","template":"","meta":{"footnotes":""},"yoast_head":"<!-- This site is optimized with the Yoast SEO plugin v22.3 - https:\/\/yoast.com\/wordpress\/plugins\/seo\/ -->\n<title>Th\u00f4ng b\u00e1o ph\u00e1p l\u00fd - Lantern Boutique Hoi An<\/title>\n<meta name=\"robots\" content=\"index, follow, max-snippet:-1, max-image-preview:large, max-video-preview:-1\" \/>\n<link rel=\"canonical\" href=\"https:\/\/www.lanternboutiquehoian.com\/vi\/legal-notice\/\" \/>\n<meta property=\"og:locale\" content=\"vi_VN\" \/>\n<meta property=\"og:type\" content=\"article\" \/>\n<meta property=\"og:title\" content=\"Th\u00f4ng b\u00e1o ph\u00e1p l\u00fd - Lantern Boutique Hoi An\" \/>\n<meta property=\"og:description\" content=\"I. Ch\u00ednh s\u00e1ch b\u1ea3o m\u1eadt 1. M\u1ee5c \u0111\u00edch thu th\u1eadp th\u00f4ng tin c\u00e1 nh\u00e2n Vi\u1ec7c thu th\u1eadp th\u00f4ng tin kh\u00e1ch h\u00e0ng nh\u1eb1m c\u00e1c m\u1ee5c \u0111\u00edch sau: H\u1ed7 tr\u1ee3 kh\u00e1ch h\u00e0ng trong qu\u00e1 tr\u00ecnh \u0111\u1eb7t ph\u00f2ng, thanh to\u00e1n v\u00e0 s\u1eed d\u1ee5ng d\u1ecbch v\u1ee5. Cung c\u1ea5p th\u00f4ng tin s\u1ea3n ph\u1ea9m, d\u1ecbch v\u1ee5 v\u00e0 h\u1ed7 tr\u1ee3 theo y\u00eau [&hellip;]\" \/>\n<meta property=\"og:url\" content=\"https:\/\/www.lanternboutiquehoian.com\/vi\/legal-notice\/\" \/>\n<meta property=\"og:site_name\" content=\"Lantern Boutique Hoi An\" \/>\n<meta property=\"article:modified_time\" content=\"2026-04-08T02:30:35+00:00\" \/>\n<meta name=\"twitter:card\" content=\"summary_large_image\" \/>\n<meta name=\"twitter:label1\" content=\"Est. reading time\" \/>\n\t<meta name=\"twitter:data1\" content=\"5 minutes\" \/>\n<script type=\"application\/ld+json\" class=\"yoast-schema-graph\">{\"@context\":\"https:\/\/schema.org\",\"@graph\":[{\"@type\":\"WebPage\",\"@id\":\"https:\/\/www.lanternboutiquehoian.com\/vi\/legal-notice\/\",\"url\":\"https:\/\/www.lanternboutiquehoian.com\/vi\/legal-notice\/\",\"name\":\"Th\u00f4ng b\u00e1o ph\u00e1p l\u00fd - Lantern Boutique Hoi An\",\"isPartOf\":{\"@id\":\"https:\/\/www.lanternboutiquehoian.com\/vi\/#website\"},\"datePublished\":\"2025-12-30T07:45:37+00:00\",\"dateModified\":\"2026-04-08T02:30:35+00:00\",\"breadcrumb\":{\"@id\":\"https:\/\/www.lanternboutiquehoian.com\/vi\/legal-notice\/#breadcrumb\"},\"inLanguage\":\"vi-VN\",\"potentialAction\":[{\"@type\":\"ReadAction\",\"target\":[\"https:\/\/www.lanternboutiquehoian.com\/vi\/legal-notice\/\"]}]},{\"@type\":\"BreadcrumbList\",\"@id\":\"https:\/\/www.lanternboutiquehoian.com\/vi\/legal-notice\/#breadcrumb\",\"itemListElement\":[{\"@type\":\"ListItem\",\"position\":1,\"name\":\"Home\",\"item\":\"https:\/\/www.lanternboutiquehoian.com\/vi\/\"},{\"@type\":\"ListItem\",\"position\":2,\"name\":\"Th\u00f4ng b\u00e1o ph\u00e1p l\u00fd\"}]},{\"@type\":\"WebSite\",\"@id\":\"https:\/\/www.lanternboutiquehoian.com\/vi\/#website\",\"url\":\"https:\/\/www.lanternboutiquehoian.com\/vi\/\",\"name\":\"Lantern Boutique Hoi An\",\"description\":\"\",\"potentialAction\":[{\"@type\":\"SearchAction\",\"target\":{\"@type\":\"EntryPoint\",\"urlTemplate\":\"https:\/\/www.lanternboutiquehoian.com\/vi\/?s={search_term_string}\"},\"query-input\":\"required name=search_term_string\"}],\"inLanguage\":\"vi-VN\"}]}<\/script>\n<!-- \/ Yoast SEO plugin. -->","yoast_head_json":{"title":"Th\u00f4ng b\u00e1o ph\u00e1p l\u00fd - Lantern Boutique Hoi An","robots":{"index":"index","follow":"follow","max-snippet":"max-snippet:-1","max-image-preview":"max-image-preview:large","max-video-preview":"max-video-preview:-1"},"canonical":"https:\/\/www.lanternboutiquehoian.com\/vi\/legal-notice\/","og_locale":"vi_VN","og_type":"article","og_title":"Th\u00f4ng b\u00e1o ph\u00e1p l\u00fd - Lantern Boutique Hoi An","og_description":"I. Ch\u00ednh s\u00e1ch b\u1ea3o m\u1eadt 1. M\u1ee5c \u0111\u00edch thu th\u1eadp th\u00f4ng tin c\u00e1 nh\u00e2n Vi\u1ec7c thu th\u1eadp th\u00f4ng tin kh\u00e1ch h\u00e0ng nh\u1eb1m c\u00e1c m\u1ee5c \u0111\u00edch sau: H\u1ed7 tr\u1ee3 kh\u00e1ch h\u00e0ng trong qu\u00e1 tr\u00ecnh \u0111\u1eb7t ph\u00f2ng, thanh to\u00e1n v\u00e0 s\u1eed d\u1ee5ng d\u1ecbch v\u1ee5. Cung c\u1ea5p th\u00f4ng tin s\u1ea3n ph\u1ea9m, d\u1ecbch v\u1ee5 v\u00e0 h\u1ed7 tr\u1ee3 theo y\u00eau [&hellip;]","og_url":"https:\/\/www.lanternboutiquehoian.com\/vi\/legal-notice\/","og_site_name":"Lantern Boutique Hoi An","article_modified_time":"2026-04-08T02:30:35+00:00","twitter_card":"summary_large_image","twitter_misc":{"Est. reading time":"5 minutes"},"schema":{"@context":"https:\/\/schema.org","@graph":[{"@type":"WebPage","@id":"https:\/\/www.lanternboutiquehoian.com\/vi\/legal-notice\/","url":"https:\/\/www.lanternboutiquehoian.com\/vi\/legal-notice\/","name":"Th\u00f4ng b\u00e1o ph\u00e1p l\u00fd - Lantern Boutique Hoi An","isPartOf":{"@id":"https:\/\/www.lanternboutiquehoian.com\/vi\/#website"},"datePublished":"2025-12-30T07:45:37+00:00","dateModified":"2026-04-08T02:30:35+00:00","breadcrumb":{"@id":"https:\/\/www.lanternboutiquehoian.com\/vi\/legal-notice\/#breadcrumb"},"inLanguage":"vi-VN","potentialAction":[{"@type":"ReadAction","target":["https:\/\/www.lanternboutiquehoian.com\/vi\/legal-notice\/"]}]},{"@type":"BreadcrumbList","@id":"https:\/\/www.lanternboutiquehoian.com\/vi\/legal-notice\/#breadcrumb","itemListElement":[{"@type":"ListItem","position":1,"name":"Home","item":"https:\/\/www.lanternboutiquehoian.com\/vi\/"},{"@type":"ListItem","position":2,"name":"Th\u00f4ng b\u00e1o ph\u00e1p l\u00fd"}]},{"@type":"WebSite","@id":"https:\/\/www.lanternboutiquehoian.com\/vi\/#website","url":"https:\/\/www.lanternboutiquehoian.com\/vi\/","name":"Lantern Boutique Hoi An","description":"","potentialAction":[{"@type":"SearchAction","target":{"@type":"EntryPoint","urlTemplate":"https:\/\/www.lanternboutiquehoian.com\/vi\/?s={search_term_string}"},"query-input":"required name=search_term_string"}],"inLanguage":"vi-VN"}]}},"acf":[],"_links":{"self":[{"href":"https:\/\/www.lanternboutiquehoian.com\/vi\/wp-json\/wp\/v2\/pages\/161"}],"collection":[{"href":"https:\/\/www.lanternboutiquehoian.com\/vi\/wp-json\/wp\/v2\/pages"}],"about":[{"href":"https:\/\/www.lanternboutiquehoian.com\/vi\/wp-json\/wp\/v2\/types\/page"}],"author":[{"embeddable":true,"href":"https:\/\/www.lanternboutiquehoian.com\/vi\/wp-json\/wp\/v2\/users\/8"}],"replies":[{"embeddable":true,"href":"https:\/\/www.lanternboutiquehoian.com\/vi\/wp-json\/wp\/v2\/comments?post=161"}],"version-history":[{"count":0,"href":"https:\/\/www.lanternboutiquehoian.com\/vi\/wp-json\/wp\/v2\/pages\/161\/revisions"}],"wp:attachment":[{"href":"https:\/\/www.lanternboutiquehoian.com\/vi\/wp-json\/wp\/v2\/media?parent=161"}],"curies":[{"name":"wp","href":"https:\/\/api.w.org\/{rel}","templated":true}]}}