{"id":10,"date":"2025-12-30T03:34:14","date_gmt":"2025-12-30T03:34:14","guid":{"rendered":"https:\/\/lanternboutiquehoian.ms2.decms.asia\/accommodations\/"},"modified":"2026-04-11T04:53:27","modified_gmt":"2026-04-11T04:53:27","slug":"accommodations","status":"publish","type":"page","link":"https:\/\/www.lanternboutiquehoian.com\/vi\/accommodations\/","title":{"rendered":"Ph\u00f2ng ngh\u1ec9"},"content":{"rendered":"<p style=\"text-align: center\">M\u1ed9t ch\u1ed1n ngh\u1ec9 d\u01b0\u1ee1ng y\u00ean b\u00ecnh mang \u0111\u1ebfn c\u1ea3m gi\u00e1c th\u00e2n thu\u1ed9c nh\u01b0 tr\u1edf v\u1ec1 nh\u00e0.<\/p>\n<p style=\"text-align: center\">\nLantern Boutique Hoi An g\u1ed3m nh\u1eefng d\u00e3y nh\u00e0 th\u1ea5p t\u1ea7ng, \u0111\u01b0\u1ee3c bao quanh b\u1edfi khu v\u01b0\u1eddn xanh t\u01b0\u01a1i v\u00e0 nh\u1eefng l\u1ed1i m\u00f2n d\u1eabn \u0111\u1ebfn c\u00e1c ph\u00f2ng ngh\u1ec9. M\u1ed7i kh\u00f4ng gian l\u00e0 s\u1ef1 h\u00f2a quy\u1ec7n gi\u1eefa n\u00e9t m\u1ed9c m\u1ea1c Ph\u00e1p v\u00e0 tinh th\u1ea7n Vi\u1ec7t, mang l\u1ea1i c\u1ea3m gi\u00e1c an y\u00ean v\u00e0 g\u1ea7n g\u0169i nh\u01b0 \u0111ang s\u1ed1ng trong m\u1ed9t c\u0103n nh\u00e0 nh\u1ecf gi\u1eefa l\u00f2ng ph\u1ed1 c\u1ed5.<\/p>\n","protected":false},"excerpt":{"rendered":"<p>M\u1ed9t ch\u1ed1n ngh\u1ec9 d\u01b0\u1ee1ng y\u00ean b\u00ecnh mang \u0111\u1ebfn c\u1ea3m gi\u00e1c th\u00e2n thu\u1ed9c nh\u01b0 tr\u1edf v\u1ec1 nh\u00e0. Lantern Boutique Hoi An g\u1ed3m nh\u1eefng d\u00e3y nh\u00e0 th\u1ea5p t\u1ea7ng, \u0111\u01b0\u1ee3c bao quanh b\u1edfi khu v\u01b0\u1eddn xanh t\u01b0\u01a1i v\u00e0 nh\u1eefng l\u1ed1i m\u00f2n d\u1eabn \u0111\u1ebfn c\u00e1c ph\u00f2ng ngh\u1ec9. M\u1ed7i kh\u00f4ng gian l\u00e0 s\u1ef1 h\u00f2a quy\u1ec7n gi\u1eefa n\u00e9t m\u1ed9c m\u1ea1c Ph\u00e1p [&hellip;]<\/p>\n","protected":false},"author":8,"featured_media":294,"parent":0,"menu_order":0,"comment_status":"closed","ping_status":"closed","template":"template-rooms.php","meta":{"footnotes":""},"yoast_head":"<!-- This site is optimized with the Yoast SEO plugin v22.3 - https:\/\/yoast.com\/wordpress\/plugins\/seo\/ -->\n<title>Ph\u00f2ng ngh\u1ec9 - Lantern Boutique Hoi An<\/title>\n<meta name=\"robots\" content=\"index, follow, max-snippet:-1, max-image-preview:large, max-video-preview:-1\" \/>\n<link rel=\"canonical\" href=\"https:\/\/www.lanternboutiquehoian.com\/vi\/accommodations\/\" \/>\n<meta property=\"og:locale\" content=\"vi_VN\" \/>\n<meta property=\"og:type\" content=\"article\" \/>\n<meta property=\"og:title\" content=\"Ph\u00f2ng ngh\u1ec9 - Lantern Boutique Hoi An\" \/>\n<meta property=\"og:description\" content=\"M\u1ed9t ch\u1ed1n ngh\u1ec9 d\u01b0\u1ee1ng y\u00ean b\u00ecnh mang \u0111\u1ebfn c\u1ea3m gi\u00e1c th\u00e2n thu\u1ed9c nh\u01b0 tr\u1edf v\u1ec1 nh\u00e0. Lantern Boutique Hoi An g\u1ed3m nh\u1eefng d\u00e3y nh\u00e0 th\u1ea5p t\u1ea7ng, \u0111\u01b0\u1ee3c bao quanh b\u1edfi khu v\u01b0\u1eddn xanh t\u01b0\u01a1i v\u00e0 nh\u1eefng l\u1ed1i m\u00f2n d\u1eabn \u0111\u1ebfn c\u00e1c ph\u00f2ng ngh\u1ec9. M\u1ed7i kh\u00f4ng gian l\u00e0 s\u1ef1 h\u00f2a quy\u1ec7n gi\u1eefa n\u00e9t m\u1ed9c m\u1ea1c Ph\u00e1p [&hellip;]\" \/>\n<meta property=\"og:url\" content=\"https:\/\/www.lanternboutiquehoian.com\/vi\/accommodations\/\" \/>\n<meta property=\"og:site_name\" content=\"Lantern Boutique Hoi An\" \/>\n<meta property=\"article:modified_time\" content=\"2026-04-11T04:53:27+00:00\" \/>\n<meta property=\"og:image\" content=\"https:\/\/www.lanternboutiquehoian.com\/wp-content\/uploads\/sites\/146\/2026\/03\/A741510-HDR-copy-2.jpg\" \/>\n\t<meta property=\"og:image:width\" content=\"2200\" \/>\n\t<meta property=\"og:image:height\" content=\"1465\" \/>\n\t<meta property=\"og:image:type\" content=\"image\/jpeg\" \/>\n<meta name=\"twitter:card\" content=\"summary_large_image\" \/>\n<meta name=\"twitter:label1\" content=\"Est. reading time\" \/>\n\t<meta name=\"twitter:data1\" content=\"1 minute\" \/>\n<script type=\"application\/ld+json\" class=\"yoast-schema-graph\">{\"@context\":\"https:\/\/schema.org\",\"@graph\":[{\"@type\":\"WebPage\",\"@id\":\"https:\/\/www.lanternboutiquehoian.com\/vi\/accommodations\/\",\"url\":\"https:\/\/www.lanternboutiquehoian.com\/vi\/accommodations\/\",\"name\":\"Ph\u00f2ng ngh\u1ec9 - Lantern Boutique Hoi An\",\"isPartOf\":{\"@id\":\"https:\/\/www.lanternboutiquehoian.com\/vi\/#website\"},\"primaryImageOfPage\":{\"@id\":\"https:\/\/www.lanternboutiquehoian.com\/vi\/accommodations\/#primaryimage\"},\"image\":{\"@id\":\"https:\/\/www.lanternboutiquehoian.com\/vi\/accommodations\/#primaryimage\"},\"thumbnailUrl\":\"https:\/\/www.lanternboutiquehoian.com\/wp-content\/uploads\/sites\/146\/2026\/03\/A741510-HDR-copy-2.jpg\",\"datePublished\":\"2025-12-30T03:34:14+00:00\",\"dateModified\":\"2026-04-11T04:53:27+00:00\",\"breadcrumb\":{\"@id\":\"https:\/\/www.lanternboutiquehoian.com\/vi\/accommodations\/#breadcrumb\"},\"inLanguage\":\"vi-VN\",\"potentialAction\":[{\"@type\":\"ReadAction\",\"target\":[\"https:\/\/www.lanternboutiquehoian.com\/vi\/accommodations\/\"]}]},{\"@type\":\"ImageObject\",\"inLanguage\":\"vi-VN\",\"@id\":\"https:\/\/www.lanternboutiquehoian.com\/vi\/accommodations\/#primaryimage\",\"url\":\"https:\/\/www.lanternboutiquehoian.com\/wp-content\/uploads\/sites\/146\/2026\/03\/A741510-HDR-copy-2.jpg\",\"contentUrl\":\"https:\/\/www.lanternboutiquehoian.com\/wp-content\/uploads\/sites\/146\/2026\/03\/A741510-HDR-copy-2.jpg\",\"width\":2200,\"height\":1465},{\"@type\":\"BreadcrumbList\",\"@id\":\"https:\/\/www.lanternboutiquehoian.com\/vi\/accommodations\/#breadcrumb\",\"itemListElement\":[{\"@type\":\"ListItem\",\"position\":1,\"name\":\"Home\",\"item\":\"https:\/\/www.lanternboutiquehoian.com\/vi\/\"},{\"@type\":\"ListItem\",\"position\":2,\"name\":\"Ph\u00f2ng ngh\u1ec9\"}]},{\"@type\":\"WebSite\",\"@id\":\"https:\/\/www.lanternboutiquehoian.com\/vi\/#website\",\"url\":\"https:\/\/www.lanternboutiquehoian.com\/vi\/\",\"name\":\"Lantern Boutique Hoi An\",\"description\":\"\",\"potentialAction\":[{\"@type\":\"SearchAction\",\"target\":{\"@type\":\"EntryPoint\",\"urlTemplate\":\"https:\/\/www.lanternboutiquehoian.com\/vi\/?s={search_term_string}\"},\"query-input\":\"required name=search_term_string\"}],\"inLanguage\":\"vi-VN\"}]}<\/script>\n<!-- \/ Yoast SEO plugin. -->","yoast_head_json":{"title":"Ph\u00f2ng ngh\u1ec9 - Lantern Boutique Hoi An","robots":{"index":"index","follow":"follow","max-snippet":"max-snippet:-1","max-image-preview":"max-image-preview:large","max-video-preview":"max-video-preview:-1"},"canonical":"https:\/\/www.lanternboutiquehoian.com\/vi\/accommodations\/","og_locale":"vi_VN","og_type":"article","og_title":"Ph\u00f2ng ngh\u1ec9 - Lantern Boutique Hoi An","og_description":"M\u1ed9t ch\u1ed1n ngh\u1ec9 d\u01b0\u1ee1ng y\u00ean b\u00ecnh mang \u0111\u1ebfn c\u1ea3m gi\u00e1c th\u00e2n thu\u1ed9c nh\u01b0 tr\u1edf v\u1ec1 nh\u00e0. Lantern Boutique Hoi An g\u1ed3m nh\u1eefng d\u00e3y nh\u00e0 th\u1ea5p t\u1ea7ng, \u0111\u01b0\u1ee3c bao quanh b\u1edfi khu v\u01b0\u1eddn xanh t\u01b0\u01a1i v\u00e0 nh\u1eefng l\u1ed1i m\u00f2n d\u1eabn \u0111\u1ebfn c\u00e1c ph\u00f2ng ngh\u1ec9. M\u1ed7i kh\u00f4ng gian l\u00e0 s\u1ef1 h\u00f2a quy\u1ec7n gi\u1eefa n\u00e9t m\u1ed9c m\u1ea1c Ph\u00e1p [&hellip;]","og_url":"https:\/\/www.lanternboutiquehoian.com\/vi\/accommodations\/","og_site_name":"Lantern Boutique Hoi An","article_modified_time":"2026-04-11T04:53:27+00:00","og_image":[{"width":2200,"height":1465,"url":"https:\/\/www.lanternboutiquehoian.com\/wp-content\/uploads\/sites\/146\/2026\/03\/A741510-HDR-copy-2.jpg","type":"image\/jpeg"}],"twitter_card":"summary_large_image","twitter_misc":{"Est. reading time":"1 minute"},"schema":{"@context":"https:\/\/schema.org","@graph":[{"@type":"WebPage","@id":"https:\/\/www.lanternboutiquehoian.com\/vi\/accommodations\/","url":"https:\/\/www.lanternboutiquehoian.com\/vi\/accommodations\/","name":"Ph\u00f2ng ngh\u1ec9 - Lantern Boutique Hoi An","isPartOf":{"@id":"https:\/\/www.lanternboutiquehoian.com\/vi\/#website"},"primaryImageOfPage":{"@id":"https:\/\/www.lanternboutiquehoian.com\/vi\/accommodations\/#primaryimage"},"image":{"@id":"https:\/\/www.lanternboutiquehoian.com\/vi\/accommodations\/#primaryimage"},"thumbnailUrl":"https:\/\/www.lanternboutiquehoian.com\/wp-content\/uploads\/sites\/146\/2026\/03\/A741510-HDR-copy-2.jpg","datePublished":"2025-12-30T03:34:14+00:00","dateModified":"2026-04-11T04:53:27+00:00","breadcrumb":{"@id":"https:\/\/www.lanternboutiquehoian.com\/vi\/accommodations\/#breadcrumb"},"inLanguage":"vi-VN","potentialAction":[{"@type":"ReadAction","target":["https:\/\/www.lanternboutiquehoian.com\/vi\/accommodations\/"]}]},{"@type":"ImageObject","inLanguage":"vi-VN","@id":"https:\/\/www.lanternboutiquehoian.com\/vi\/accommodations\/#primaryimage","url":"https:\/\/www.lanternboutiquehoian.com\/wp-content\/uploads\/sites\/146\/2026\/03\/A741510-HDR-copy-2.jpg","contentUrl":"https:\/\/www.lanternboutiquehoian.com\/wp-content\/uploads\/sites\/146\/2026\/03\/A741510-HDR-copy-2.jpg","width":2200,"height":1465},{"@type":"BreadcrumbList","@id":"https:\/\/www.lanternboutiquehoian.com\/vi\/accommodations\/#breadcrumb","itemListElement":[{"@type":"ListItem","position":1,"name":"Home","item":"https:\/\/www.lanternboutiquehoian.com\/vi\/"},{"@type":"ListItem","position":2,"name":"Ph\u00f2ng ngh\u1ec9"}]},{"@type":"WebSite","@id":"https:\/\/www.lanternboutiquehoian.com\/vi\/#website","url":"https:\/\/www.lanternboutiquehoian.com\/vi\/","name":"Lantern Boutique Hoi An","description":"","potentialAction":[{"@type":"SearchAction","target":{"@type":"EntryPoint","urlTemplate":"https:\/\/www.lanternboutiquehoian.com\/vi\/?s={search_term_string}"},"query-input":"required name=search_term_string"}],"inLanguage":"vi-VN"}]}},"acf":[],"_links":{"self":[{"href":"https:\/\/www.lanternboutiquehoian.com\/vi\/wp-json\/wp\/v2\/pages\/10"}],"collection":[{"href":"https:\/\/www.lanternboutiquehoian.com\/vi\/wp-json\/wp\/v2\/pages"}],"about":[{"href":"https:\/\/www.lanternboutiquehoian.com\/vi\/wp-json\/wp\/v2\/types\/page"}],"author":[{"embeddable":true,"href":"https:\/\/www.lanternboutiquehoian.com\/vi\/wp-json\/wp\/v2\/users\/8"}],"replies":[{"embeddable":true,"href":"https:\/\/www.lanternboutiquehoian.com\/vi\/wp-json\/wp\/v2\/comments?post=10"}],"version-history":[{"count":0,"href":"https:\/\/www.lanternboutiquehoian.com\/vi\/wp-json\/wp\/v2\/pages\/10\/revisions"}],"wp:featuredmedia":[{"embeddable":true,"href":"https:\/\/www.lanternboutiquehoian.com\/vi\/wp-json\/wp\/v2\/media\/294"}],"wp:attachment":[{"href":"https:\/\/www.lanternboutiquehoian.com\/vi\/wp-json\/wp\/v2\/media?parent=10"}],"curies":[{"name":"wp","href":"https:\/\/api.w.org\/{rel}","templated":true}]}}